{"id":30484,"date":"2025-05-10T04:56:26","date_gmt":"2025-05-10T04:56:26","guid":{"rendered":"https:\/\/darkturquoise-squirrel-824428.hostingersite.com\/product\/dr-althea-creme-147-barrier-cream-3\/"},"modified":"2026-04-11T02:52:32","modified_gmt":"2026-04-11T02:52:32","slug":"dr-althea-creme-147-barrier-cream-3","status":"publish","type":"product","link":"https:\/\/gangnambeaute.com\/en\/product\/dr-althea-creme-147-barrier-cream-3\/","title":{"rendered":"Dr. Althea &#8211; 147 Barrier Cream &#8211; Cr\u00e8me 50ml"},"content":{"rendered":"<div class=\"Y3BBE\" data-sfc-cp=\"\" data-hveid=\"CAEIARAA\" data-processed=\"true\" data-complete=\"true\"><strong>Cette\u00a0cr\u00e8me \u00e0 l&rsquo;azul\u00e8ne apaise les irritations et r\u00e9pare intens\u00e9ment la barri\u00e8re protectrice des peaux sensibles et s\u00e8ches.<\/strong><\/div>\n<div class=\"Fsg96\" data-sfc-cp=\"\" data-complete=\"true\" data-processed=\"true\"><\/div>\n<p>&nbsp;<\/p>","protected":false},"excerpt":{"rendered":"<p><strong>Appliquez une quantit\u00e9 mod\u00e9r\u00e9e de produit sur le visage, puis massez jusqu&rsquo;\u00e0 absorption compl\u00e8te.<\/strong><\/p>","protected":false},"featured_media":44133,"comment_status":"open","ping_status":"closed","template":"","meta":[],"product_brand":[1047],"product_cat":[344,348,370,432,435],"product_tag":[],"class_list":{"0":"post-30484","1":"product","2":"type-product","3":"status-publish","4":"has-post-thumbnail","6":"product_brand-dr-althea-populare","7":"product_cat-skincare","8":"product_cat-soin-concentre","9":"product_cat-cremes","10":"product_cat-meilleurs-ventes","11":"product_cat-retour-en-stock","13":"first","14":"instock","15":"sale","16":"shipping-taxable","17":"purchasable","18":"product-type-simple"},"_links":{"self":[{"href":"https:\/\/gangnambeaute.com\/en\/wp-json\/wp\/v2\/product\/30484","targetHints":{"allow":["GET"]}}],"collection":[{"href":"https:\/\/gangnambeaute.com\/en\/wp-json\/wp\/v2\/product"}],"about":[{"href":"https:\/\/gangnambeaute.com\/en\/wp-json\/wp\/v2\/types\/product"}],"replies":[{"embeddable":true,"href":"https:\/\/gangnambeaute.com\/en\/wp-json\/wp\/v2\/comments?post=30484"}],"version-history":[{"count":5,"href":"https:\/\/gangnambeaute.com\/en\/wp-json\/wp\/v2\/product\/30484\/revisions"}],"predecessor-version":[{"id":42607,"href":"https:\/\/gangnambeaute.com\/en\/wp-json\/wp\/v2\/product\/30484\/revisions\/42607"}],"wp:featuredmedia":[{"embeddable":true,"href":"https:\/\/gangnambeaute.com\/en\/wp-json\/wp\/v2\/media\/44133"}],"wp:attachment":[{"href":"https:\/\/gangnambeaute.com\/en\/wp-json\/wp\/v2\/media?parent=30484"}],"wp:term":[{"taxonomy":"product_brand","embeddable":true,"href":"https:\/\/gangnambeaute.com\/en\/wp-json\/wp\/v2\/product_brand?post=30484"},{"taxonomy":"product_cat","embeddable":true,"href":"https:\/\/gangnambeaute.com\/en\/wp-json\/wp\/v2\/product_cat?post=30484"},{"taxonomy":"product_tag","embeddable":true,"href":"https:\/\/gangnambeaute.com\/en\/wp-json\/wp\/v2\/product_tag?post=30484"}],"curies":[{"name":"wp","href":"https:\/\/api.w.org\/{rel}","templated":true}]}}