{"id":30476,"date":"2025-05-10T04:56:25","date_gmt":"2025-05-10T04:56:25","guid":{"rendered":"https:\/\/darkturquoise-squirrel-824428.hostingersite.com\/product\/cosrx-advanced-snail-92-all-in-one-cream-creme-tout-en-un\/"},"modified":"2026-05-03T13:30:57","modified_gmt":"2026-05-03T13:30:57","slug":"cosrx-advanced-snail-92-all-in-one-cream-creme-tout-en-un","status":"publish","type":"product","link":"https:\/\/gangnambeaute.com\/en\/product\/cosrx-advanced-snail-92-all-in-one-cream-creme-tout-en-un\/","title":{"rendered":"COSRX &#8211; Advanced Snail 92 All In One Cream &#8211; Cr\u00e8me &#8211; 100g"},"content":{"rendered":"<p>&nbsp;<\/p>\n<div class=\"Y3BBE\" data-sfc-cp=\"\" data-hveid=\"CAEIAhAA\" data-complete=\"true\" data-processed=\"true\"><strong class=\"Yjhzub\" data-complete=\"true\" data-processed=\"true\">Cette cr\u00e8me culte contient 92 % de bave d&rsquo;escargot pour apaiser, r\u00e9parer et hydrater intens\u00e9ment la peau. Utilisable d\u00e8s le nettoyage, elle nourrit en profondeur et laisse un fini frais sans film gras. Appliquez une noisette sur le visage et tapotez pour faire p\u00e9n\u00e9trer.<\/strong><\/div>\n<p>&nbsp;<\/p>","protected":false},"excerpt":{"rendered":"<p><strong>\u00c0 utiliser lors de la derni\u00e8re \u00e9tape de votre routine de soin, appliquez une quantit\u00e9 appropri\u00e9e de produit sur peau nettoy\u00e9e et tapotez d\u00e9licatement du bout des doigts pour une meilleure absorption.<\/strong><\/p>","protected":false},"featured_media":42580,"comment_status":"open","ping_status":"closed","template":"","meta":[],"product_brand":[1048],"product_cat":[344,348,370],"product_tag":[585],"class_list":{"0":"post-30476","1":"product","2":"type-product","3":"status-publish","4":"has-post-thumbnail","6":"product_brand-cosrx-populare","7":"product_cat-skincare","8":"product_cat-soin-concentre","9":"product_cat-cremes","10":"product_tag-mv-home","12":"first","13":"instock","14":"sale","15":"shipping-taxable","16":"purchasable","17":"product-type-simple"},"_links":{"self":[{"href":"https:\/\/gangnambeaute.com\/en\/wp-json\/wp\/v2\/product\/30476","targetHints":{"allow":["GET"]}}],"collection":[{"href":"https:\/\/gangnambeaute.com\/en\/wp-json\/wp\/v2\/product"}],"about":[{"href":"https:\/\/gangnambeaute.com\/en\/wp-json\/wp\/v2\/types\/product"}],"replies":[{"embeddable":true,"href":"https:\/\/gangnambeaute.com\/en\/wp-json\/wp\/v2\/comments?post=30476"}],"version-history":[{"count":6,"href":"https:\/\/gangnambeaute.com\/en\/wp-json\/wp\/v2\/product\/30476\/revisions"}],"predecessor-version":[{"id":42413,"href":"https:\/\/gangnambeaute.com\/en\/wp-json\/wp\/v2\/product\/30476\/revisions\/42413"}],"wp:featuredmedia":[{"embeddable":true,"href":"https:\/\/gangnambeaute.com\/en\/wp-json\/wp\/v2\/media\/42580"}],"wp:attachment":[{"href":"https:\/\/gangnambeaute.com\/en\/wp-json\/wp\/v2\/media?parent=30476"}],"wp:term":[{"taxonomy":"product_brand","embeddable":true,"href":"https:\/\/gangnambeaute.com\/en\/wp-json\/wp\/v2\/product_brand?post=30476"},{"taxonomy":"product_cat","embeddable":true,"href":"https:\/\/gangnambeaute.com\/en\/wp-json\/wp\/v2\/product_cat?post=30476"},{"taxonomy":"product_tag","embeddable":true,"href":"https:\/\/gangnambeaute.com\/en\/wp-json\/wp\/v2\/product_tag?post=30476"}],"curies":[{"name":"wp","href":"https:\/\/api.w.org\/{rel}","templated":true}]}}