{"id":30469,"date":"2025-05-10T04:56:24","date_gmt":"2025-05-10T04:56:24","guid":{"rendered":"https:\/\/darkturquoise-squirrel-824428.hostingersite.com\/product\/beauty-of-joseon-calming-serum-serum\/"},"modified":"2026-05-11T13:42:00","modified_gmt":"2026-05-11T13:42:00","slug":"beauty-of-joseon-calming-serum-serum","status":"publish","type":"product","link":"https:\/\/gangnambeaute.com\/en\/product\/beauty-of-joseon-calming-serum-serum\/","title":{"rendered":"Beauty of Joseon &#8211; Calming Serum : Green tea + Panthenol &#8211; S\u00e9rum &#8211; 30 ml"},"content":{"rendered":"<p><strong>Ce s\u00e9rum au th\u00e9 vert et panth\u00e9nol apaise instantan\u00e9ment les rougeurs et hydrate les peaux sensibles pour un teint frais et repos\u00e9.<\/strong><\/p>","protected":false},"excerpt":{"rendered":"<p><strong>Tapotez quelques gouttes sur votre\u00a0visage propre\u00a0matin et soir avant d&rsquo;appliquer votre cr\u00e8me hydratante.<\/strong><\/p>","protected":false},"featured_media":43058,"comment_status":"open","ping_status":"closed","template":"","meta":[],"product_brand":[1063],"product_cat":[344,348,368,435],"product_tag":[],"class_list":{"0":"post-30469","1":"product","2":"type-product","3":"status-publish","4":"has-post-thumbnail","6":"product_brand-beauty-of-joseon","7":"product_cat-skincare","8":"product_cat-soin-concentre","9":"product_cat-serums","10":"product_cat-retour-en-stock","12":"first","13":"instock","14":"sale","15":"shipping-taxable","16":"purchasable","17":"product-type-simple"},"_links":{"self":[{"href":"https:\/\/gangnambeaute.com\/en\/wp-json\/wp\/v2\/product\/30469","targetHints":{"allow":["GET"]}}],"collection":[{"href":"https:\/\/gangnambeaute.com\/en\/wp-json\/wp\/v2\/product"}],"about":[{"href":"https:\/\/gangnambeaute.com\/en\/wp-json\/wp\/v2\/types\/product"}],"replies":[{"embeddable":true,"href":"https:\/\/gangnambeaute.com\/en\/wp-json\/wp\/v2\/comments?post=30469"}],"version-history":[{"count":6,"href":"https:\/\/gangnambeaute.com\/en\/wp-json\/wp\/v2\/product\/30469\/revisions"}],"predecessor-version":[{"id":43059,"href":"https:\/\/gangnambeaute.com\/en\/wp-json\/wp\/v2\/product\/30469\/revisions\/43059"}],"wp:featuredmedia":[{"embeddable":true,"href":"https:\/\/gangnambeaute.com\/en\/wp-json\/wp\/v2\/media\/43058"}],"wp:attachment":[{"href":"https:\/\/gangnambeaute.com\/en\/wp-json\/wp\/v2\/media?parent=30469"}],"wp:term":[{"taxonomy":"product_brand","embeddable":true,"href":"https:\/\/gangnambeaute.com\/en\/wp-json\/wp\/v2\/product_brand?post=30469"},{"taxonomy":"product_cat","embeddable":true,"href":"https:\/\/gangnambeaute.com\/en\/wp-json\/wp\/v2\/product_cat?post=30469"},{"taxonomy":"product_tag","embeddable":true,"href":"https:\/\/gangnambeaute.com\/en\/wp-json\/wp\/v2\/product_tag?post=30469"}],"curies":[{"name":"wp","href":"https:\/\/api.w.org\/{rel}","templated":true}]}}