{"id":30464,"date":"2025-05-10T04:56:24","date_gmt":"2025-05-10T04:56:24","guid":{"rendered":"https:\/\/darkturquoise-squirrel-824428.hostingersite.com\/product\/cosrx-the-hyaluronic-acid-3-serum-serum\/"},"modified":"2026-04-11T02:52:27","modified_gmt":"2026-04-11T02:52:27","slug":"cosrx-the-hyaluronic-acid-3-serum-serum","status":"publish","type":"product","link":"https:\/\/gangnambeaute.com\/en\/product\/cosrx-the-hyaluronic-acid-3-serum-serum\/","title":{"rendered":"COSRX &#8211; The Hyaluronic Acid 3 Serum &#8211; S\u00e9rum &#8211; 20ml"},"content":{"rendered":"<p><strong>Ce s\u00e9rum sert \u00e0\u00a0repulper la peau et \u00e0 l&rsquo;hydrater intens\u00e9ment en profondeur gr\u00e2ce \u00e0 une concentration de 3 % d&rsquo;acide hyaluronique.<\/strong><\/p>","protected":false},"excerpt":{"rendered":"<p><strong>Appliquez 2 \u00e0 3 gouttes sur votre\u00a0visage humide\u00a0(ou apr\u00e8s le tonique) et tapotez doucement jusqu&rsquo;\u00e0 absorption compl\u00e8te.<\/strong><\/p>","protected":false},"featured_media":43570,"comment_status":"open","ping_status":"closed","template":"","meta":[],"product_brand":[1048],"product_cat":[344,348,368,434],"product_tag":[586],"class_list":{"0":"post-30464","1":"product","2":"type-product","3":"status-publish","4":"has-post-thumbnail","6":"product_brand-cosrx-populare","7":"product_cat-skincare","8":"product_cat-soin-concentre","9":"product_cat-serums","10":"product_cat-nouveautes","11":"product_tag-ligne-rx","13":"first","14":"outofstock","15":"sale","16":"shipping-taxable","17":"purchasable","18":"product-type-simple"},"_links":{"self":[{"href":"https:\/\/gangnambeaute.com\/en\/wp-json\/wp\/v2\/product\/30464","targetHints":{"allow":["GET"]}}],"collection":[{"href":"https:\/\/gangnambeaute.com\/en\/wp-json\/wp\/v2\/product"}],"about":[{"href":"https:\/\/gangnambeaute.com\/en\/wp-json\/wp\/v2\/types\/product"}],"replies":[{"embeddable":true,"href":"https:\/\/gangnambeaute.com\/en\/wp-json\/wp\/v2\/comments?post=30464"}],"version-history":[{"count":5,"href":"https:\/\/gangnambeaute.com\/en\/wp-json\/wp\/v2\/product\/30464\/revisions"}],"predecessor-version":[{"id":43571,"href":"https:\/\/gangnambeaute.com\/en\/wp-json\/wp\/v2\/product\/30464\/revisions\/43571"}],"wp:featuredmedia":[{"embeddable":true,"href":"https:\/\/gangnambeaute.com\/en\/wp-json\/wp\/v2\/media\/43570"}],"wp:attachment":[{"href":"https:\/\/gangnambeaute.com\/en\/wp-json\/wp\/v2\/media?parent=30464"}],"wp:term":[{"taxonomy":"product_brand","embeddable":true,"href":"https:\/\/gangnambeaute.com\/en\/wp-json\/wp\/v2\/product_brand?post=30464"},{"taxonomy":"product_cat","embeddable":true,"href":"https:\/\/gangnambeaute.com\/en\/wp-json\/wp\/v2\/product_cat?post=30464"},{"taxonomy":"product_tag","embeddable":true,"href":"https:\/\/gangnambeaute.com\/en\/wp-json\/wp\/v2\/product_tag?post=30464"}],"curies":[{"name":"wp","href":"https:\/\/api.w.org\/{rel}","templated":true}]}}