{"id":30461,"date":"2025-05-10T04:56:24","date_gmt":"2025-05-10T04:56:24","guid":{"rendered":"https:\/\/darkturquoise-squirrel-824428.hostingersite.com\/product\/beauty-of-joseon-light-on-serum-centella-vita-c-serum-eclaircissant\/"},"modified":"2026-04-28T10:20:45","modified_gmt":"2026-04-28T10:20:45","slug":"beauty-of-joseon-light-on-serum-centella-vita-c-serum-eclaircissant","status":"publish","type":"product","link":"https:\/\/gangnambeaute.com\/en\/product\/beauty-of-joseon-light-on-serum-centella-vita-c-serum-eclaircissant\/","title":{"rendered":"Beauty of Joseon &#8211; Light On Serum Centella + Vita C &#8211; 30 ml"},"content":{"rendered":"<p><strong>Ce s\u00e9rum \u00e0 la vitamine C et Centella Asiatica illumine le teint et att\u00e9nue les taches tout en apaisant les peaux sensibles.<\/strong><\/p>","protected":false},"excerpt":{"rendered":"<p><strong>Appliquez quelques gouttes sur\u00a0visage propre\u00a0le matin, puis appliquez imp\u00e9rativement une\u00a0protection solaire.<\/strong><\/p>","protected":false},"featured_media":44482,"comment_status":"open","ping_status":"closed","template":"","meta":[],"product_brand":[1063],"product_cat":[344,348,349,368,433],"product_tag":[],"class_list":{"0":"post-30461","1":"product","2":"type-product","3":"status-publish","4":"has-post-thumbnail","6":"product_brand-beauty-of-joseon","7":"product_cat-skincare","8":"product_cat-soin-concentre","9":"product_cat-vitamine-c","10":"product_cat-serums","11":"product_cat-promotion-dete","13":"first","14":"instock","15":"sale","16":"shipping-taxable","17":"purchasable","18":"product-type-simple"},"_links":{"self":[{"href":"https:\/\/gangnambeaute.com\/en\/wp-json\/wp\/v2\/product\/30461","targetHints":{"allow":["GET"]}}],"collection":[{"href":"https:\/\/gangnambeaute.com\/en\/wp-json\/wp\/v2\/product"}],"about":[{"href":"https:\/\/gangnambeaute.com\/en\/wp-json\/wp\/v2\/types\/product"}],"replies":[{"embeddable":true,"href":"https:\/\/gangnambeaute.com\/en\/wp-json\/wp\/v2\/comments?post=30461"}],"version-history":[{"count":5,"href":"https:\/\/gangnambeaute.com\/en\/wp-json\/wp\/v2\/product\/30461\/revisions"}],"predecessor-version":[{"id":43064,"href":"https:\/\/gangnambeaute.com\/en\/wp-json\/wp\/v2\/product\/30461\/revisions\/43064"}],"wp:featuredmedia":[{"embeddable":true,"href":"https:\/\/gangnambeaute.com\/en\/wp-json\/wp\/v2\/media\/44482"}],"wp:attachment":[{"href":"https:\/\/gangnambeaute.com\/en\/wp-json\/wp\/v2\/media?parent=30461"}],"wp:term":[{"taxonomy":"product_brand","embeddable":true,"href":"https:\/\/gangnambeaute.com\/en\/wp-json\/wp\/v2\/product_brand?post=30461"},{"taxonomy":"product_cat","embeddable":true,"href":"https:\/\/gangnambeaute.com\/en\/wp-json\/wp\/v2\/product_cat?post=30461"},{"taxonomy":"product_tag","embeddable":true,"href":"https:\/\/gangnambeaute.com\/en\/wp-json\/wp\/v2\/product_tag?post=30461"}],"curies":[{"name":"wp","href":"https:\/\/api.w.org\/{rel}","templated":true}]}}