{"id":30435,"date":"2025-05-10T04:56:21","date_gmt":"2025-05-10T04:56:21","guid":{"rendered":"https:\/\/darkturquoise-squirrel-824428.hostingersite.com\/product\/beauty-of-joseon-red-bean-refreshing-pore-mask-masque-visage\/"},"modified":"2026-04-11T02:52:19","modified_gmt":"2026-04-11T02:52:19","slug":"beauty-of-joseon-red-bean-refreshing-pore-mask-masque-visage","status":"publish","type":"product","link":"https:\/\/gangnambeaute.com\/en\/product\/beauty-of-joseon-red-bean-refreshing-pore-mask-masque-visage\/","title":{"rendered":"Beauty of Joseon &#8211; Red Bean Refreshing Pore Mask &#8211; Masque visage &#8211; 140 ml"},"content":{"rendered":"<p><strong>Ce masque aux haricots rouges et \u00e0 l&rsquo;argile nettoie les pores en profondeur et exfolie en douceur pour une peau fra\u00eeche et un grain affin\u00e9.<\/strong><\/p>","protected":false},"excerpt":{"rendered":"<p><strong>Appliquez sur\u00a0visage propre, laissez poser\u00a05 \u00e0 10 minutes, puis rincez \u00e0 l&rsquo;eau ti\u00e8de en massant d\u00e9licatement.<\/strong><\/p>","protected":false},"featured_media":43077,"comment_status":"open","ping_status":"closed","template":"","meta":[],"product_brand":[1063],"product_cat":[344,350,373,435],"product_tag":[587],"class_list":{"0":"post-30435","1":"product","2":"type-product","3":"status-publish","4":"has-post-thumbnail","6":"product_brand-beauty-of-joseon","7":"product_cat-skincare","8":"product_cat-exfoliants","9":"product_cat-masque-a-rincer","10":"product_cat-retour-en-stock","11":"product_tag-achter-mnt","13":"first","14":"instock","15":"sale","16":"shipping-taxable","17":"purchasable","18":"product-type-simple"},"_links":{"self":[{"href":"https:\/\/gangnambeaute.com\/en\/wp-json\/wp\/v2\/product\/30435","targetHints":{"allow":["GET"]}}],"collection":[{"href":"https:\/\/gangnambeaute.com\/en\/wp-json\/wp\/v2\/product"}],"about":[{"href":"https:\/\/gangnambeaute.com\/en\/wp-json\/wp\/v2\/types\/product"}],"replies":[{"embeddable":true,"href":"https:\/\/gangnambeaute.com\/en\/wp-json\/wp\/v2\/comments?post=30435"}],"version-history":[{"count":4,"href":"https:\/\/gangnambeaute.com\/en\/wp-json\/wp\/v2\/product\/30435\/revisions"}],"predecessor-version":[{"id":43078,"href":"https:\/\/gangnambeaute.com\/en\/wp-json\/wp\/v2\/product\/30435\/revisions\/43078"}],"wp:featuredmedia":[{"embeddable":true,"href":"https:\/\/gangnambeaute.com\/en\/wp-json\/wp\/v2\/media\/43077"}],"wp:attachment":[{"href":"https:\/\/gangnambeaute.com\/en\/wp-json\/wp\/v2\/media?parent=30435"}],"wp:term":[{"taxonomy":"product_brand","embeddable":true,"href":"https:\/\/gangnambeaute.com\/en\/wp-json\/wp\/v2\/product_brand?post=30435"},{"taxonomy":"product_cat","embeddable":true,"href":"https:\/\/gangnambeaute.com\/en\/wp-json\/wp\/v2\/product_cat?post=30435"},{"taxonomy":"product_tag","embeddable":true,"href":"https:\/\/gangnambeaute.com\/en\/wp-json\/wp\/v2\/product_tag?post=30435"}],"curies":[{"name":"wp","href":"https:\/\/api.w.org\/{rel}","templated":true}]}}