{"id":30434,"date":"2025-05-10T04:56:21","date_gmt":"2025-05-10T04:56:21","guid":{"rendered":"https:\/\/darkturquoise-squirrel-824428.hostingersite.com\/product\/im-from-fig-scrub-mask-masque-visage-exfoliant\/"},"modified":"2026-04-11T02:52:19","modified_gmt":"2026-04-11T02:52:19","slug":"im-from-fig-scrub-mask-masque-visage-exfoliant","status":"publish","type":"product","link":"https:\/\/gangnambeaute.com\/en\/product\/im-from-fig-scrub-mask-masque-visage-exfoliant\/","title":{"rendered":"I&rsquo;m from &#8211; Fig Scrub Mask &#8211; Masque visage 30g"},"content":{"rendered":"<p><strong>Ce masque au figue (1,2 %) et au sucre roux exfolie en douceur, hydrate et \u00e9limine les cellules mortes pour un teint parfaitement lisse et \u00e9clatant.<\/strong><\/p>","protected":false},"excerpt":{"rendered":"<div class=\"Y3BBE\" data-sfc-cp=\"\" data-sfc-cb=\"\" data-hveid=\"CAEIAxAA\" data-complete=\"true\" data-processed=\"true\">\n<div class=\"Y3BBE\" data-sfc-cp=\"\" data-sfc-cb=\"\" data-hveid=\"CAEIAxAA\" data-complete=\"true\" data-processed=\"true\"><strong>Massez une fine couche sur votre\u00a0visage humide\u00a0(en \u00e9vitant le contour des yeux), laissez poser\u00a010 \u00e0 15 minutes, puis rincez \u00e0 l&rsquo;eau ti\u00e8de.<\/strong><\/div>\n<\/div>","protected":false},"featured_media":43312,"comment_status":"open","ping_status":"closed","template":"","meta":[],"product_brand":[1049],"product_cat":[350,372,429,430,433],"product_tag":[],"class_list":{"0":"post-30434","1":"product","2":"type-product","3":"status-publish","4":"has-post-thumbnail","6":"product_brand-im-from-populare","7":"product_cat-exfoliants","8":"product_cat-masques-exfoliants","9":"product_cat-soldes","10":"product_cat-promotions","11":"product_cat-promotion-dete","13":"first","14":"outofstock","15":"sale","16":"shipping-taxable","17":"purchasable","18":"product-type-simple"},"_links":{"self":[{"href":"https:\/\/gangnambeaute.com\/en\/wp-json\/wp\/v2\/product\/30434","targetHints":{"allow":["GET"]}}],"collection":[{"href":"https:\/\/gangnambeaute.com\/en\/wp-json\/wp\/v2\/product"}],"about":[{"href":"https:\/\/gangnambeaute.com\/en\/wp-json\/wp\/v2\/types\/product"}],"replies":[{"embeddable":true,"href":"https:\/\/gangnambeaute.com\/en\/wp-json\/wp\/v2\/comments?post=30434"}],"version-history":[{"count":5,"href":"https:\/\/gangnambeaute.com\/en\/wp-json\/wp\/v2\/product\/30434\/revisions"}],"predecessor-version":[{"id":43313,"href":"https:\/\/gangnambeaute.com\/en\/wp-json\/wp\/v2\/product\/30434\/revisions\/43313"}],"wp:featuredmedia":[{"embeddable":true,"href":"https:\/\/gangnambeaute.com\/en\/wp-json\/wp\/v2\/media\/43312"}],"wp:attachment":[{"href":"https:\/\/gangnambeaute.com\/en\/wp-json\/wp\/v2\/media?parent=30434"}],"wp:term":[{"taxonomy":"product_brand","embeddable":true,"href":"https:\/\/gangnambeaute.com\/en\/wp-json\/wp\/v2\/product_brand?post=30434"},{"taxonomy":"product_cat","embeddable":true,"href":"https:\/\/gangnambeaute.com\/en\/wp-json\/wp\/v2\/product_cat?post=30434"},{"taxonomy":"product_tag","embeddable":true,"href":"https:\/\/gangnambeaute.com\/en\/wp-json\/wp\/v2\/product_tag?post=30434"}],"curies":[{"name":"wp","href":"https:\/\/api.w.org\/{rel}","templated":true}]}}