{"id":30432,"date":"2025-05-10T04:56:21","date_gmt":"2025-05-10T04:56:21","guid":{"rendered":"https:\/\/darkturquoise-squirrel-824428.hostingersite.com\/product\/cosrx-the-aha-bha-pha-lha-35-peel-gel-exfoliant\/"},"modified":"2026-04-11T02:52:18","modified_gmt":"2026-04-11T02:52:18","slug":"cosrx-the-aha-bha-pha-lha-35-peel-gel-exfoliant","status":"publish","type":"product","link":"https:\/\/gangnambeaute.com\/en\/product\/cosrx-the-aha-bha-pha-lha-35-peel-gel-exfoliant\/","title":{"rendered":"COSRX &#8211; The AHA BHA PHA LHA 35 Peel &#8211; Gel exfoliant &#8211; 30ml"},"content":{"rendered":"<p><strong>Ce gel sert \u00e0\u00a0exfolier intens\u00e9ment la peau et \u00e0 d\u00e9boucher les pores gr\u00e2ce \u00e0 un m\u00e9lange puissant de quatre acides (AHA, BHA, PHA, LHA).<\/strong><\/p>","protected":false},"excerpt":{"rendered":"<p><strong>Appliquez sur votre\u00a0visage propre et sec, laissez poser 10 minutes maximum, puis rincez abondamment \u00e0 l&rsquo;eau ti\u00e8de.<\/strong><\/p>","protected":false},"featured_media":43613,"comment_status":"open","ping_status":"closed","template":"","meta":[],"product_brand":[1048],"product_cat":[344,350,372],"product_tag":[586],"class_list":{"0":"post-30432","1":"product","2":"type-product","3":"status-publish","4":"has-post-thumbnail","6":"product_brand-cosrx-populare","7":"product_cat-skincare","8":"product_cat-exfoliants","9":"product_cat-masques-exfoliants","10":"product_tag-ligne-rx","12":"first","13":"outofstock","14":"sale","15":"shipping-taxable","16":"purchasable","17":"product-type-simple"},"_links":{"self":[{"href":"https:\/\/gangnambeaute.com\/en\/wp-json\/wp\/v2\/product\/30432","targetHints":{"allow":["GET"]}}],"collection":[{"href":"https:\/\/gangnambeaute.com\/en\/wp-json\/wp\/v2\/product"}],"about":[{"href":"https:\/\/gangnambeaute.com\/en\/wp-json\/wp\/v2\/types\/product"}],"replies":[{"embeddable":true,"href":"https:\/\/gangnambeaute.com\/en\/wp-json\/wp\/v2\/comments?post=30432"}],"version-history":[{"count":5,"href":"https:\/\/gangnambeaute.com\/en\/wp-json\/wp\/v2\/product\/30432\/revisions"}],"predecessor-version":[{"id":43614,"href":"https:\/\/gangnambeaute.com\/en\/wp-json\/wp\/v2\/product\/30432\/revisions\/43614"}],"wp:featuredmedia":[{"embeddable":true,"href":"https:\/\/gangnambeaute.com\/en\/wp-json\/wp\/v2\/media\/43613"}],"wp:attachment":[{"href":"https:\/\/gangnambeaute.com\/en\/wp-json\/wp\/v2\/media?parent=30432"}],"wp:term":[{"taxonomy":"product_brand","embeddable":true,"href":"https:\/\/gangnambeaute.com\/en\/wp-json\/wp\/v2\/product_brand?post=30432"},{"taxonomy":"product_cat","embeddable":true,"href":"https:\/\/gangnambeaute.com\/en\/wp-json\/wp\/v2\/product_cat?post=30432"},{"taxonomy":"product_tag","embeddable":true,"href":"https:\/\/gangnambeaute.com\/en\/wp-json\/wp\/v2\/product_tag?post=30432"}],"curies":[{"name":"wp","href":"https:\/\/api.w.org\/{rel}","templated":true}]}}