{"id":30425,"date":"2025-05-10T04:56:20","date_gmt":"2025-05-10T04:56:20","guid":{"rendered":"https:\/\/darkturquoise-squirrel-824428.hostingersite.com\/product\/cosrx-advanced-snail-mucin-gel-cleanser-nettoyant\/"},"modified":"2026-05-03T13:31:47","modified_gmt":"2026-05-03T13:31:47","slug":"cosrx-advanced-snail-mucin-gel-cleanser-nettoyant","status":"publish","type":"product","link":"https:\/\/gangnambeaute.com\/en\/product\/cosrx-advanced-snail-mucin-gel-cleanser-nettoyant\/","title":{"rendered":"COSRX &#8211; Advanced Snail Mucin Gel Cleanser &#8211; Gel nettoyant &#8211; 150 ml"},"content":{"rendered":"<p><strong>Ce nettoyant sert \u00e0\u00a0purifier la peau\u00a0tout en l&rsquo;hydratant et en la r\u00e9parant gr\u00e2ce \u00e0 l&rsquo;extrait de bave\u00a0<span data-sae=\"\" aria-owns=\"action-menu-parent-container\">d&rsquo;escargot.<\/span><\/strong><\/p>","protected":false},"excerpt":{"rendered":"<p><strong>Massez une noisette sur votre\u00a0visage humide pour cr\u00e9er une mousse, puis rincez abondamment \u00e0 l&rsquo;eau ti\u00e8de.<\/strong><\/p>","protected":false},"featured_media":43640,"comment_status":"open","ping_status":"closed","template":"","meta":[],"product_brand":[1048],"product_cat":[344,346,360],"product_tag":[],"class_list":{"0":"post-30425","1":"product","2":"type-product","3":"status-publish","4":"has-post-thumbnail","6":"product_brand-cosrx-populare","7":"product_cat-skincare","8":"product_cat-nettoyants","9":"product_cat-gels-nettoyants","11":"first","12":"instock","13":"sale","14":"shipping-taxable","15":"purchasable","16":"product-type-simple"},"_links":{"self":[{"href":"https:\/\/gangnambeaute.com\/en\/wp-json\/wp\/v2\/product\/30425","targetHints":{"allow":["GET"]}}],"collection":[{"href":"https:\/\/gangnambeaute.com\/en\/wp-json\/wp\/v2\/product"}],"about":[{"href":"https:\/\/gangnambeaute.com\/en\/wp-json\/wp\/v2\/types\/product"}],"replies":[{"embeddable":true,"href":"https:\/\/gangnambeaute.com\/en\/wp-json\/wp\/v2\/comments?post=30425"}],"version-history":[{"count":6,"href":"https:\/\/gangnambeaute.com\/en\/wp-json\/wp\/v2\/product\/30425\/revisions"}],"predecessor-version":[{"id":43638,"href":"https:\/\/gangnambeaute.com\/en\/wp-json\/wp\/v2\/product\/30425\/revisions\/43638"}],"wp:featuredmedia":[{"embeddable":true,"href":"https:\/\/gangnambeaute.com\/en\/wp-json\/wp\/v2\/media\/43640"}],"wp:attachment":[{"href":"https:\/\/gangnambeaute.com\/en\/wp-json\/wp\/v2\/media?parent=30425"}],"wp:term":[{"taxonomy":"product_brand","embeddable":true,"href":"https:\/\/gangnambeaute.com\/en\/wp-json\/wp\/v2\/product_brand?post=30425"},{"taxonomy":"product_cat","embeddable":true,"href":"https:\/\/gangnambeaute.com\/en\/wp-json\/wp\/v2\/product_cat?post=30425"},{"taxonomy":"product_tag","embeddable":true,"href":"https:\/\/gangnambeaute.com\/en\/wp-json\/wp\/v2\/product_tag?post=30425"}],"curies":[{"name":"wp","href":"https:\/\/api.w.org\/{rel}","templated":true}]}}