{"id":30424,"date":"2025-05-10T04:56:20","date_gmt":"2025-05-10T04:56:20","guid":{"rendered":"https:\/\/darkturquoise-squirrel-824428.hostingersite.com\/product\/cosrx-salicylic-acid-daily-gentle-cleanser-nettoyant\/"},"modified":"2026-05-15T10:13:13","modified_gmt":"2026-05-15T10:13:13","slug":"cosrx-salicylic-acid-daily-gentle-cleanser-nettoyant","status":"publish","type":"product","link":"https:\/\/gangnambeaute.com\/en\/product\/cosrx-salicylic-acid-daily-gentle-cleanser-nettoyant\/","title":{"rendered":"COSRX &#8211; Salicylic Acid Daily Gentle Cleanser &#8211; Gel nettoyant &#8211; 150ml"},"content":{"rendered":"<p><strong>Ce nettoyant sert \u00e0\u00a0\u00e9liminer l&rsquo;acn\u00e9 et \u00e0 d\u00e9sincruster les pores en profondeur gr\u00e2ce \u00e0 l&rsquo;acide salicylique.<\/strong><\/p>","protected":false},"excerpt":{"rendered":"<p><strong>Massez une noisette sur votre\u00a0visage humide pour cr\u00e9er une mousse, puis rincez abondamment \u00e0 l&rsquo;eau ti\u00e8de.<\/strong><\/p>","protected":false},"featured_media":43634,"comment_status":"open","ping_status":"closed","template":"","meta":[],"product_brand":[1048],"product_cat":[344,346,360,432],"product_tag":[],"class_list":{"0":"post-30424","1":"product","2":"type-product","3":"status-publish","4":"has-post-thumbnail","6":"product_brand-cosrx-populare","7":"product_cat-skincare","8":"product_cat-nettoyants","9":"product_cat-gels-nettoyants","10":"product_cat-meilleurs-ventes","12":"first","13":"instock","14":"sale","15":"shipping-taxable","16":"purchasable","17":"product-type-simple"},"_links":{"self":[{"href":"https:\/\/gangnambeaute.com\/en\/wp-json\/wp\/v2\/product\/30424","targetHints":{"allow":["GET"]}}],"collection":[{"href":"https:\/\/gangnambeaute.com\/en\/wp-json\/wp\/v2\/product"}],"about":[{"href":"https:\/\/gangnambeaute.com\/en\/wp-json\/wp\/v2\/types\/product"}],"replies":[{"embeddable":true,"href":"https:\/\/gangnambeaute.com\/en\/wp-json\/wp\/v2\/comments?post=30424"}],"version-history":[{"count":6,"href":"https:\/\/gangnambeaute.com\/en\/wp-json\/wp\/v2\/product\/30424\/revisions"}],"predecessor-version":[{"id":43635,"href":"https:\/\/gangnambeaute.com\/en\/wp-json\/wp\/v2\/product\/30424\/revisions\/43635"}],"wp:featuredmedia":[{"embeddable":true,"href":"https:\/\/gangnambeaute.com\/en\/wp-json\/wp\/v2\/media\/43634"}],"wp:attachment":[{"href":"https:\/\/gangnambeaute.com\/en\/wp-json\/wp\/v2\/media?parent=30424"}],"wp:term":[{"taxonomy":"product_brand","embeddable":true,"href":"https:\/\/gangnambeaute.com\/en\/wp-json\/wp\/v2\/product_brand?post=30424"},{"taxonomy":"product_cat","embeddable":true,"href":"https:\/\/gangnambeaute.com\/en\/wp-json\/wp\/v2\/product_cat?post=30424"},{"taxonomy":"product_tag","embeddable":true,"href":"https:\/\/gangnambeaute.com\/en\/wp-json\/wp\/v2\/product_tag?post=30424"}],"curies":[{"name":"wp","href":"https:\/\/api.w.org\/{rel}","templated":true}]}}