{"id":30423,"date":"2025-05-10T04:56:20","date_gmt":"2025-05-10T04:56:20","guid":{"rendered":"https:\/\/darkturquoise-squirrel-824428.hostingersite.com\/product\/cosrx-low-ph-good-morning-gel-cleanser-mini-nettoyant\/"},"modified":"2026-04-11T02:52:16","modified_gmt":"2026-04-11T02:52:16","slug":"cosrx-low-ph-good-morning-gel-cleanser-mini-nettoyant","status":"publish","type":"product","link":"https:\/\/gangnambeaute.com\/en\/product\/cosrx-low-ph-good-morning-gel-cleanser-mini-nettoyant\/","title":{"rendered":"COSRX &#8211; Low pH Good Morning Gel Cleanser Mini &#8211; Gel nettoyant &#8211; 20 ml"},"content":{"rendered":"<p><strong>Ce nettoyant sert \u00e0\u00a0purifier la peau en douceur et \u00e0 r\u00e9guler l&rsquo;exc\u00e8s de s\u00e9bum gr\u00e2ce \u00e0 son pH \u00e9quilibr\u00e9 et \u00e0 l&rsquo;huile d&rsquo;arbre \u00e0 th\u00e9.<\/strong><\/p>","protected":false},"excerpt":{"rendered":"<div class=\"Y3BBE\" data-sfc-cp=\"\" data-sfc-cb=\"\" data-hveid=\"CAEIAhAA\" data-complete=\"true\" data-processed=\"true\"><strong>Massez une petite noisette sur votre\u00a0visage humide pour cr\u00e9er une mousse, puis rincez abondamment \u00e0 l&rsquo;eau ti\u00e8de.<\/strong><\/div>","protected":false},"featured_media":43632,"comment_status":"open","ping_status":"closed","template":"","meta":[],"product_brand":[1048],"product_cat":[344,346,360,429,430,433],"product_tag":[],"class_list":{"0":"post-30423","1":"product","2":"type-product","3":"status-publish","4":"has-post-thumbnail","6":"product_brand-cosrx-populare","7":"product_cat-skincare","8":"product_cat-nettoyants","9":"product_cat-gels-nettoyants","10":"product_cat-soldes","11":"product_cat-promotions","12":"product_cat-promotion-dete","14":"first","15":"outofstock","16":"sale","17":"shipping-taxable","18":"purchasable","19":"product-type-simple"},"_links":{"self":[{"href":"https:\/\/gangnambeaute.com\/en\/wp-json\/wp\/v2\/product\/30423","targetHints":{"allow":["GET"]}}],"collection":[{"href":"https:\/\/gangnambeaute.com\/en\/wp-json\/wp\/v2\/product"}],"about":[{"href":"https:\/\/gangnambeaute.com\/en\/wp-json\/wp\/v2\/types\/product"}],"replies":[{"embeddable":true,"href":"https:\/\/gangnambeaute.com\/en\/wp-json\/wp\/v2\/comments?post=30423"}],"version-history":[{"count":8,"href":"https:\/\/gangnambeaute.com\/en\/wp-json\/wp\/v2\/product\/30423\/revisions"}],"predecessor-version":[{"id":43629,"href":"https:\/\/gangnambeaute.com\/en\/wp-json\/wp\/v2\/product\/30423\/revisions\/43629"}],"wp:featuredmedia":[{"embeddable":true,"href":"https:\/\/gangnambeaute.com\/en\/wp-json\/wp\/v2\/media\/43632"}],"wp:attachment":[{"href":"https:\/\/gangnambeaute.com\/en\/wp-json\/wp\/v2\/media?parent=30423"}],"wp:term":[{"taxonomy":"product_brand","embeddable":true,"href":"https:\/\/gangnambeaute.com\/en\/wp-json\/wp\/v2\/product_brand?post=30423"},{"taxonomy":"product_cat","embeddable":true,"href":"https:\/\/gangnambeaute.com\/en\/wp-json\/wp\/v2\/product_cat?post=30423"},{"taxonomy":"product_tag","embeddable":true,"href":"https:\/\/gangnambeaute.com\/en\/wp-json\/wp\/v2\/product_tag?post=30423"}],"curies":[{"name":"wp","href":"https:\/\/api.w.org\/{rel}","templated":true}]}}