{"id":30421,"date":"2025-05-10T04:56:20","date_gmt":"2025-05-10T04:56:20","guid":{"rendered":"https:\/\/darkturquoise-squirrel-824428.hostingersite.com\/product\/cosrx-low-ph-niacinamide-micellar-cleansing-water-demaquillant\/"},"modified":"2026-04-11T02:52:16","modified_gmt":"2026-04-11T02:52:16","slug":"cosrx-low-ph-niacinamide-micellar-cleansing-water-demaquillant","status":"publish","type":"product","link":"https:\/\/gangnambeaute.com\/en\/product\/cosrx-low-ph-niacinamide-micellar-cleansing-water-demaquillant\/","title":{"rendered":"COSRX &#8211; Low pH Niacinamide Micellar Cleansing Water &#8211; Eaux Micellaires &#8211; 400 ml"},"content":{"rendered":"<p><strong>Cette eau micellaire sert \u00e0\u00a0d\u00e9maquiller et purifier les pores en profondeur gr\u00e2ce \u00e0 la niacinamide et au zinc, tout en respectant le pH de la peau.<\/strong><\/p>","protected":false},"excerpt":{"rendered":"<p><strong>Imbibez un coton de produit et\u00a0passez-le d\u00e9licatement sur l&rsquo;ensemble de votre visage jusqu&rsquo;\u00e0 ce qu&rsquo;il soit parfaitement propre.<\/strong><\/p>","protected":false},"featured_media":43622,"comment_status":"open","ping_status":"closed","template":"","meta":[],"product_brand":[1048],"product_cat":[344,345,359],"product_tag":[],"class_list":{"0":"post-30421","1":"product","2":"type-product","3":"status-publish","4":"has-post-thumbnail","6":"product_brand-cosrx-populare","7":"product_cat-skincare","8":"product_cat-demaquillants","9":"product_cat-eaux-micellaires","11":"first","12":"outofstock","13":"sale","14":"shipping-taxable","15":"purchasable","16":"product-type-simple"},"_links":{"self":[{"href":"https:\/\/gangnambeaute.com\/en\/wp-json\/wp\/v2\/product\/30421","targetHints":{"allow":["GET"]}}],"collection":[{"href":"https:\/\/gangnambeaute.com\/en\/wp-json\/wp\/v2\/product"}],"about":[{"href":"https:\/\/gangnambeaute.com\/en\/wp-json\/wp\/v2\/types\/product"}],"replies":[{"embeddable":true,"href":"https:\/\/gangnambeaute.com\/en\/wp-json\/wp\/v2\/comments?post=30421"}],"version-history":[{"count":8,"href":"https:\/\/gangnambeaute.com\/en\/wp-json\/wp\/v2\/product\/30421\/revisions"}],"predecessor-version":[{"id":43624,"href":"https:\/\/gangnambeaute.com\/en\/wp-json\/wp\/v2\/product\/30421\/revisions\/43624"}],"wp:featuredmedia":[{"embeddable":true,"href":"https:\/\/gangnambeaute.com\/en\/wp-json\/wp\/v2\/media\/43622"}],"wp:attachment":[{"href":"https:\/\/gangnambeaute.com\/en\/wp-json\/wp\/v2\/media?parent=30421"}],"wp:term":[{"taxonomy":"product_brand","embeddable":true,"href":"https:\/\/gangnambeaute.com\/en\/wp-json\/wp\/v2\/product_brand?post=30421"},{"taxonomy":"product_cat","embeddable":true,"href":"https:\/\/gangnambeaute.com\/en\/wp-json\/wp\/v2\/product_cat?post=30421"},{"taxonomy":"product_tag","embeddable":true,"href":"https:\/\/gangnambeaute.com\/en\/wp-json\/wp\/v2\/product_tag?post=30421"}],"curies":[{"name":"wp","href":"https:\/\/api.w.org\/{rel}","templated":true}]}}