{"id":40341,"date":"2026-02-06T03:54:05","date_gmt":"2026-02-06T03:54:05","guid":{"rendered":"https:\/\/gangnambeaute.com\/?page_id=40341"},"modified":"2026-02-06T04:29:01","modified_gmt":"2026-02-06T04:29:01","slug":"slide-1","status":"publish","type":"page","link":"https:\/\/gangnambeaute.com\/en\/slide-1\/","title":{"rendered":"Slide 1"},"content":{"rendered":"<div data-elementor-type=\"wp-page\" data-elementor-id=\"40341\" class=\"elementor elementor-40341\" data-elementor-post-type=\"page\">\n\t\t\t\t<div class=\"elementor-element elementor-element-8d01eed e-flex e-con-boxed e-con e-parent\" data-id=\"8d01eed\" data-element_type=\"container\" data-e-type=\"container\" data-settings=\"{&quot;background_background&quot;:&quot;classic&quot;}\">\n\t\t\t\t\t<div class=\"e-con-inner\">\n\t\t<div class=\"elementor-element elementor-element-6ac6977 e-con-full e-flex e-con e-child\" data-id=\"6ac6977\" data-element_type=\"container\" data-e-type=\"container\">\n\t\t<div class=\"elementor-element elementor-element-5914ef7 e-con-full e-flex e-con e-child\" data-id=\"5914ef7\" data-element_type=\"container\" data-e-type=\"container\">\n\t\t\t\t<div class=\"elementor-element elementor-element-0d0628f elementor-widget elementor-widget-image\" data-id=\"0d0628f\" data-element_type=\"widget\" data-e-type=\"widget\" data-widget_type=\"image.default\">\n\t\t\t\t<div class=\"elementor-widget-container\">\n\t\t\t\t\t\t\t\t\t\t\t\t\t\t\t<img fetchpriority=\"high\" decoding=\"async\" width=\"428\" height=\"584\" src=\"https:\/\/gangnambeaute.com\/wp-content\/uploads\/2026\/02\/imgi_272_1.png\" class=\"attachment-large size-large wp-image-40344\" alt=\"\" srcset=\"https:\/\/gangnambeaute.com\/wp-content\/uploads\/2026\/02\/imgi_272_1.png 428w, https:\/\/gangnambeaute.com\/wp-content\/uploads\/2026\/02\/imgi_272_1-220x300.png 220w, https:\/\/gangnambeaute.com\/wp-content\/uploads\/2026\/02\/imgi_272_1-9x12.png 9w, https:\/\/gangnambeaute.com\/wp-content\/uploads\/2026\/02\/imgi_272_1-150x205.png 150w\" sizes=\"(max-width: 428px) 100vw, 428px\" \/>\t\t\t\t\t\t\t\t\t\t\t\t\t\t\t<\/div>\n\t\t\t\t<\/div>\n\t\t\t\t<\/div>\n\t\t<div class=\"elementor-element elementor-element-3d23da9 e-con-full e-flex e-con e-child\" data-id=\"3d23da9\" data-element_type=\"container\" data-e-type=\"container\">\n\t\t\t\t<div class=\"elementor-element elementor-element-83dd885 elementor-widget elementor-widget-heading\" data-id=\"83dd885\" data-element_type=\"widget\" data-e-type=\"widget\" data-widget_type=\"heading.default\">\n\t\t\t\t<div class=\"elementor-widget-container\">\n\t\t\t\t\t<h2 class=\"elementor-heading-title elementor-size-default\">DE GANGNAM AU MAROC<\/h2>\t\t\t\t<\/div>\n\t\t\t\t<\/div>\n\t\t\t\t<div class=\"elementor-element elementor-element-e9c76fc elementor-invisible elementor-widget elementor-widget-heading\" data-id=\"e9c76fc\" data-element_type=\"widget\" data-e-type=\"widget\" data-settings=\"{&quot;_animation&quot;:&quot;fadeInUp&quot;}\" data-widget_type=\"heading.default\">\n\t\t\t\t<div class=\"elementor-widget-container\">\n\t\t\t\t\t<h2 class=\"elementor-heading-title elementor-size-default\">Votre Passeport Beaut\u00e9\nCor\u00e9en<\/h2>\t\t\t\t<\/div>\n\t\t\t\t<\/div>\n\t\t\t\t<div class=\"elementor-element elementor-element-2776d0b color-scheme-inherit text-left elementor-invisible elementor-widget elementor-widget-text-editor\" data-id=\"2776d0b\" data-element_type=\"widget\" data-e-type=\"widget\" data-settings=\"{&quot;_animation&quot;:&quot;fadeInUp&quot;}\" data-widget_type=\"text-editor.default\">\n\t\t\t\t<div class=\"elementor-widget-container\">\n\t\t\t\t\t\t\t\t\tCosm\u00e9tiques Cor\u00e9ens Authentiques\n\t\t\t\t\t\t\t\t<\/div>\n\t\t\t\t<\/div>\n\t\t\t\t<div class=\"elementor-element elementor-element-f138c96 elementor-widget elementor-widget-sina_dynamic_button\" data-id=\"f138c96\" data-element_type=\"widget\" data-e-type=\"widget\" data-widget_type=\"sina_dynamic_button.default\">\n\t\t\t\t<div class=\"elementor-widget-container\">\n\t\t\t\t\t\t\t<div class=\"sina-dynamic-button\">\r\n\t\t\t<a  class=\"sina-dynamic-btn\" href=\"https:\/\/gangnambeaute.com\/en\/product-category\/skincare\/\"\r\n\t\t\t\t\t\t\t\t\t\t\t\t>\r\n\t\t\t\t\t\t\tShop Now\t\t\t\t\t<\/a>\r\n\t\t<\/div><!-- .sina-dynamic-button -->\r\n\t\t\t\t\t\t<\/div>\n\t\t\t\t<\/div>\n\t\t\t\t<\/div>\n\t\t<div class=\"elementor-element elementor-element-83feece e-con-full e-flex e-con e-child\" data-id=\"83feece\" data-element_type=\"container\" data-e-type=\"container\">\n\t\t\t\t<div class=\"elementor-element elementor-element-82d66c7 elementor-widget elementor-widget-image\" data-id=\"82d66c7\" data-element_type=\"widget\" data-e-type=\"widget\" data-widget_type=\"image.default\">\n\t\t\t\t<div class=\"elementor-widget-container\">\n\t\t\t\t\t\t\t\t\t\t\t\t\t\t\t<img decoding=\"async\" width=\"372\" height=\"437\" src=\"https:\/\/gangnambeaute.com\/wp-content\/uploads\/2026\/02\/imgi_271_2-e1770350255909.png\" class=\"attachment-large size-large wp-image-40343\" alt=\"\" \/>\t\t\t\t\t\t\t\t\t\t\t\t\t\t\t<\/div>\n\t\t\t\t<\/div>\n\t\t\t\t<\/div>\n\t\t\t\t<\/div>\n\t\t\t\t\t<\/div>\n\t\t\t\t<\/div>\n\t\t\t\t<\/div>","protected":false},"excerpt":{"rendered":"<p>DE GANGNAM AU MAROC Votre Passeport Beaut\u00e9 Cor\u00e9en Cosm\u00e9tiques Cor\u00e9ens Authentiques Shop Now<\/p>","protected":false},"author":217,"featured_media":0,"parent":0,"menu_order":0,"comment_status":"closed","ping_status":"closed","template":"elementor_header_footer","meta":{"footnotes":""},"class_list":["post-40341","page","type-page","status-publish","hentry"],"_links":{"self":[{"href":"https:\/\/gangnambeaute.com\/en\/wp-json\/wp\/v2\/pages\/40341","targetHints":{"allow":["GET"]}}],"collection":[{"href":"https:\/\/gangnambeaute.com\/en\/wp-json\/wp\/v2\/pages"}],"about":[{"href":"https:\/\/gangnambeaute.com\/en\/wp-json\/wp\/v2\/types\/page"}],"author":[{"embeddable":true,"href":"https:\/\/gangnambeaute.com\/en\/wp-json\/wp\/v2\/users\/217"}],"replies":[{"embeddable":true,"href":"https:\/\/gangnambeaute.com\/en\/wp-json\/wp\/v2\/comments?post=40341"}],"version-history":[{"count":22,"href":"https:\/\/gangnambeaute.com\/en\/wp-json\/wp\/v2\/pages\/40341\/revisions"}],"predecessor-version":[{"id":40382,"href":"https:\/\/gangnambeaute.com\/en\/wp-json\/wp\/v2\/pages\/40341\/revisions\/40382"}],"wp:attachment":[{"href":"https:\/\/gangnambeaute.com\/en\/wp-json\/wp\/v2\/media?parent=40341"}],"curies":[{"name":"wp","href":"https:\/\/api.w.org\/{rel}","templated":true}]}}