{"id":3,"date":"2021-10-19T02:18:12","date_gmt":"2021-10-19T02:18:12","guid":{"rendered":"https:\/\/hara.thembaydev.com\/?page_id=3"},"modified":"2026-02-02T05:28:50","modified_gmt":"2026-02-02T05:28:50","slug":"privacy-policy","status":"publish","type":"page","link":"https:\/\/gangnambeaute.com\/en\/privacy-policy\/","title":{"rendered":"PRIVACY-POLICY"},"content":{"rendered":"<div data-elementor-type=\"wp-page\" data-elementor-id=\"3\" class=\"elementor elementor-3\" data-elementor-post-type=\"page\">\n\t\t\t\t<div class=\"elementor-element elementor-element-add2491 e-flex e-con-boxed e-con e-parent\" data-id=\"add2491\" data-element_type=\"container\" data-e-type=\"container\">\n\t\t\t\t\t<div class=\"e-con-inner\">\n\t\t<div class=\"elementor-element elementor-element-c785b33 e-con-full e-flex e-con e-child\" data-id=\"c785b33\" data-element_type=\"container\" data-e-type=\"container\">\n\t\t\t\t<div class=\"elementor-element elementor-element-1db19dc wd-width-100 elementor-widget elementor-widget-wd_title\" data-id=\"1db19dc\" data-element_type=\"widget\" data-e-type=\"widget\" data-widget_type=\"wd_title.default\">\n\t\t\t\t<div class=\"elementor-widget-container\">\n\t\t\t\t\t\t\t<div class=\"title-wrapper set-mb-s reset-last-child wd-title-color-default wd-title-style-default wd-title-size-default text-left\">\n\n\t\t\t\n\t\t\t<div class=\"liner-continer\">\n\t\t\t\t<h4 class=\"woodmart-title-container title wd-fontsize-l\">POLITIQUE DE CONFIDENTIALIT\u00c9<\/h4> \n\t\t\t\t\t\t\t<\/div>\n\n\t\t\t\t\t\t\t<div class=\"title-after_title set-cont-mb-s reset-last-child wd-fontsize-xs\">\n\t\t\t\t\tGangnam Beaute s\u2019engage \u00e0 prot\u00e9ger votre vie priv\u00e9e et vos donn\u00e9es personnelles. Cette politique explique comment nous collectons, utilisons et prot\u00e9geons vos informations. En utilisant notre site, vous acceptez les pratiques d\u00e9crites ci-dessous.<br \/>\n\t\t\t\t<\/div>\n\t\t\t\t\t<\/div>\n\t\t\t\t\t\t<\/div>\n\t\t\t\t<\/div>\n\t\t\t\t<\/div>\n\t\t\t\t\t<\/div>\n\t\t\t\t<\/div>\n\t\t<div class=\"elementor-element elementor-element-dd0c75a e-flex e-con-boxed e-con e-parent\" data-id=\"dd0c75a\" data-element_type=\"container\" data-e-type=\"container\">\n\t\t\t\t\t<div class=\"e-con-inner\">\n\t\t<div class=\"elementor-element elementor-element-a6204ad e-con-full e-flex e-con e-child\" data-id=\"a6204ad\" data-element_type=\"container\" data-e-type=\"container\">\n\t\t\t\t<div class=\"elementor-element elementor-element-e0c74aa wd-width-100 elementor-widget elementor-widget-wd_title\" data-id=\"e0c74aa\" data-element_type=\"widget\" data-e-type=\"widget\" data-widget_type=\"wd_title.default\">\n\t\t\t\t<div class=\"elementor-widget-container\">\n\t\t\t\t\t\t\t<div class=\"title-wrapper set-mb-s reset-last-child wd-title-color-default wd-title-style-default wd-title-size-default text-left\">\n\n\t\t\t\n\t\t\t<div class=\"liner-continer\">\n\t\t\t\t<h4 class=\"woodmart-title-container title wd-fontsize-l\">ARTICLE 1 \u2013 COLLECTE DES DONN\u00c9ES PERSONNELLES<\/h4> \n\t\t\t\t\t\t\t<\/div>\n\n\t\t\t\t\t\t\t<div class=\"title-after_title set-cont-mb-s reset-last-child wd-fontsize-xs\">\n\t\t\t\t\t<p>1.1 Nous collectons vos donn\u00e9es personnelles lorsque vous :<\/p><p>* a) Cr\u00e9ez un compte ou vous vous inscrivez.<\/p><p>* b) Effectuez un achat.<\/p><p>* c) Participez \u00e0 des promotions ou des concours.<\/p><p>* d) Contactez notre service client.<\/p><p>* e) Naviguez sur notre site web (via des cookies et technologies similaires).<\/p><p>1.2 Les donn\u00e9es collect\u00e9es peuvent inclure votre nom, adresse e-mail, adresse postale, informations de paiement, donn\u00e9es de navigation, etc.<\/p>\t\t\t\t<\/div>\n\t\t\t\t\t<\/div>\n\t\t\t\t\t\t<\/div>\n\t\t\t\t<\/div>\n\t\t\t\t<\/div>\n\t\t\t\t\t<\/div>\n\t\t\t\t<\/div>\n\t\t<div class=\"elementor-element elementor-element-a390cfd e-flex e-con-boxed e-con e-parent\" data-id=\"a390cfd\" data-element_type=\"container\" data-e-type=\"container\">\n\t\t\t\t\t<div class=\"e-con-inner\">\n\t\t<div class=\"elementor-element elementor-element-7b621fd e-con-full e-flex e-con e-child\" data-id=\"7b621fd\" data-element_type=\"container\" data-e-type=\"container\">\n\t\t\t\t<div class=\"elementor-element elementor-element-3c2154e wd-width-100 elementor-widget elementor-widget-wd_title\" data-id=\"3c2154e\" data-element_type=\"widget\" data-e-type=\"widget\" data-widget_type=\"wd_title.default\">\n\t\t\t\t<div class=\"elementor-widget-container\">\n\t\t\t\t\t\t\t<div class=\"title-wrapper set-mb-s reset-last-child wd-title-color-default wd-title-style-default wd-title-size-default text-left\">\n\n\t\t\t\n\t\t\t<div class=\"liner-continer\">\n\t\t\t\t<h4 class=\"woodmart-title-container title wd-fontsize-l\">ARTICLE 2 \u2013 UTILISATION DES DONN\u00c9ES PERSONNELLES<\/h4> \n\t\t\t\t\t\t\t<\/div>\n\n\t\t\t\t\t\t\t<div class=\"title-after_title set-cont-mb-s reset-last-child wd-fontsize-xs\">\n\t\t\t\t\t<p>2.1 Nous utilisons vos donn\u00e9es personnelles pour :<\/p><p>* a) G\u00e9rer votre compte et vos commandes.<\/p><p>* b) Personnaliser votre exp\u00e9rience sur notre site.<\/p><p>* c) Vous envoyer des informations (promotions, mises \u00e0 jour, newsletters, etc.), si vous y avez consenti.<\/p><p>* d) Am\u00e9liorer nos services, notre site web, et votre exp\u00e9rience utilisateur.<\/p><p>* e) R\u00e9pondre \u00e0 vos demandes et questions.<\/p><p>* f) Pr\u00e9venir les fraudes et assurer la s\u00e9curit\u00e9 de notre site.<\/p>\t\t\t\t<\/div>\n\t\t\t\t\t<\/div>\n\t\t\t\t\t\t<\/div>\n\t\t\t\t<\/div>\n\t\t\t\t<\/div>\n\t\t\t\t\t<\/div>\n\t\t\t\t<\/div>\n\t\t<div class=\"elementor-element elementor-element-72b2608 e-flex e-con-boxed e-con e-parent\" data-id=\"72b2608\" data-element_type=\"container\" data-e-type=\"container\">\n\t\t\t\t\t<div class=\"e-con-inner\">\n\t\t<div class=\"elementor-element elementor-element-05984e3 e-con-full e-flex e-con e-child\" data-id=\"05984e3\" data-element_type=\"container\" data-e-type=\"container\">\n\t\t\t\t<div class=\"elementor-element elementor-element-638e6e1 wd-width-100 elementor-widget elementor-widget-wd_title\" data-id=\"638e6e1\" data-element_type=\"widget\" data-e-type=\"widget\" data-widget_type=\"wd_title.default\">\n\t\t\t\t<div class=\"elementor-widget-container\">\n\t\t\t\t\t\t\t<div class=\"title-wrapper set-mb-s reset-last-child wd-title-color-default wd-title-style-default wd-title-size-default text-left\">\n\n\t\t\t\n\t\t\t<div class=\"liner-continer\">\n\t\t\t\t<h4 class=\"woodmart-title-container title wd-fontsize-l\">ARTICLE 3 \u2013 PARTAGE DES DONN\u00c9ES PERSONNELLES<\/h4> \n\t\t\t\t\t\t\t<\/div>\n\n\t\t\t\t\t\t\t<div class=\"title-after_title set-cont-mb-s reset-last-child wd-fontsize-xs\">\n\t\t\t\t\t<p>3.1 Nous pouvons partager vos donn\u00e9es avec :<\/p><p>* a) Nos prestataires de services (livraison, paiement, h\u00e9bergement du site, etc.).<\/p><p>* b) Nos partenaires marketing (avec votre consentement explicite).<\/p><p>* c) Les autorit\u00e9s l\u00e9gales si nous y sommes contraints par la loi ou une d\u00e9cision de justice.<\/p><p>3.2 Nous ne vendons ni ne louons vos donn\u00e9es personnelles \u00e0 des tiers \u00e0 des fins commerciales.<\/p>\t\t\t\t<\/div>\n\t\t\t\t\t<\/div>\n\t\t\t\t\t\t<\/div>\n\t\t\t\t<\/div>\n\t\t\t\t<\/div>\n\t\t\t\t\t<\/div>\n\t\t\t\t<\/div>\n\t\t<div class=\"elementor-element elementor-element-2366dd2 e-flex e-con-boxed e-con e-parent\" data-id=\"2366dd2\" data-element_type=\"container\" data-e-type=\"container\">\n\t\t\t\t\t<div class=\"e-con-inner\">\n\t\t<div class=\"elementor-element elementor-element-b39bbb8 e-con-full e-flex e-con e-child\" data-id=\"b39bbb8\" data-element_type=\"container\" data-e-type=\"container\">\n\t\t\t\t<div class=\"elementor-element elementor-element-08a7a5d wd-width-100 elementor-widget elementor-widget-wd_title\" data-id=\"08a7a5d\" data-element_type=\"widget\" data-e-type=\"widget\" data-widget_type=\"wd_title.default\">\n\t\t\t\t<div class=\"elementor-widget-container\">\n\t\t\t\t\t\t\t<div class=\"title-wrapper set-mb-s reset-last-child wd-title-color-default wd-title-style-default wd-title-size-default text-left\">\n\n\t\t\t\n\t\t\t<div class=\"liner-continer\">\n\t\t\t\t<h4 class=\"woodmart-title-container title wd-fontsize-l\">ARTICLE 4 \u2013 PROTECTION DES DONN\u00c9ES PERSONNELLES<\/h4> \n\t\t\t\t\t\t\t<\/div>\n\n\t\t\t\t\t\t\t<div class=\"title-after_title set-cont-mb-s reset-last-child wd-fontsize-xs\">\n\t\t\t\t\t<p>4.1 Nous prenons des mesures de s\u00e9curit\u00e9 appropri\u00e9es pour prot\u00e9ger vos donn\u00e9es personnelles contre tout acc\u00e8s non autoris\u00e9, modification, divulgation ou destruction.<\/p><p>4.2 Nous conservons vos donn\u00e9es aussi longtemps que n\u00e9cessaire pour atteindre les finalit\u00e9s pour lesquelles elles ont \u00e9t\u00e9 collect\u00e9es, ou conform\u00e9ment \u00e0 la l\u00e9gislation en vigueur.<\/p>\t\t\t\t<\/div>\n\t\t\t\t\t<\/div>\n\t\t\t\t\t\t<\/div>\n\t\t\t\t<\/div>\n\t\t\t\t<\/div>\n\t\t\t\t\t<\/div>\n\t\t\t\t<\/div>\n\t\t<div class=\"elementor-element elementor-element-df727ed e-flex e-con-boxed e-con e-parent\" data-id=\"df727ed\" data-element_type=\"container\" data-e-type=\"container\">\n\t\t\t\t\t<div class=\"e-con-inner\">\n\t\t<div class=\"elementor-element elementor-element-c93f8a5 e-con-full e-flex e-con e-child\" data-id=\"c93f8a5\" data-element_type=\"container\" data-e-type=\"container\">\n\t\t\t\t<div class=\"elementor-element elementor-element-e8f3383 wd-width-100 elementor-widget elementor-widget-wd_title\" data-id=\"e8f3383\" data-element_type=\"widget\" data-e-type=\"widget\" data-widget_type=\"wd_title.default\">\n\t\t\t\t<div class=\"elementor-widget-container\">\n\t\t\t\t\t\t\t<div class=\"title-wrapper set-mb-s reset-last-child wd-title-color-default wd-title-style-default wd-title-size-default text-left\">\n\n\t\t\t\n\t\t\t<div class=\"liner-continer\">\n\t\t\t\t<h4 class=\"woodmart-title-container title wd-fontsize-l\">ARTICLE 5 \u2013 VOS DROITS<\/h4> \n\t\t\t\t\t\t\t<\/div>\n\n\t\t\t\t\t\t\t<div class=\"title-after_title set-cont-mb-s reset-last-child wd-fontsize-xs\">\n\t\t\t\t\t<p>5.1 Vous avez le droit de :<\/p><p>* a) Acc\u00e9der \u00e0 vos donn\u00e9es personnelles.<\/p><p>* b) Demander la rectification de vos donn\u00e9es inexactes.<\/p><p>* c) Demander la suppression de vos donn\u00e9es (dans certains cas).<\/p><p>* d) Limiter le traitement de vos donn\u00e9es.<\/p><p>* e) Retirer votre consentement \u00e0 tout moment pour les traitements fond\u00e9s sur ce dernier.<\/p><p>* f) Vous opposer au traitement de vos donn\u00e9es (dans certains cas).<\/p><p>5.2 Pour exercer vos droits, veuillez nous contacter \u00e0\u00a0<a href=\"mailto:contact@gangnambeaute.com\"><u>contact@gangnambeaute.com<\/u><\/a>\u00a0.Nous r\u00e9pondrons \u00e0 votre demande dans les meilleurs d\u00e9lais et conform\u00e9ment \u00e0 la l\u00e9gislation applicable.<\/p>\t\t\t\t<\/div>\n\t\t\t\t\t<\/div>\n\t\t\t\t\t\t<\/div>\n\t\t\t\t<\/div>\n\t\t\t\t<\/div>\n\t\t\t\t\t<\/div>\n\t\t\t\t<\/div>\n\t\t<div class=\"elementor-element elementor-element-eec4b35 e-flex e-con-boxed e-con e-parent\" data-id=\"eec4b35\" data-element_type=\"container\" data-e-type=\"container\">\n\t\t\t\t\t<div class=\"e-con-inner\">\n\t\t<div class=\"elementor-element elementor-element-b8e1993 e-con-full e-flex e-con e-child\" data-id=\"b8e1993\" data-element_type=\"container\" data-e-type=\"container\">\n\t\t\t\t<div class=\"elementor-element elementor-element-ccc9db7 wd-width-100 elementor-widget elementor-widget-wd_title\" data-id=\"ccc9db7\" data-element_type=\"widget\" data-e-type=\"widget\" data-widget_type=\"wd_title.default\">\n\t\t\t\t<div class=\"elementor-widget-container\">\n\t\t\t\t\t\t\t<div class=\"title-wrapper set-mb-s reset-last-child wd-title-color-default wd-title-style-default wd-title-size-default text-left\">\n\n\t\t\t\n\t\t\t<div class=\"liner-continer\">\n\t\t\t\t<h4 class=\"woodmart-title-container title wd-fontsize-l\">ARTICLE 6 \u2013 COOKIES ET TECHNOLOGIES SIMILAIRES<\/h4> \n\t\t\t\t\t\t\t<\/div>\n\n\t\t\t\t\t\t\t<div class=\"title-after_title set-cont-mb-s reset-last-child wd-fontsize-xs\">\n\t\t\t\t\t<p>6.1 Notre site utilise des cookies pour am\u00e9liorer votre exp\u00e9rience utilisateur. Vous pouvez g\u00e9rer vos pr\u00e9f\u00e9rences en mati\u00e8re de cookies dans les param\u00e8tres de votre navigateur.<\/p><p>6.2 Pour en savoir plus sur l\u2019utilisation des cookies, veuillez consulter notre politique de cookies.<\/p>\t\t\t\t<\/div>\n\t\t\t\t\t<\/div>\n\t\t\t\t\t\t<\/div>\n\t\t\t\t<\/div>\n\t\t\t\t<\/div>\n\t\t\t\t\t<\/div>\n\t\t\t\t<\/div>\n\t\t<div class=\"elementor-element elementor-element-2468013 e-flex e-con-boxed e-con e-parent\" data-id=\"2468013\" data-element_type=\"container\" data-e-type=\"container\">\n\t\t\t\t\t<div class=\"e-con-inner\">\n\t\t<div class=\"elementor-element elementor-element-4ebd0be e-con-full e-flex e-con e-child\" data-id=\"4ebd0be\" data-element_type=\"container\" data-e-type=\"container\">\n\t\t\t\t<div class=\"elementor-element elementor-element-9387268 wd-width-100 elementor-widget elementor-widget-wd_title\" data-id=\"9387268\" data-element_type=\"widget\" data-e-type=\"widget\" data-widget_type=\"wd_title.default\">\n\t\t\t\t<div class=\"elementor-widget-container\">\n\t\t\t\t\t\t\t<div class=\"title-wrapper set-mb-s reset-last-child wd-title-color-default wd-title-style-default wd-title-size-default text-left\">\n\n\t\t\t\n\t\t\t<div class=\"liner-continer\">\n\t\t\t\t<h4 class=\"woodmart-title-container title wd-fontsize-l\">ARTICLE 7 \u2013 MODIFICATIONS DE LA POLITIQUE DE CONFIDENTIALIT\u00c9<\/h4> \n\t\t\t\t\t\t\t<\/div>\n\n\t\t\t\t\t\t\t<div class=\"title-after_title set-cont-mb-s reset-last-child wd-fontsize-xs\">\n\t\t\t\t\t<p>7.1 Nous nous r\u00e9servons le droit de modifier cette politique de confidentialit\u00e9 \u00e0 tout moment. Les changements seront publi\u00e9s sur cette page et entreront en vigueur d\u00e8s leur publication.<\/p>\t\t\t\t<\/div>\n\t\t\t\t\t<\/div>\n\t\t\t\t\t\t<\/div>\n\t\t\t\t<\/div>\n\t\t\t\t<\/div>\n\t\t\t\t\t<\/div>\n\t\t\t\t<\/div>\n\t\t<div class=\"elementor-element elementor-element-20b8ada e-flex e-con-boxed e-con e-parent\" data-id=\"20b8ada\" data-element_type=\"container\" data-e-type=\"container\">\n\t\t\t\t\t<div class=\"e-con-inner\">\n\t\t<div class=\"elementor-element elementor-element-390243b e-con-full e-flex e-con e-child\" data-id=\"390243b\" data-element_type=\"container\" data-e-type=\"container\">\n\t\t\t\t<div class=\"elementor-element elementor-element-9fcb82c wd-width-100 elementor-widget elementor-widget-wd_title\" data-id=\"9fcb82c\" data-element_type=\"widget\" data-e-type=\"widget\" data-widget_type=\"wd_title.default\">\n\t\t\t\t<div class=\"elementor-widget-container\">\n\t\t\t\t\t\t\t<div class=\"title-wrapper set-mb-s reset-last-child wd-title-color-default wd-title-style-default wd-title-size-default text-left\">\n\n\t\t\t\n\t\t\t<div class=\"liner-continer\">\n\t\t\t\t<h4 class=\"woodmart-title-container title wd-fontsize-l\">ARTICLE 8 \u2013 CONTACT<\/h4> \n\t\t\t\t\t\t\t<\/div>\n\n\t\t\t\t\t\t\t<div class=\"title-after_title set-cont-mb-s reset-last-child wd-fontsize-xs\">\n\t\t\t\t\t<p>8.1 Pour toute question ou r\u00e9clamation concernant cette politique de confidentialit\u00e9, veuillez nous contacter \u00e0\u00a0<a href=\"mailto:contact@gangnambeaute.com\"><u>contact@gangnambeaute.com<\/u><\/a><\/p>\u00a0\t\t\t\t<\/div>\n\t\t\t\t\t<\/div>\n\t\t\t\t\t\t<\/div>\n\t\t\t\t<\/div>\n\t\t\t\t<\/div>\n\t\t\t\t\t<\/div>\n\t\t\t\t<\/div>\n\t\t\t\t<\/div>","protected":false},"excerpt":{"rendered":"<p>POLITIQUE DE CONFIDENTIALIT\u00c9 Gangnam Beaute s\u2019engage \u00e0 prot\u00e9ger votre vie priv\u00e9e et vos donn\u00e9es personnelles. Cette politique explique comment nous<\/p>","protected":false},"author":217,"featured_media":0,"parent":0,"menu_order":0,"comment_status":"closed","ping_status":"closed","template":"","meta":{"footnotes":""},"class_list":["post-3","page","type-page","status-publish","hentry"],"_links":{"self":[{"href":"https:\/\/gangnambeaute.com\/en\/wp-json\/wp\/v2\/pages\/3","targetHints":{"allow":["GET"]}}],"collection":[{"href":"https:\/\/gangnambeaute.com\/en\/wp-json\/wp\/v2\/pages"}],"about":[{"href":"https:\/\/gangnambeaute.com\/en\/wp-json\/wp\/v2\/types\/page"}],"author":[{"embeddable":true,"href":"https:\/\/gangnambeaute.com\/en\/wp-json\/wp\/v2\/users\/217"}],"replies":[{"embeddable":true,"href":"https:\/\/gangnambeaute.com\/en\/wp-json\/wp\/v2\/comments?post=3"}],"version-history":[{"count":16,"href":"https:\/\/gangnambeaute.com\/en\/wp-json\/wp\/v2\/pages\/3\/revisions"}],"predecessor-version":[{"id":40048,"href":"https:\/\/gangnambeaute.com\/en\/wp-json\/wp\/v2\/pages\/3\/revisions\/40048"}],"wp:attachment":[{"href":"https:\/\/gangnambeaute.com\/en\/wp-json\/wp\/v2\/media?parent=3"}],"curies":[{"name":"wp","href":"https:\/\/api.w.org\/{rel}","templated":true}]}}