{"id":44957,"date":"2026-05-16T11:20:47","date_gmt":"2026-05-16T11:20:47","guid":{"rendered":"https:\/\/gangnambeaute.com\/?post_type=product&#038;p=44957"},"modified":"2026-05-16T11:21:09","modified_gmt":"2026-05-16T11:21:09","slug":"medicube-age-r-booster-facial-cleansing-device-head-beige-brosse-nettoyante-visage-edition-beige","status":"publish","type":"product","link":"https:\/\/gangnambeaute.com\/ar\/product\/medicube-age-r-booster-facial-cleansing-device-head-beige-brosse-nettoyante-visage-edition-beige\/","title":{"rendered":"Medicube &#8211; AGE-R Booster Facial Cleansing Device Head Beige &#8211; Brosse nettoyante visage \u00e9dition beige"},"content":{"rendered":"<div class=\"elementor-element elementor-element-7fdeff93 wd-section-stretch e-flex e-con-boxed e-con e-parent e-lazyloaded\" data-id=\"7fdeff93\" data-element_type=\"container\" data-e-type=\"container\">\n<div class=\"e-con-inner\">\n<div class=\"elementor-element elementor-element-c5d06d7 e-n-tabs-none elementor-widget elementor-widget-n-tabs\" data-id=\"c5d06d7\" data-element_type=\"widget\" data-e-type=\"widget\" data-settings=\"{&quot;horizontal_scroll&quot;:&quot;disable&quot;}\" data-widget_type=\"nested-tabs.default\">\n<div class=\"elementor-widget-container\">\n<div class=\"e-n-tabs e-activated\" data-widget-number=\"207423191\" aria-label=\"Tabs. Open items with Enter or Space, close with Escape and navigate using the Arrow keys.\" data-touch-mode=\"false\">\n<div class=\"e-n-tabs-content\">\n<div id=\"e-n-tab-content-2074231911\" class=\"e-active elementor-element elementor-element-705807c e-con-full e-flex e-con e-child\" role=\"tabpanel\" aria-labelledby=\"e-n-tab-title-2074231911\" data-tab-index=\"1\" data-id=\"705807c\" data-element_type=\"container\" data-e-type=\"container\">\n<div class=\"wd-negative-gap elementor-element elementor-element-1f76df4 e-flex e-con-boxed e-con e-child\" data-id=\"1f76df4\" data-element_type=\"container\" data-e-type=\"container\">\n<div class=\"e-con-inner\">\n<div class=\"elementor-element elementor-element-c6136b4 color-scheme-inherit text-left elementor-widget elementor-widget-text-editor\" data-id=\"c6136b4\" data-element_type=\"widget\" data-e-type=\"widget\" data-widget_type=\"text-editor.default\">\n<div class=\"elementor-widget-container\"><strong>Cette t\u00eate d\u2019appareil interchangeable optimise le nettoyage de votre visage en d\u00e9sincrustant les pores et en \u00e9liminant les cellules mortes\u00a0gr\u00e2ce \u00e0 ses vibrations soniques et sa surface en silicone m\u00e9dical.<\/strong><\/div>\n<\/div>\n<\/div>\n<\/div>\n<\/div>\n<\/div>\n<\/div>\n<\/div>\n<\/div>\n<\/div>\n<\/div>\n<div class=\"wd-negative-gap elementor-element elementor-element-1c99ebb9 wd-section-stretch e-flex e-con-boxed e-con e-parent e-lazyloaded\" data-id=\"1c99ebb9\" data-element_type=\"container\" data-e-type=\"container\">\n<div class=\"e-con-inner\">\n<div class=\"elementor-element elementor-element-1dd000af wd-width-100 elementor-widget elementor-widget-wd_title\" data-id=\"1dd000af\" data-element_type=\"widget\" data-e-type=\"widget\" data-widget_type=\"wd_title.default\">\n<div class=\"elementor-widget-container\">\n<div class=\"title-wrapper set-mb-s reset-last-child wd-title-color-primary wd-title-style-simple wd-title-size-default text-left\"><\/div>\n<\/div>\n<\/div>\n<\/div>\n<\/div>","protected":false},"excerpt":{"rendered":"<div class=\"elementor-element elementor-element-7fdeff93 wd-section-stretch e-flex e-con-boxed e-con e-parent e-lazyloaded\" data-id=\"7fdeff93\" data-element_type=\"container\" data-e-type=\"container\">\n<div class=\"e-con-inner\">\n<div class=\"elementor-element elementor-element-c5d06d7 e-n-tabs-none elementor-widget elementor-widget-n-tabs\" data-id=\"c5d06d7\" data-element_type=\"widget\" data-e-type=\"widget\" data-settings=\"{&quot;horizontal_scroll&quot;:&quot;disable&quot;}\" data-widget_type=\"nested-tabs.default\">\n<div class=\"elementor-widget-container\">\n<div class=\"e-n-tabs e-activated\" data-widget-number=\"207423191\" aria-label=\"Tabs. Open items with Enter or Space, close with Escape and navigate using the Arrow keys.\" data-touch-mode=\"false\">\n<div class=\"e-n-tabs-content\">\n<div id=\"e-n-tab-content-2074231912\" class=\"elementor-element elementor-element-66ca28c e-con-full e-flex e-con e-child e-active\" role=\"tabpanel\" aria-labelledby=\"e-n-tab-title-2074231912\" data-tab-index=\"2\" data-id=\"66ca28c\" data-element_type=\"container\" data-e-type=\"container\">\n<div class=\"wd-negative-gap elementor-element elementor-element-f2b94b0 e-flex e-con-boxed e-con e-child\" data-id=\"f2b94b0\" data-element_type=\"container\" data-e-type=\"container\">\n<div class=\"e-con-inner\">\n<div class=\"elementor-element elementor-element-ab1a609 color-scheme-inherit text-left elementor-widget elementor-widget-text-editor\" data-id=\"ab1a609\" data-element_type=\"widget\" data-e-type=\"widget\" data-widget_type=\"text-editor.default\">\n<div class=\"elementor-widget-container\"><strong>Fixez la t\u00eate rose sur votre appareil de nettoyage, appliquez votre gel nettoyant habituel sur votre visage humide, puis faites glisser l\u2019appareil en mouvements circulaires\u00a0pendant une \u00e0 deux minutes avant de rincer \u00e0 l\u2019eau.<\/strong><\/div>\n<\/div>\n<\/div>\n<\/div>\n<\/div>\n<\/div>\n<\/div>\n<\/div>\n<\/div>\n<\/div>\n<\/div>\n<div class=\"wd-negative-gap elementor-element elementor-element-1c99ebb9 wd-section-stretch e-flex e-con-boxed e-con e-parent e-lazyloaded\" data-id=\"1c99ebb9\" data-element_type=\"container\" data-e-type=\"container\">\n<div class=\"e-con-inner\">\n<div class=\"elementor-element elementor-element-1dd000af wd-width-100 elementor-widget elementor-widget-wd_title\" data-id=\"1dd000af\" data-element_type=\"widget\" data-e-type=\"widget\" data-widget_type=\"wd_title.default\">\n<div class=\"elementor-widget-container\">\n<div class=\"title-wrapper set-mb-s reset-last-child wd-title-color-primary wd-title-style-simple wd-title-size-default text-left\"><\/div>\n<\/div>\n<\/div>\n<\/div>\n<\/div>","protected":false},"featured_media":44958,"comment_status":"open","ping_status":"closed","template":"","meta":[],"product_brand":[1015,1058],"product_cat":[344,346,348,434],"product_tag":[],"class_list":{"0":"post-44957","1":"product","2":"type-product","3":"status-publish","4":"has-post-thumbnail","6":"product_brand-populare","7":"product_brand-medicube-populare","8":"product_cat-skincare","9":"product_cat-nettoyants","10":"product_cat-soin-concentre","11":"product_cat-nouveautes","13":"first","14":"outofstock","15":"shipping-taxable","16":"product-type-simple"},"_links":{"self":[{"href":"https:\/\/gangnambeaute.com\/ar\/wp-json\/wp\/v2\/product\/44957","targetHints":{"allow":["GET"]}}],"collection":[{"href":"https:\/\/gangnambeaute.com\/ar\/wp-json\/wp\/v2\/product"}],"about":[{"href":"https:\/\/gangnambeaute.com\/ar\/wp-json\/wp\/v2\/types\/product"}],"replies":[{"embeddable":true,"href":"https:\/\/gangnambeaute.com\/ar\/wp-json\/wp\/v2\/comments?post=44957"}],"version-history":[{"count":2,"href":"https:\/\/gangnambeaute.com\/ar\/wp-json\/wp\/v2\/product\/44957\/revisions"}],"predecessor-version":[{"id":44964,"href":"https:\/\/gangnambeaute.com\/ar\/wp-json\/wp\/v2\/product\/44957\/revisions\/44964"}],"wp:featuredmedia":[{"embeddable":true,"href":"https:\/\/gangnambeaute.com\/ar\/wp-json\/wp\/v2\/media\/44958"}],"wp:attachment":[{"href":"https:\/\/gangnambeaute.com\/ar\/wp-json\/wp\/v2\/media?parent=44957"}],"wp:term":[{"taxonomy":"product_brand","embeddable":true,"href":"https:\/\/gangnambeaute.com\/ar\/wp-json\/wp\/v2\/product_brand?post=44957"},{"taxonomy":"product_cat","embeddable":true,"href":"https:\/\/gangnambeaute.com\/ar\/wp-json\/wp\/v2\/product_cat?post=44957"},{"taxonomy":"product_tag","embeddable":true,"href":"https:\/\/gangnambeaute.com\/ar\/wp-json\/wp\/v2\/product_tag?post=44957"}],"curies":[{"name":"wp","href":"https:\/\/api.w.org\/{rel}","templated":true}]}}