{"id":44839,"date":"2026-05-09T11:24:14","date_gmt":"2026-05-09T11:24:14","guid":{"rendered":"https:\/\/gangnambeaute.com\/?post_type=product&#038;p=44839"},"modified":"2026-05-09T11:25:22","modified_gmt":"2026-05-09T11:25:22","slug":"purito-seoul-best-kit-routine-complete-barriere-apaisement-exclusive-kit","status":"publish","type":"product","link":"https:\/\/gangnambeaute.com\/ar\/product\/purito-seoul-best-kit-routine-complete-barriere-apaisement-exclusive-kit\/","title":{"rendered":"Purito SEOUL \u2013 Best Kit Routine Compl\u00e8te Barri\u00e8re &#038; Apaisement &#8211; Exclusive kit"},"content":{"rendered":"<p><strong>Ce kit de voyage regroupe les essentiels apaisants de Purito<!--TgQPHd|[]--> pour nettoyer, traiter et hydrater votre peau o\u00f9 que vous soyez gr\u00e2ce \u00e0 la puissance de la Centella Asiatica.<\/strong><\/p>","protected":false},"excerpt":{"rendered":"<p><strong>Suivez l&rsquo;ordre classique : commencez par le nettoyant<!--TgQPHd|[]-->, appliquez ensuite le s\u00e9rum<!--TgQPHd|[]--> sur peau humide, et terminez par la cr\u00e8me<!--TgQPHd|[]--> pour sceller l&rsquo;hydratation.<\/strong><\/p>","protected":false},"featured_media":44840,"comment_status":"open","ping_status":"closed","template":"","meta":[],"product_brand":[1015,1031],"product_cat":[344,434,436,437,346,347,348,360,364,368,370],"product_tag":[],"class_list":{"0":"post-44839","1":"product","2":"type-product","3":"status-publish","4":"has-post-thumbnail","6":"product_brand-populare","7":"product_brand-purito-seoul","8":"product_cat-skincare","9":"product_cat-nouveautes","10":"product_cat-kits-coffrets","11":"product_cat-kits-de-marques-officielles","12":"product_cat-nettoyants","13":"product_cat-toniques","14":"product_cat-soin-concentre","15":"product_cat-gels-nettoyants","16":"product_cat-toniques-calmants","17":"product_cat-serums","18":"product_cat-cremes","20":"first","21":"outofstock","22":"shipping-taxable","23":"product-type-simple"},"_links":{"self":[{"href":"https:\/\/gangnambeaute.com\/ar\/wp-json\/wp\/v2\/product\/44839","targetHints":{"allow":["GET"]}}],"collection":[{"href":"https:\/\/gangnambeaute.com\/ar\/wp-json\/wp\/v2\/product"}],"about":[{"href":"https:\/\/gangnambeaute.com\/ar\/wp-json\/wp\/v2\/types\/product"}],"replies":[{"embeddable":true,"href":"https:\/\/gangnambeaute.com\/ar\/wp-json\/wp\/v2\/comments?post=44839"}],"version-history":[{"count":3,"href":"https:\/\/gangnambeaute.com\/ar\/wp-json\/wp\/v2\/product\/44839\/revisions"}],"predecessor-version":[{"id":44848,"href":"https:\/\/gangnambeaute.com\/ar\/wp-json\/wp\/v2\/product\/44839\/revisions\/44848"}],"wp:featuredmedia":[{"embeddable":true,"href":"https:\/\/gangnambeaute.com\/ar\/wp-json\/wp\/v2\/media\/44840"}],"wp:attachment":[{"href":"https:\/\/gangnambeaute.com\/ar\/wp-json\/wp\/v2\/media?parent=44839"}],"wp:term":[{"taxonomy":"product_brand","embeddable":true,"href":"https:\/\/gangnambeaute.com\/ar\/wp-json\/wp\/v2\/product_brand?post=44839"},{"taxonomy":"product_cat","embeddable":true,"href":"https:\/\/gangnambeaute.com\/ar\/wp-json\/wp\/v2\/product_cat?post=44839"},{"taxonomy":"product_tag","embeddable":true,"href":"https:\/\/gangnambeaute.com\/ar\/wp-json\/wp\/v2\/product_tag?post=44839"}],"curies":[{"name":"wp","href":"https:\/\/api.w.org\/{rel}","templated":true}]}}