{"id":44789,"date":"2026-05-06T11:57:09","date_gmt":"2026-05-06T11:57:09","guid":{"rendered":"https:\/\/gangnambeaute.com\/?post_type=product&#038;p=44789"},"modified":"2026-05-06T11:57:53","modified_gmt":"2026-05-06T11:57:53","slug":"purito-seoul-mighty-bamboo-panthenol-serum-serum-visage-30ml","status":"publish","type":"product","link":"https:\/\/gangnambeaute.com\/ar\/product\/purito-seoul-mighty-bamboo-panthenol-serum-serum-visage-30ml\/","title":{"rendered":"Purito SEOUL &#8211; Mighty Bamboo Panthenol Serum \u2013 S\u00e9rum visage \u2013 30ml"},"content":{"rendered":"<p><strong>Ce s\u00e9rum hydrate intens\u00e9ment et renforce la barri\u00e8re cutan\u00e9e<!--TgQPHd|[]--> gr\u00e2ce \u00e0 l&rsquo;extrait de bambou et \u00e0 une forte concentration de panth\u00e9nol qui retient l&rsquo;eau dans la peau.<\/strong><\/p>","protected":false},"excerpt":{"rendered":"<p><strong>Appliquez 2 \u00e0 3 gouttes<!--TgQPHd|[]--> sur votre visage propre et l\u00e9g\u00e8rement humide avant votre cr\u00e8me hydratante, matin et soir.<\/strong><\/p>","protected":false},"featured_media":44790,"comment_status":"open","ping_status":"closed","template":"","meta":[],"product_brand":[1015,1031],"product_cat":[344,348,368,434],"product_tag":[],"class_list":{"0":"post-44789","1":"product","2":"type-product","3":"status-publish","4":"has-post-thumbnail","6":"product_brand-populare","7":"product_brand-purito-seoul","8":"product_cat-skincare","9":"product_cat-soin-concentre","10":"product_cat-serums","11":"product_cat-nouveautes","13":"first","14":"outofstock","15":"shipping-taxable","16":"product-type-simple"},"_links":{"self":[{"href":"https:\/\/gangnambeaute.com\/ar\/wp-json\/wp\/v2\/product\/44789","targetHints":{"allow":["GET"]}}],"collection":[{"href":"https:\/\/gangnambeaute.com\/ar\/wp-json\/wp\/v2\/product"}],"about":[{"href":"https:\/\/gangnambeaute.com\/ar\/wp-json\/wp\/v2\/types\/product"}],"replies":[{"embeddable":true,"href":"https:\/\/gangnambeaute.com\/ar\/wp-json\/wp\/v2\/comments?post=44789"}],"version-history":[{"count":2,"href":"https:\/\/gangnambeaute.com\/ar\/wp-json\/wp\/v2\/product\/44789\/revisions"}],"predecessor-version":[{"id":44796,"href":"https:\/\/gangnambeaute.com\/ar\/wp-json\/wp\/v2\/product\/44789\/revisions\/44796"}],"wp:featuredmedia":[{"embeddable":true,"href":"https:\/\/gangnambeaute.com\/ar\/wp-json\/wp\/v2\/media\/44790"}],"wp:attachment":[{"href":"https:\/\/gangnambeaute.com\/ar\/wp-json\/wp\/v2\/media?parent=44789"}],"wp:term":[{"taxonomy":"product_brand","embeddable":true,"href":"https:\/\/gangnambeaute.com\/ar\/wp-json\/wp\/v2\/product_brand?post=44789"},{"taxonomy":"product_cat","embeddable":true,"href":"https:\/\/gangnambeaute.com\/ar\/wp-json\/wp\/v2\/product_cat?post=44789"},{"taxonomy":"product_tag","embeddable":true,"href":"https:\/\/gangnambeaute.com\/ar\/wp-json\/wp\/v2\/product_tag?post=44789"}],"curies":[{"name":"wp","href":"https:\/\/api.w.org\/{rel}","templated":true}]}}