{"id":44737,"date":"2026-05-06T11:00:35","date_gmt":"2026-05-06T11:00:35","guid":{"rendered":"https:\/\/gangnambeaute.com\/?post_type=product&#038;p=44737"},"modified":"2026-05-06T11:01:09","modified_gmt":"2026-05-06T11:01:09","slug":"purito-seoul-wonder-releaf-centella-cream-unscented-creme-visage-50ml","status":"publish","type":"product","link":"https:\/\/gangnambeaute.com\/ar\/product\/purito-seoul-wonder-releaf-centella-cream-unscented-creme-visage-50ml\/","title":{"rendered":"Purito SEOUL \u2013 Wonder Releaf Centella Cream Unscented &#8211; Cr\u00e8me Visage &#8211; 50ml"},"content":{"rendered":"<p><strong>Cette cr\u00e8me sans parfum hydrate et apaise intens\u00e9ment les peaux fragiles<!--TgQPHd|[]--> en r\u00e9parant la barri\u00e8re cutan\u00e9e gr\u00e2ce \u00e0 la Centella Asiatica et au Panth\u00e9nol.<\/strong><\/p>","protected":false},"excerpt":{"rendered":"<p><strong>Appliquez une noisette de produit sur l&rsquo;ensemble du visage et du cou en fin de routine, matin et soir<!--TgQPHd|[]-->.<\/strong><\/p>","protected":false},"featured_media":44738,"comment_status":"open","ping_status":"closed","template":"","meta":[],"product_brand":[1015,1031],"product_cat":[344,348,370,434],"product_tag":[],"class_list":{"0":"post-44737","1":"product","2":"type-product","3":"status-publish","4":"has-post-thumbnail","6":"product_brand-populare","7":"product_brand-purito-seoul","8":"product_cat-skincare","9":"product_cat-soin-concentre","10":"product_cat-cremes","11":"product_cat-nouveautes","13":"first","14":"outofstock","15":"shipping-taxable","16":"product-type-simple"},"_links":{"self":[{"href":"https:\/\/gangnambeaute.com\/ar\/wp-json\/wp\/v2\/product\/44737","targetHints":{"allow":["GET"]}}],"collection":[{"href":"https:\/\/gangnambeaute.com\/ar\/wp-json\/wp\/v2\/product"}],"about":[{"href":"https:\/\/gangnambeaute.com\/ar\/wp-json\/wp\/v2\/types\/product"}],"replies":[{"embeddable":true,"href":"https:\/\/gangnambeaute.com\/ar\/wp-json\/wp\/v2\/comments?post=44737"}],"version-history":[{"count":2,"href":"https:\/\/gangnambeaute.com\/ar\/wp-json\/wp\/v2\/product\/44737\/revisions"}],"predecessor-version":[{"id":44744,"href":"https:\/\/gangnambeaute.com\/ar\/wp-json\/wp\/v2\/product\/44737\/revisions\/44744"}],"wp:featuredmedia":[{"embeddable":true,"href":"https:\/\/gangnambeaute.com\/ar\/wp-json\/wp\/v2\/media\/44738"}],"wp:attachment":[{"href":"https:\/\/gangnambeaute.com\/ar\/wp-json\/wp\/v2\/media?parent=44737"}],"wp:term":[{"taxonomy":"product_brand","embeddable":true,"href":"https:\/\/gangnambeaute.com\/ar\/wp-json\/wp\/v2\/product_brand?post=44737"},{"taxonomy":"product_cat","embeddable":true,"href":"https:\/\/gangnambeaute.com\/ar\/wp-json\/wp\/v2\/product_cat?post=44737"},{"taxonomy":"product_tag","embeddable":true,"href":"https:\/\/gangnambeaute.com\/ar\/wp-json\/wp\/v2\/product_tag?post=44737"}],"curies":[{"name":"wp","href":"https:\/\/api.w.org\/{rel}","templated":true}]}}