{"id":44725,"date":"2026-05-06T10:48:12","date_gmt":"2026-05-06T10:48:12","guid":{"rendered":"https:\/\/gangnambeaute.com\/?post_type=product&#038;p=44725"},"modified":"2026-05-06T10:49:45","modified_gmt":"2026-05-06T10:49:45","slug":"purito-seoul-wonder-releaf-centella-cream-unscented-mini-15ml","status":"publish","type":"product","link":"https:\/\/gangnambeaute.com\/ar\/product\/purito-seoul-wonder-releaf-centella-cream-unscented-mini-15ml\/","title":{"rendered":"Purito SEOUL &#8211; Wonder Releaf Centella Cream Unscented Mini \u2013 Cr\u00e8me Visage &#8211; 15ml"},"content":{"rendered":"<p><strong>Cette cr\u00e8me apaisante sans parfum r\u00e9pare et calme les peaux sensibles<!--TgQPHd|[]--> en renfor\u00e7ant la barri\u00e8re protectrice gr\u00e2ce \u00e0 la Centella Asiatica et aux c\u00e9ramides.<\/strong><\/p>","protected":false},"excerpt":{"rendered":"<p><strong>Appliquez une petite quantit\u00e9 sur votre visage comme derni\u00e8re \u00e9tape de votre routine<!--TgQPHd|[]--> de soin, matin et soir.<\/strong><\/p>","protected":false},"featured_media":44726,"comment_status":"open","ping_status":"closed","template":"","meta":[],"product_brand":[1015,1031],"product_cat":[344,348,370,434],"product_tag":[],"class_list":{"0":"post-44725","1":"product","2":"type-product","3":"status-publish","4":"has-post-thumbnail","6":"product_brand-populare","7":"product_brand-purito-seoul","8":"product_cat-skincare","9":"product_cat-soin-concentre","10":"product_cat-cremes","11":"product_cat-nouveautes","13":"first","14":"outofstock","15":"shipping-taxable","16":"product-type-simple"},"_links":{"self":[{"href":"https:\/\/gangnambeaute.com\/ar\/wp-json\/wp\/v2\/product\/44725","targetHints":{"allow":["GET"]}}],"collection":[{"href":"https:\/\/gangnambeaute.com\/ar\/wp-json\/wp\/v2\/product"}],"about":[{"href":"https:\/\/gangnambeaute.com\/ar\/wp-json\/wp\/v2\/types\/product"}],"replies":[{"embeddable":true,"href":"https:\/\/gangnambeaute.com\/ar\/wp-json\/wp\/v2\/comments?post=44725"}],"version-history":[{"count":3,"href":"https:\/\/gangnambeaute.com\/ar\/wp-json\/wp\/v2\/product\/44725\/revisions"}],"predecessor-version":[{"id":44734,"href":"https:\/\/gangnambeaute.com\/ar\/wp-json\/wp\/v2\/product\/44725\/revisions\/44734"}],"wp:featuredmedia":[{"embeddable":true,"href":"https:\/\/gangnambeaute.com\/ar\/wp-json\/wp\/v2\/media\/44726"}],"wp:attachment":[{"href":"https:\/\/gangnambeaute.com\/ar\/wp-json\/wp\/v2\/media?parent=44725"}],"wp:term":[{"taxonomy":"product_brand","embeddable":true,"href":"https:\/\/gangnambeaute.com\/ar\/wp-json\/wp\/v2\/product_brand?post=44725"},{"taxonomy":"product_cat","embeddable":true,"href":"https:\/\/gangnambeaute.com\/ar\/wp-json\/wp\/v2\/product_cat?post=44725"},{"taxonomy":"product_tag","embeddable":true,"href":"https:\/\/gangnambeaute.com\/ar\/wp-json\/wp\/v2\/product_tag?post=44725"}],"curies":[{"name":"wp","href":"https:\/\/api.w.org\/{rel}","templated":true}]}}