{"id":44716,"date":"2026-05-06T10:40:24","date_gmt":"2026-05-06T10:40:24","guid":{"rendered":"https:\/\/gangnambeaute.com\/?post_type=product&#038;p=44716"},"modified":"2026-05-06T10:41:32","modified_gmt":"2026-05-06T10:41:32","slug":"purito-seoul-wonder-releaf-centella-toner-unscented-30ml","status":"publish","type":"product","link":"https:\/\/gangnambeaute.com\/ar\/product\/purito-seoul-wonder-releaf-centella-toner-unscented-30ml\/","title":{"rendered":"Purito SEOUL\u2013 Wonder Releaf Centella Toner Unscented &#8211; 30ml"},"content":{"rendered":"<p><strong>Ce tonique sans parfum apaise instantan\u00e9ment les irritations et renforce la barri\u00e8re cutan\u00e9e<!--TgQPHd|[]--> gr\u00e2ce \u00e0 une haute concentration en Centella Asiatica.<\/strong><\/p>","protected":false},"excerpt":{"rendered":"<p><strong>Versez quelques gouttes dans vos mains ou sur un coton et tapotez doucement sur votre visage propre<!--TgQPHd|[]--> juste apr\u00e8s le nettoyage.<\/strong><\/p>","protected":false},"featured_media":44717,"comment_status":"open","ping_status":"closed","template":"","meta":[],"product_brand":[1015,1031],"product_cat":[344,347,348,364,366,434],"product_tag":[],"class_list":{"0":"post-44716","1":"product","2":"type-product","3":"status-publish","4":"has-post-thumbnail","6":"product_brand-populare","7":"product_brand-purito-seoul","8":"product_cat-skincare","9":"product_cat-toniques","10":"product_cat-soin-concentre","11":"product_cat-toniques-calmants","12":"product_cat-toniques-hydratants-toniques","13":"product_cat-nouveautes","15":"first","16":"outofstock","17":"shipping-taxable","18":"product-type-simple"},"_links":{"self":[{"href":"https:\/\/gangnambeaute.com\/ar\/wp-json\/wp\/v2\/product\/44716","targetHints":{"allow":["GET"]}}],"collection":[{"href":"https:\/\/gangnambeaute.com\/ar\/wp-json\/wp\/v2\/product"}],"about":[{"href":"https:\/\/gangnambeaute.com\/ar\/wp-json\/wp\/v2\/types\/product"}],"replies":[{"embeddable":true,"href":"https:\/\/gangnambeaute.com\/ar\/wp-json\/wp\/v2\/comments?post=44716"}],"version-history":[{"count":2,"href":"https:\/\/gangnambeaute.com\/ar\/wp-json\/wp\/v2\/product\/44716\/revisions"}],"predecessor-version":[{"id":44723,"href":"https:\/\/gangnambeaute.com\/ar\/wp-json\/wp\/v2\/product\/44716\/revisions\/44723"}],"wp:featuredmedia":[{"embeddable":true,"href":"https:\/\/gangnambeaute.com\/ar\/wp-json\/wp\/v2\/media\/44717"}],"wp:attachment":[{"href":"https:\/\/gangnambeaute.com\/ar\/wp-json\/wp\/v2\/media?parent=44716"}],"wp:term":[{"taxonomy":"product_brand","embeddable":true,"href":"https:\/\/gangnambeaute.com\/ar\/wp-json\/wp\/v2\/product_brand?post=44716"},{"taxonomy":"product_cat","embeddable":true,"href":"https:\/\/gangnambeaute.com\/ar\/wp-json\/wp\/v2\/product_cat?post=44716"},{"taxonomy":"product_tag","embeddable":true,"href":"https:\/\/gangnambeaute.com\/ar\/wp-json\/wp\/v2\/product_tag?post=44716"}],"curies":[{"name":"wp","href":"https:\/\/api.w.org\/{rel}","templated":true}]}}