{"id":44681,"date":"2026-05-05T14:03:35","date_gmt":"2026-05-05T14:03:35","guid":{"rendered":"https:\/\/gangnambeaute.com\/?post_type=product&#038;p=44681"},"modified":"2026-05-05T14:04:55","modified_gmt":"2026-05-05T14:04:55","slug":"skin1004-madagascar-centella-tea-trica-b5-cream-creme-visage-75ml","status":"publish","type":"product","link":"https:\/\/gangnambeaute.com\/ar\/product\/skin1004-madagascar-centella-tea-trica-b5-cream-creme-visage-75ml\/","title":{"rendered":"SKIN1004 \u2013 Madagascar Centella Tea-Trica B5 Cream \u2013  Cr\u00e8me Visage \u2013 75ml"},"content":{"rendered":"<p><strong>Cette cr\u00e8me apaise instantan\u00e9ment les irritations et r\u00e9pare la peau<!--TgQPHd|[]--> gr\u00e2ce \u00e0 l&rsquo;arbre \u00e0 th\u00e9 antibact\u00e9rien et \u00e0 la vitamine B5 (panth\u00e9nol) qui r\u00e9g\u00e9n\u00e8re l&rsquo;\u00e9piderme.<\/strong><\/p>","protected":false},"excerpt":{"rendered":"<p><strong>Appliquez une quantit\u00e9 g\u00e9n\u00e9reuse sur l&rsquo;ensemble du visage comme derni\u00e8re \u00e9tape de votre routine<!--TgQPHd|[]-->, matin et soir, pour sceller l&rsquo;hydratation.<\/strong><!--TgQPHd|[]--><\/p>","protected":false},"featured_media":44682,"comment_status":"open","ping_status":"closed","template":"","meta":[],"product_brand":[1015,1046],"product_cat":[344,348,370,434],"product_tag":[],"class_list":{"0":"post-44681","1":"product","2":"type-product","3":"status-publish","4":"has-post-thumbnail","6":"product_brand-populare","7":"product_brand-skin-1004-populare","8":"product_cat-skincare","9":"product_cat-soin-concentre","10":"product_cat-cremes","11":"product_cat-nouveautes","13":"first","14":"outofstock","15":"shipping-taxable","16":"product-type-simple"},"_links":{"self":[{"href":"https:\/\/gangnambeaute.com\/ar\/wp-json\/wp\/v2\/product\/44681","targetHints":{"allow":["GET"]}}],"collection":[{"href":"https:\/\/gangnambeaute.com\/ar\/wp-json\/wp\/v2\/product"}],"about":[{"href":"https:\/\/gangnambeaute.com\/ar\/wp-json\/wp\/v2\/types\/product"}],"replies":[{"embeddable":true,"href":"https:\/\/gangnambeaute.com\/ar\/wp-json\/wp\/v2\/comments?post=44681"}],"version-history":[{"count":2,"href":"https:\/\/gangnambeaute.com\/ar\/wp-json\/wp\/v2\/product\/44681\/revisions"}],"predecessor-version":[{"id":44688,"href":"https:\/\/gangnambeaute.com\/ar\/wp-json\/wp\/v2\/product\/44681\/revisions\/44688"}],"wp:featuredmedia":[{"embeddable":true,"href":"https:\/\/gangnambeaute.com\/ar\/wp-json\/wp\/v2\/media\/44682"}],"wp:attachment":[{"href":"https:\/\/gangnambeaute.com\/ar\/wp-json\/wp\/v2\/media?parent=44681"}],"wp:term":[{"taxonomy":"product_brand","embeddable":true,"href":"https:\/\/gangnambeaute.com\/ar\/wp-json\/wp\/v2\/product_brand?post=44681"},{"taxonomy":"product_cat","embeddable":true,"href":"https:\/\/gangnambeaute.com\/ar\/wp-json\/wp\/v2\/product_cat?post=44681"},{"taxonomy":"product_tag","embeddable":true,"href":"https:\/\/gangnambeaute.com\/ar\/wp-json\/wp\/v2\/product_tag?post=44681"}],"curies":[{"name":"wp","href":"https:\/\/api.w.org\/{rel}","templated":true}]}}