{"id":44672,"date":"2026-05-05T13:51:00","date_gmt":"2026-05-05T13:51:00","guid":{"rendered":"https:\/\/gangnambeaute.com\/?post_type=product&#038;p=44672"},"modified":"2026-05-05T13:52:24","modified_gmt":"2026-05-05T13:52:24","slug":"skin1004-madagascar-centella-tone-brightening-capsule-cream-creme-visage-75-ml","status":"publish","type":"product","link":"https:\/\/gangnambeaute.com\/ar\/product\/skin1004-madagascar-centella-tone-brightening-capsule-cream-creme-visage-75-ml\/","title":{"rendered":"SKIN1004 \u2013 Madagascar Centella Tone Brightening Capsule Cream \u2013 Cr\u00e8me Visage \u2013 75 ml"},"content":{"rendered":"<p><strong>Cette cr\u00e8me estompe les taches et illumine le teint<!--TgQPHd|[]--> gr\u00e2ce \u00e0 des capsules de niacinamide qui fondent sur la peau pour unifier le visage sans irriter.<\/strong><\/p>","protected":false},"excerpt":{"rendered":"<p><strong>Appliquez une noisette sur votre visage propre et massez doucement pour faire \u00e9clater les capsules<!--TgQPHd|[]--> jusqu&rsquo;\u00e0 absorption compl\u00e8te.<\/strong><\/p>","protected":false},"featured_media":44673,"comment_status":"open","ping_status":"closed","template":"","meta":[],"product_brand":[],"product_cat":[118],"product_tag":[],"class_list":{"0":"post-44672","1":"product","2":"type-product","3":"status-publish","4":"has-post-thumbnail","6":"product_cat-default","8":"first","9":"outofstock","10":"shipping-taxable","11":"product-type-simple"},"_links":{"self":[{"href":"https:\/\/gangnambeaute.com\/ar\/wp-json\/wp\/v2\/product\/44672","targetHints":{"allow":["GET"]}}],"collection":[{"href":"https:\/\/gangnambeaute.com\/ar\/wp-json\/wp\/v2\/product"}],"about":[{"href":"https:\/\/gangnambeaute.com\/ar\/wp-json\/wp\/v2\/types\/product"}],"replies":[{"embeddable":true,"href":"https:\/\/gangnambeaute.com\/ar\/wp-json\/wp\/v2\/comments?post=44672"}],"version-history":[{"count":1,"href":"https:\/\/gangnambeaute.com\/ar\/wp-json\/wp\/v2\/product\/44672\/revisions"}],"predecessor-version":[{"id":44678,"href":"https:\/\/gangnambeaute.com\/ar\/wp-json\/wp\/v2\/product\/44672\/revisions\/44678"}],"wp:featuredmedia":[{"embeddable":true,"href":"https:\/\/gangnambeaute.com\/ar\/wp-json\/wp\/v2\/media\/44673"}],"wp:attachment":[{"href":"https:\/\/gangnambeaute.com\/ar\/wp-json\/wp\/v2\/media?parent=44672"}],"wp:term":[{"taxonomy":"product_brand","embeddable":true,"href":"https:\/\/gangnambeaute.com\/ar\/wp-json\/wp\/v2\/product_brand?post=44672"},{"taxonomy":"product_cat","embeddable":true,"href":"https:\/\/gangnambeaute.com\/ar\/wp-json\/wp\/v2\/product_cat?post=44672"},{"taxonomy":"product_tag","embeddable":true,"href":"https:\/\/gangnambeaute.com\/ar\/wp-json\/wp\/v2\/product_tag?post=44672"}],"curies":[{"name":"wp","href":"https:\/\/api.w.org\/{rel}","templated":true}]}}