{"id":44642,"date":"2026-05-05T12:29:38","date_gmt":"2026-05-05T12:29:38","guid":{"rendered":"https:\/\/gangnambeaute.com\/?post_type=product&#038;p=44642"},"modified":"2026-05-05T12:39:04","modified_gmt":"2026-05-05T12:39:04","slug":"skin1004-madagascar-centella-tone-brightening-tone-up-sunscreen-spf50-pa-50ml","status":"publish","type":"product","link":"https:\/\/gangnambeaute.com\/ar\/product\/skin1004-madagascar-centella-tone-brightening-tone-up-sunscreen-spf50-pa-50ml\/","title":{"rendered":"SKIN1004 \u2013 Madagascar Centella Tone Brightening Tone-Up Sunscreen SPF50+ PA++++- 50ml"},"content":{"rendered":"<p><strong>Ce solaire prot\u00e8ge des UV tout en unifiant le teint<!--TgQPHd|[]--> pour un effet \u00ab\u00a0bonne mine\u00a0\u00bb imm\u00e9diat gr\u00e2ce \u00e0 sa l\u00e9g\u00e8re teinte correctrice et \u00e0 la vitamine C.<\/strong><\/p>","protected":false},"excerpt":{"rendered":"<p>Etalez uniform\u00e9ment une quantit\u00e9 g\u00e9n\u00e9reuse sur le visage et le cou le matin, comme <strong class=\"Yjhzub\" data-sfc-root=\"c\" data-sfc-cb=\"\" data-complete=\"true\" data-processed=\"true\" data-copy-service-computed-style=\"font-family: &quot;Google Sans&quot;, Arial, sans-serif; font-size: 16px; font-weight: 600; margin: 0px; text-decoration: none; border-bottom: 0px rgb(10, 10, 10);\">derni\u00e8re \u00e9tape<!--TgQPHd|[]--><\/strong> de votre routine.<\/p>","protected":false},"featured_media":44643,"comment_status":"open","ping_status":"closed","template":"","meta":[],"product_brand":[1015,1046],"product_cat":[344,348,352,376,434],"product_tag":[],"class_list":{"0":"post-44642","1":"product","2":"type-product","3":"status-publish","4":"has-post-thumbnail","6":"product_brand-populare","7":"product_brand-skin-1004-populare","8":"product_cat-skincare","9":"product_cat-soin-concentre","10":"product_cat-soins-solaires","11":"product_cat-ecrans","12":"product_cat-nouveautes","14":"first","15":"outofstock","16":"shipping-taxable","17":"product-type-simple"},"_links":{"self":[{"href":"https:\/\/gangnambeaute.com\/ar\/wp-json\/wp\/v2\/product\/44642","targetHints":{"allow":["GET"]}}],"collection":[{"href":"https:\/\/gangnambeaute.com\/ar\/wp-json\/wp\/v2\/product"}],"about":[{"href":"https:\/\/gangnambeaute.com\/ar\/wp-json\/wp\/v2\/types\/product"}],"replies":[{"embeddable":true,"href":"https:\/\/gangnambeaute.com\/ar\/wp-json\/wp\/v2\/comments?post=44642"}],"version-history":[{"count":2,"href":"https:\/\/gangnambeaute.com\/ar\/wp-json\/wp\/v2\/product\/44642\/revisions"}],"predecessor-version":[{"id":44660,"href":"https:\/\/gangnambeaute.com\/ar\/wp-json\/wp\/v2\/product\/44642\/revisions\/44660"}],"wp:featuredmedia":[{"embeddable":true,"href":"https:\/\/gangnambeaute.com\/ar\/wp-json\/wp\/v2\/media\/44643"}],"wp:attachment":[{"href":"https:\/\/gangnambeaute.com\/ar\/wp-json\/wp\/v2\/media?parent=44642"}],"wp:term":[{"taxonomy":"product_brand","embeddable":true,"href":"https:\/\/gangnambeaute.com\/ar\/wp-json\/wp\/v2\/product_brand?post=44642"},{"taxonomy":"product_cat","embeddable":true,"href":"https:\/\/gangnambeaute.com\/ar\/wp-json\/wp\/v2\/product_cat?post=44642"},{"taxonomy":"product_tag","embeddable":true,"href":"https:\/\/gangnambeaute.com\/ar\/wp-json\/wp\/v2\/product_tag?post=44642"}],"curies":[{"name":"wp","href":"https:\/\/api.w.org\/{rel}","templated":true}]}}