{"id":44595,"date":"2026-05-04T15:38:39","date_gmt":"2026-05-04T15:38:39","guid":{"rendered":"https:\/\/gangnambeaute.com\/?post_type=product&#038;p=44595"},"modified":"2026-05-04T15:39:32","modified_gmt":"2026-05-04T15:39:32","slug":"medicube-kojic-acid-turmeric-vita-brightening-eye-gel-serum-30ml","status":"publish","type":"product","link":"https:\/\/gangnambeaute.com\/ar\/product\/medicube-kojic-acid-turmeric-vita-brightening-eye-gel-serum-30ml\/","title":{"rendered":"Medicube Kojic Acid Turmeric Vita Brightening Eye Gel Serum &#8211; 30ml"},"content":{"rendered":"<p><strong>Ce s\u00e9rum contour des yeux est un soin cibl\u00e9 qui \u00e9claircit les cernes sombres et d\u00e9congestionne le regard<!--TgQPHd|[]--> gr\u00e2ce \u00e0 l&rsquo;action combin\u00e9e de l&rsquo;acide kojique, du curcuma et des vitamines.\u00a0<\/strong><\/p>","protected":false},"excerpt":{"rendered":"<div class=\"n6owBd awi2gc\" data-sfc-cp=\"\" data-sfc-root=\"c\" data-sfc-cb=\"\" data-hveid=\"CAEIAhAA\" data-processed=\"true\" data-complete=\"true\" data-copy-service-computed-style=\"font-family: &quot;Google Sans&quot;, Arial, sans-serif; font-size: 16px; font-weight: 400; margin: 12px 0px 16px; text-decoration: none; border-bottom: 0px rgb(10, 10, 10);\"><strong>Appliquez une petite goutte sous chaque \u0153il et massez d\u00e9licatement avec l&#8217;embout ou l&rsquo;annulaire<!--TgQPHd|[]--> du coin interne vers le coin externe jusqu&rsquo;\u00e0 absorption.<\/strong><!--TgQPHd|[]--><\/div>","protected":false},"featured_media":44596,"comment_status":"open","ping_status":"closed","template":"","meta":[],"product_brand":[1015,1058],"product_cat":[348,353,379,434],"product_tag":[],"class_list":{"0":"post-44595","1":"product","2":"type-product","3":"status-publish","4":"has-post-thumbnail","6":"product_brand-populare","7":"product_brand-medicube-populare","8":"product_cat-soin-concentre","9":"product_cat-soins-des-yeux","10":"product_cat-creme-contour-des-yeux","11":"product_cat-nouveautes","13":"first","14":"outofstock","15":"shipping-taxable","16":"product-type-simple"},"_links":{"self":[{"href":"https:\/\/gangnambeaute.com\/ar\/wp-json\/wp\/v2\/product\/44595","targetHints":{"allow":["GET"]}}],"collection":[{"href":"https:\/\/gangnambeaute.com\/ar\/wp-json\/wp\/v2\/product"}],"about":[{"href":"https:\/\/gangnambeaute.com\/ar\/wp-json\/wp\/v2\/types\/product"}],"replies":[{"embeddable":true,"href":"https:\/\/gangnambeaute.com\/ar\/wp-json\/wp\/v2\/comments?post=44595"}],"version-history":[{"count":2,"href":"https:\/\/gangnambeaute.com\/ar\/wp-json\/wp\/v2\/product\/44595\/revisions"}],"predecessor-version":[{"id":44602,"href":"https:\/\/gangnambeaute.com\/ar\/wp-json\/wp\/v2\/product\/44595\/revisions\/44602"}],"wp:featuredmedia":[{"embeddable":true,"href":"https:\/\/gangnambeaute.com\/ar\/wp-json\/wp\/v2\/media\/44596"}],"wp:attachment":[{"href":"https:\/\/gangnambeaute.com\/ar\/wp-json\/wp\/v2\/media?parent=44595"}],"wp:term":[{"taxonomy":"product_brand","embeddable":true,"href":"https:\/\/gangnambeaute.com\/ar\/wp-json\/wp\/v2\/product_brand?post=44595"},{"taxonomy":"product_cat","embeddable":true,"href":"https:\/\/gangnambeaute.com\/ar\/wp-json\/wp\/v2\/product_cat?post=44595"},{"taxonomy":"product_tag","embeddable":true,"href":"https:\/\/gangnambeaute.com\/ar\/wp-json\/wp\/v2\/product_tag?post=44595"}],"curies":[{"name":"wp","href":"https:\/\/api.w.org\/{rel}","templated":true}]}}