{"id":44586,"date":"2026-05-04T15:22:03","date_gmt":"2026-05-04T15:22:03","guid":{"rendered":"https:\/\/gangnambeaute.com\/?post_type=product&#038;p=44586"},"modified":"2026-05-04T15:27:31","modified_gmt":"2026-05-04T15:27:31","slug":"medicube-kojic-acid-turmeric-resurfacing-toner-tonique-eclaircissant-250ml","status":"publish","type":"product","link":"https:\/\/gangnambeaute.com\/ar\/product\/medicube-kojic-acid-turmeric-resurfacing-toner-tonique-eclaircissant-250ml\/","title":{"rendered":"Medicube Kojic Acid Turmeric Resurfacing Toner &#8211; Tonique \u00e9claircissant &#8211; 250ml"},"content":{"rendered":"<p><strong>Ce toner est un soin resurfa\u00e7ant qui lisse le grain de peau et \u00e9limine les taches pigmentaires<!--TgQPHd|[]--> en combinant l&rsquo;action exfoliante des acides avec les propri\u00e9t\u00e9s \u00e9claircissantes du curcuma et de l&rsquo;acide kojique.<\/strong><\/p>","protected":false},"excerpt":{"rendered":"<p><strong>Imbibez un coton de produit et passez-le sur votre visage propre et sec (en \u00e9vitant le contour des yeux) ou tapotez-le directement avec les mains comme premi\u00e8re \u00e9tape<!--TgQPHd|[]--> de votre routine de soin.<\/strong><\/p>","protected":false},"featured_media":44593,"comment_status":"open","ping_status":"closed","template":"","meta":[],"product_brand":[1015,1058],"product_cat":[344,347,348,363,434],"product_tag":[],"class_list":{"0":"post-44586","1":"product","2":"type-product","3":"status-publish","4":"has-post-thumbnail","6":"product_brand-populare","7":"product_brand-medicube-populare","8":"product_cat-skincare","9":"product_cat-toniques","10":"product_cat-soin-concentre","11":"product_cat-toniques-exfoliants","12":"product_cat-nouveautes","14":"first","15":"outofstock","16":"shipping-taxable","17":"product-type-simple"},"_links":{"self":[{"href":"https:\/\/gangnambeaute.com\/ar\/wp-json\/wp\/v2\/product\/44586","targetHints":{"allow":["GET"]}}],"collection":[{"href":"https:\/\/gangnambeaute.com\/ar\/wp-json\/wp\/v2\/product"}],"about":[{"href":"https:\/\/gangnambeaute.com\/ar\/wp-json\/wp\/v2\/types\/product"}],"replies":[{"embeddable":true,"href":"https:\/\/gangnambeaute.com\/ar\/wp-json\/wp\/v2\/comments?post=44586"}],"version-history":[{"count":2,"href":"https:\/\/gangnambeaute.com\/ar\/wp-json\/wp\/v2\/product\/44586\/revisions"}],"predecessor-version":[{"id":44594,"href":"https:\/\/gangnambeaute.com\/ar\/wp-json\/wp\/v2\/product\/44586\/revisions\/44594"}],"wp:featuredmedia":[{"embeddable":true,"href":"https:\/\/gangnambeaute.com\/ar\/wp-json\/wp\/v2\/media\/44593"}],"wp:attachment":[{"href":"https:\/\/gangnambeaute.com\/ar\/wp-json\/wp\/v2\/media?parent=44586"}],"wp:term":[{"taxonomy":"product_brand","embeddable":true,"href":"https:\/\/gangnambeaute.com\/ar\/wp-json\/wp\/v2\/product_brand?post=44586"},{"taxonomy":"product_cat","embeddable":true,"href":"https:\/\/gangnambeaute.com\/ar\/wp-json\/wp\/v2\/product_cat?post=44586"},{"taxonomy":"product_tag","embeddable":true,"href":"https:\/\/gangnambeaute.com\/ar\/wp-json\/wp\/v2\/product_tag?post=44586"}],"curies":[{"name":"wp","href":"https:\/\/api.w.org\/{rel}","templated":true}]}}