{"id":44562,"date":"2026-05-04T14:48:55","date_gmt":"2026-05-04T14:48:55","guid":{"rendered":"https:\/\/gangnambeaute.com\/?post_type=product&#038;p=44562"},"modified":"2026-05-04T14:50:18","modified_gmt":"2026-05-04T14:50:18","slug":"dr-melaxin-cemenrete-cyano-pink-spicule-serum-30ml","status":"publish","type":"product","link":"https:\/\/gangnambeaute.com\/ar\/product\/dr-melaxin-cemenrete-cyano-pink-spicule-serum-30ml\/","title":{"rendered":"Dr.Melaxin \u2013 Cemenrete Cyano Pink Spicule Serum &#8211; 30ml"},"content":{"rendered":"<p><strong>Ce s\u00e9rum est un soin booster qui acc\u00e9l\u00e8re la r\u00e9g\u00e9n\u00e9ration de la peau et r\u00e9duit les rides profondes<!--TgQPHd|[]--> en utilisant des micro-aiguilles naturelles (spicules) pour d\u00e9livrer des nutriments essentiels au c\u0153ur de l&rsquo;\u00e9piderme.<\/strong><\/p>","protected":false},"excerpt":{"rendered":"<p><strong>Appliquez 2 \u00e0 3 pompes<!--TgQPHd|[]--> sur le visage propre le soir en pressant d\u00e9licatement avec vos doigts pour faire p\u00e9n\u00e9trer les spicules, avant d&rsquo;appliquer votre cr\u00e8me hydratante.<\/strong><\/p>","protected":false},"featured_media":44563,"comment_status":"open","ping_status":"closed","template":"","meta":[],"product_brand":[1015,1032],"product_cat":[344,348,368,434],"product_tag":[],"class_list":{"0":"post-44562","1":"product","2":"type-product","3":"status-publish","4":"has-post-thumbnail","6":"product_brand-populare","7":"product_brand-dr-melaxin","8":"product_cat-skincare","9":"product_cat-soin-concentre","10":"product_cat-serums","11":"product_cat-nouveautes","13":"first","14":"outofstock","15":"shipping-taxable","16":"product-type-simple"},"_links":{"self":[{"href":"https:\/\/gangnambeaute.com\/ar\/wp-json\/wp\/v2\/product\/44562","targetHints":{"allow":["GET"]}}],"collection":[{"href":"https:\/\/gangnambeaute.com\/ar\/wp-json\/wp\/v2\/product"}],"about":[{"href":"https:\/\/gangnambeaute.com\/ar\/wp-json\/wp\/v2\/types\/product"}],"replies":[{"embeddable":true,"href":"https:\/\/gangnambeaute.com\/ar\/wp-json\/wp\/v2\/comments?post=44562"}],"version-history":[{"count":4,"href":"https:\/\/gangnambeaute.com\/ar\/wp-json\/wp\/v2\/product\/44562\/revisions"}],"predecessor-version":[{"id":44571,"href":"https:\/\/gangnambeaute.com\/ar\/wp-json\/wp\/v2\/product\/44562\/revisions\/44571"}],"wp:featuredmedia":[{"embeddable":true,"href":"https:\/\/gangnambeaute.com\/ar\/wp-json\/wp\/v2\/media\/44563"}],"wp:attachment":[{"href":"https:\/\/gangnambeaute.com\/ar\/wp-json\/wp\/v2\/media?parent=44562"}],"wp:term":[{"taxonomy":"product_brand","embeddable":true,"href":"https:\/\/gangnambeaute.com\/ar\/wp-json\/wp\/v2\/product_brand?post=44562"},{"taxonomy":"product_cat","embeddable":true,"href":"https:\/\/gangnambeaute.com\/ar\/wp-json\/wp\/v2\/product_cat?post=44562"},{"taxonomy":"product_tag","embeddable":true,"href":"https:\/\/gangnambeaute.com\/ar\/wp-json\/wp\/v2\/product_tag?post=44562"}],"curies":[{"name":"wp","href":"https:\/\/api.w.org\/{rel}","templated":true}]}}