{"id":44439,"date":"2026-04-27T12:02:26","date_gmt":"2026-04-27T12:02:26","guid":{"rendered":"https:\/\/gangnambeaute.com\/?post_type=product&#038;p=44439"},"modified":"2026-04-27T15:51:40","modified_gmt":"2026-04-27T15:51:40","slug":"ksecret-seoul-1988-boosting-serum-collagen-complex-7-red-ginseng-3-30ml","status":"publish","type":"product","link":"https:\/\/gangnambeaute.com\/ar\/product\/ksecret-seoul-1988-boosting-serum-collagen-complex-7-red-ginseng-3-30ml\/","title":{"rendered":"K-SECRET- SEOUL 1988 Boosting Serum : Collagen Complex 7 + Red Ginseng 3 &#8211; 30ml"},"content":{"rendered":"<p><strong>C&rsquo;est un s\u00e9rum revitalisant qui combine\u00a07 types de collag\u00e8ne\u00a0et du\u00a0ginseng rouge pour raffermir la peau et lisser les rides en profondeur.<\/strong><\/p>","protected":false},"excerpt":{"rendered":"<div class=\"n6owBd awi2gc\" data-sfc-cp=\"\" data-sfc-root=\"c\" data-sfc-cb=\"\" data-hveid=\"CAEIARAA\" data-complete=\"true\" data-processed=\"true\"><strong>Appliquez quelques gouttes sur votre visage propre et massez d\u00e9licatement jusqu&rsquo;\u00e0 absorption compl\u00e8te avant de mettre votre cr\u00e8me hydratante.<\/strong><\/div>","protected":false},"featured_media":44448,"comment_status":"open","ping_status":"closed","template":"","meta":[],"product_brand":[1015,1027],"product_cat":[344,348,368,434],"product_tag":[],"class_list":{"0":"post-44439","1":"product","2":"type-product","3":"status-publish","4":"has-post-thumbnail","6":"product_brand-populare","7":"product_brand-k-secret","8":"product_cat-skincare","9":"product_cat-soin-concentre","10":"product_cat-serums","11":"product_cat-nouveautes","13":"first","14":"outofstock","15":"sale","16":"shipping-taxable","17":"purchasable","18":"product-type-simple"},"_links":{"self":[{"href":"https:\/\/gangnambeaute.com\/ar\/wp-json\/wp\/v2\/product\/44439","targetHints":{"allow":["GET"]}}],"collection":[{"href":"https:\/\/gangnambeaute.com\/ar\/wp-json\/wp\/v2\/product"}],"about":[{"href":"https:\/\/gangnambeaute.com\/ar\/wp-json\/wp\/v2\/types\/product"}],"replies":[{"embeddable":true,"href":"https:\/\/gangnambeaute.com\/ar\/wp-json\/wp\/v2\/comments?post=44439"}],"version-history":[{"count":5,"href":"https:\/\/gangnambeaute.com\/ar\/wp-json\/wp\/v2\/product\/44439\/revisions"}],"predecessor-version":[{"id":44464,"href":"https:\/\/gangnambeaute.com\/ar\/wp-json\/wp\/v2\/product\/44439\/revisions\/44464"}],"wp:featuredmedia":[{"embeddable":true,"href":"https:\/\/gangnambeaute.com\/ar\/wp-json\/wp\/v2\/media\/44448"}],"wp:attachment":[{"href":"https:\/\/gangnambeaute.com\/ar\/wp-json\/wp\/v2\/media?parent=44439"}],"wp:term":[{"taxonomy":"product_brand","embeddable":true,"href":"https:\/\/gangnambeaute.com\/ar\/wp-json\/wp\/v2\/product_brand?post=44439"},{"taxonomy":"product_cat","embeddable":true,"href":"https:\/\/gangnambeaute.com\/ar\/wp-json\/wp\/v2\/product_cat?post=44439"},{"taxonomy":"product_tag","embeddable":true,"href":"https:\/\/gangnambeaute.com\/ar\/wp-json\/wp\/v2\/product_tag?post=44439"}],"curies":[{"name":"wp","href":"https:\/\/api.w.org\/{rel}","templated":true}]}}