{"id":43269,"date":"2026-03-12T13:36:25","date_gmt":"2026-03-12T13:36:25","guid":{"rendered":"https:\/\/gangnambeaute.com\/?post_type=product&#038;p=43269"},"modified":"2026-04-21T21:53:52","modified_gmt":"2026-04-21T21:53:52","slug":"celimax-the-real-noni-moisture-balancing-toner-150ml","status":"publish","type":"product","link":"https:\/\/gangnambeaute.com\/ar\/product\/celimax-the-real-noni-moisture-balancing-toner-150ml\/","title":{"rendered":"Celimax &#8211; The Real Noni Moisture Balancing Toner &#8211;  Eau tonifiante &#8211; 150ml"},"content":{"rendered":"<div class=\"Y3BBE\" data-sfc-cp=\"\" data-sfc-cb=\"\" data-hveid=\"CAEIAhAA\" data-processed=\"true\" data-complete=\"true\"><strong>Ce tonique au\u00a0noni (80 %) et \u00e0 l&rsquo;huile de romarin nourrit et apaise intens\u00e9ment les peaux fatigu\u00e9es pour un teint revitalis\u00e9.<\/strong><\/div>","protected":false},"excerpt":{"rendered":"<div class=\"Y3BBE\" data-sfc-cp=\"\" data-sfc-cb=\"\" data-hveid=\"CAEIAxAA\" data-complete=\"true\" data-processed=\"true\"><strong>Appliquez sur\u00a0visage propre \u00e0 l&rsquo;aide d&rsquo;un coton ou directement avec les mains en tapotant jusqu&rsquo;\u00e0 absorption compl\u00e8te.<\/strong><\/div>","protected":false},"featured_media":43270,"comment_status":"open","ping_status":"closed","template":"","meta":[],"product_brand":[1015,1059],"product_cat":[344,347,348,364,366,434],"product_tag":[],"class_list":{"0":"post-43269","1":"product","2":"type-product","3":"status-publish","4":"has-post-thumbnail","6":"product_brand-populare","7":"product_brand-celimax-populare","8":"product_cat-skincare","9":"product_cat-toniques","10":"product_cat-soin-concentre","11":"product_cat-toniques-calmants","12":"product_cat-toniques-hydratants-toniques","13":"product_cat-nouveautes","15":"first","16":"instock","17":"sale","18":"shipping-taxable","19":"purchasable","20":"product-type-simple"},"_links":{"self":[{"href":"https:\/\/gangnambeaute.com\/ar\/wp-json\/wp\/v2\/product\/43269","targetHints":{"allow":["GET"]}}],"collection":[{"href":"https:\/\/gangnambeaute.com\/ar\/wp-json\/wp\/v2\/product"}],"about":[{"href":"https:\/\/gangnambeaute.com\/ar\/wp-json\/wp\/v2\/types\/product"}],"replies":[{"embeddable":true,"href":"https:\/\/gangnambeaute.com\/ar\/wp-json\/wp\/v2\/comments?post=43269"}],"version-history":[{"count":3,"href":"https:\/\/gangnambeaute.com\/ar\/wp-json\/wp\/v2\/product\/43269\/revisions"}],"predecessor-version":[{"id":43987,"href":"https:\/\/gangnambeaute.com\/ar\/wp-json\/wp\/v2\/product\/43269\/revisions\/43987"}],"wp:featuredmedia":[{"embeddable":true,"href":"https:\/\/gangnambeaute.com\/ar\/wp-json\/wp\/v2\/media\/43270"}],"wp:attachment":[{"href":"https:\/\/gangnambeaute.com\/ar\/wp-json\/wp\/v2\/media?parent=43269"}],"wp:term":[{"taxonomy":"product_brand","embeddable":true,"href":"https:\/\/gangnambeaute.com\/ar\/wp-json\/wp\/v2\/product_brand?post=43269"},{"taxonomy":"product_cat","embeddable":true,"href":"https:\/\/gangnambeaute.com\/ar\/wp-json\/wp\/v2\/product_cat?post=43269"},{"taxonomy":"product_tag","embeddable":true,"href":"https:\/\/gangnambeaute.com\/ar\/wp-json\/wp\/v2\/product_tag?post=43269"}],"curies":[{"name":"wp","href":"https:\/\/api.w.org\/{rel}","templated":true}]}}