{"id":43252,"date":"2026-03-12T12:59:25","date_gmt":"2026-03-12T12:59:25","guid":{"rendered":"https:\/\/gangnambeaute.com\/?post_type=product&#038;p=43252"},"modified":"2026-04-11T02:55:36","modified_gmt":"2026-04-11T02:55:36","slug":"manyo-galactomy-essence-cream-creme-visage-50ml","status":"publish","type":"product","link":"https:\/\/gangnambeaute.com\/ar\/product\/manyo-galactomy-essence-cream-creme-visage-50ml\/","title":{"rendered":"Ma:nyo &#8211; Galactomy Essence Cream &#8211; Cr\u00e8me visage &#8211; 50ml"},"content":{"rendered":"<div class=\"Y3BBE\" data-sfc-cp=\"\" data-sfc-cb=\"\" data-hveid=\"CAEIAhAA\" data-complete=\"true\" data-processed=\"true\"><strong>Cette cr\u00e8me \u00e0 l&rsquo;essence de galactomyces hydrate intens\u00e9ment et unifie le grain de peau pour un teint plus lumineux et lisse.<\/strong><\/div>","protected":false},"excerpt":{"rendered":"<p><strong>Appliquez une noisette sur votre\u00a0visage propre\u00a0matin et soir comme derni\u00e8re \u00e9tape de votre routine d&rsquo;hydratation.<\/strong><\/p>","protected":false},"featured_media":43259,"comment_status":"open","ping_status":"closed","template":"","meta":[],"product_brand":[1026,1015],"product_cat":[344,348,367,370],"product_tag":[],"class_list":{"0":"post-43252","1":"product","2":"type-product","3":"status-publish","4":"has-post-thumbnail","6":"product_brand-manyo","7":"product_brand-populare","8":"product_cat-skincare","9":"product_cat-soin-concentre","10":"product_cat-essences","11":"product_cat-cremes","13":"first","14":"instock","15":"sale","16":"shipping-taxable","17":"purchasable","18":"product-type-simple"},"_links":{"self":[{"href":"https:\/\/gangnambeaute.com\/ar\/wp-json\/wp\/v2\/product\/43252","targetHints":{"allow":["GET"]}}],"collection":[{"href":"https:\/\/gangnambeaute.com\/ar\/wp-json\/wp\/v2\/product"}],"about":[{"href":"https:\/\/gangnambeaute.com\/ar\/wp-json\/wp\/v2\/types\/product"}],"replies":[{"embeddable":true,"href":"https:\/\/gangnambeaute.com\/ar\/wp-json\/wp\/v2\/comments?post=43252"}],"version-history":[{"count":2,"href":"https:\/\/gangnambeaute.com\/ar\/wp-json\/wp\/v2\/product\/43252\/revisions"}],"predecessor-version":[{"id":43992,"href":"https:\/\/gangnambeaute.com\/ar\/wp-json\/wp\/v2\/product\/43252\/revisions\/43992"}],"wp:featuredmedia":[{"embeddable":true,"href":"https:\/\/gangnambeaute.com\/ar\/wp-json\/wp\/v2\/media\/43259"}],"wp:attachment":[{"href":"https:\/\/gangnambeaute.com\/ar\/wp-json\/wp\/v2\/media?parent=43252"}],"wp:term":[{"taxonomy":"product_brand","embeddable":true,"href":"https:\/\/gangnambeaute.com\/ar\/wp-json\/wp\/v2\/product_brand?post=43252"},{"taxonomy":"product_cat","embeddable":true,"href":"https:\/\/gangnambeaute.com\/ar\/wp-json\/wp\/v2\/product_cat?post=43252"},{"taxonomy":"product_tag","embeddable":true,"href":"https:\/\/gangnambeaute.com\/ar\/wp-json\/wp\/v2\/product_tag?post=43252"}],"curies":[{"name":"wp","href":"https:\/\/api.w.org\/{rel}","templated":true}]}}