{"id":43087,"date":"2026-03-06T15:47:48","date_gmt":"2026-03-06T15:47:48","guid":{"rendered":"https:\/\/gangnambeaute.com\/?post_type=product&#038;p=43087"},"modified":"2026-04-11T02:55:32","modified_gmt":"2026-04-11T02:55:32","slug":"medicube-azelaic-acid-capsule-cleansing-foam-120g","status":"publish","type":"product","link":"https:\/\/gangnambeaute.com\/ar\/product\/medicube-azelaic-acid-capsule-cleansing-foam-120g\/","title":{"rendered":"Medicube Azelaic Acid Capsule Cleansing Foam &#8211;  Gel nettoyant &#8211; 120g"},"content":{"rendered":"<div class=\"Y3BBE\" data-sfc-cp=\"\" data-sfc-cb=\"\" data-hveid=\"CAEIAhAA\" data-complete=\"true\" data-processed=\"true\"><strong>cette mousse nettoyante \u00e0 l&rsquo;acide az\u00e9la\u00efque purifie les pores et apaise les rougeurs pour un teint plus uniforme et net.<\/strong><\/div>","protected":false},"excerpt":{"rendered":"<p><strong>Faites mousser une noisette avec de l&rsquo;eau, massez sur\u00a0visage humide, puis rincez abondamment \u00e0 l&rsquo;eau ti\u00e8de.<\/strong><\/p>","protected":false},"featured_media":43111,"comment_status":"open","ping_status":"closed","template":"","meta":[],"product_brand":[1058,1015],"product_cat":[344,346,348,360,434],"product_tag":[],"class_list":{"0":"post-43087","1":"product","2":"type-product","3":"status-publish","4":"has-post-thumbnail","6":"product_brand-medicube-populare","7":"product_brand-populare","8":"product_cat-skincare","9":"product_cat-nettoyants","10":"product_cat-soin-concentre","11":"product_cat-gels-nettoyants","12":"product_cat-nouveautes","14":"first","15":"outofstock","16":"sale","17":"shipping-taxable","18":"purchasable","19":"product-type-simple"},"_links":{"self":[{"href":"https:\/\/gangnambeaute.com\/ar\/wp-json\/wp\/v2\/product\/43087","targetHints":{"allow":["GET"]}}],"collection":[{"href":"https:\/\/gangnambeaute.com\/ar\/wp-json\/wp\/v2\/product"}],"about":[{"href":"https:\/\/gangnambeaute.com\/ar\/wp-json\/wp\/v2\/types\/product"}],"replies":[{"embeddable":true,"href":"https:\/\/gangnambeaute.com\/ar\/wp-json\/wp\/v2\/comments?post=43087"}],"version-history":[{"count":2,"href":"https:\/\/gangnambeaute.com\/ar\/wp-json\/wp\/v2\/product\/43087\/revisions"}],"predecessor-version":[{"id":44001,"href":"https:\/\/gangnambeaute.com\/ar\/wp-json\/wp\/v2\/product\/43087\/revisions\/44001"}],"wp:featuredmedia":[{"embeddable":true,"href":"https:\/\/gangnambeaute.com\/ar\/wp-json\/wp\/v2\/media\/43111"}],"wp:attachment":[{"href":"https:\/\/gangnambeaute.com\/ar\/wp-json\/wp\/v2\/media?parent=43087"}],"wp:term":[{"taxonomy":"product_brand","embeddable":true,"href":"https:\/\/gangnambeaute.com\/ar\/wp-json\/wp\/v2\/product_brand?post=43087"},{"taxonomy":"product_cat","embeddable":true,"href":"https:\/\/gangnambeaute.com\/ar\/wp-json\/wp\/v2\/product_cat?post=43087"},{"taxonomy":"product_tag","embeddable":true,"href":"https:\/\/gangnambeaute.com\/ar\/wp-json\/wp\/v2\/product_tag?post=43087"}],"curies":[{"name":"wp","href":"https:\/\/api.w.org\/{rel}","templated":true}]}}