{"id":38460,"date":"2026-01-30T18:09:06","date_gmt":"2026-01-30T18:09:06","guid":{"rendered":"https:\/\/gangnambeaute.com\/?post_type=product&#038;p=38460"},"modified":"2026-04-11T02:55:27","modified_gmt":"2026-04-11T02:55:27","slug":"dr-althea-345-relief-cream-duo-pack-creme-visage-exclusive-kit","status":"publish","type":"product","link":"https:\/\/gangnambeaute.com\/ar\/product\/dr-althea-345-relief-cream-duo-pack-creme-visage-exclusive-kit\/","title":{"rendered":"Dr. Althea \u2013 345 Relief Cream duo pack \u2013 Cr\u00e8me visage &#8211; Exclusive kit"},"content":{"rendered":"<p>&nbsp;<\/p>\n<div class=\"Y3BBE\" data-sfc-cp=\"\" data-hveid=\"CAEIARAA\" data-complete=\"true\" data-processed=\"true\"><strong>Cette\u00a0cr\u00e8me antioxydante naturelle\u00a0prot\u00e8ge, lisse les ridules et hydrate intens\u00e9ment pour une peau ferme et \u00e9clatante sans ingr\u00e9dients artificiels.<button class=\"rBl3me\" tabindex=\"0\" data-amic=\"true\" data-icl-uuid=\"d1b2cd0f-28be-4dd0-80f7-1e3c4f6219a9\" aria-label=\"Afficher les liens associ\u00e9s\" data-wiz-attrbind=\"disabled=kZbFHc_c\/C5gNJc;aria-label=kZbFHc_c\/bOjMyf;class=kZbFHc_c\/UpSNec\" data-ved=\"2ahUKEwjBvq6EzvmSAxV0UqQEHTeyLAIQye0OegYIAQgBEAE\"><\/button><\/strong><\/div>\n<div class=\"Fsg96\" data-sfc-cp=\"\" data-complete=\"true\" data-processed=\"true\"><\/div>\n<p>&nbsp;<\/p>\n<p>&nbsp;<\/p>","protected":false},"excerpt":{"rendered":"<p><strong>Appliquez uniform\u00e9ment une quantit\u00e9 appropri\u00e9e de produit sur votre visage Et tapotez d\u00e9licatement pour une meilleure absorption.<\/strong><\/p>","protected":false},"featured_media":43866,"comment_status":"open","ping_status":"closed","template":"","meta":[],"product_brand":[1015,1047],"product_cat":[344,348,370],"product_tag":[],"class_list":{"0":"post-38460","1":"product","2":"type-product","3":"status-publish","4":"has-post-thumbnail","6":"product_brand-populare","7":"product_brand-dr-althea-populare","8":"product_cat-skincare","9":"product_cat-soin-concentre","10":"product_cat-cremes","12":"first","13":"outofstock","14":"sale","15":"shipping-taxable","16":"purchasable","17":"product-type-simple"},"_links":{"self":[{"href":"https:\/\/gangnambeaute.com\/ar\/wp-json\/wp\/v2\/product\/38460","targetHints":{"allow":["GET"]}}],"collection":[{"href":"https:\/\/gangnambeaute.com\/ar\/wp-json\/wp\/v2\/product"}],"about":[{"href":"https:\/\/gangnambeaute.com\/ar\/wp-json\/wp\/v2\/types\/product"}],"replies":[{"embeddable":true,"href":"https:\/\/gangnambeaute.com\/ar\/wp-json\/wp\/v2\/comments?post=38460"}],"version-history":[{"count":3,"href":"https:\/\/gangnambeaute.com\/ar\/wp-json\/wp\/v2\/product\/38460\/revisions"}],"predecessor-version":[{"id":42603,"href":"https:\/\/gangnambeaute.com\/ar\/wp-json\/wp\/v2\/product\/38460\/revisions\/42603"}],"wp:featuredmedia":[{"embeddable":true,"href":"https:\/\/gangnambeaute.com\/ar\/wp-json\/wp\/v2\/media\/43866"}],"wp:attachment":[{"href":"https:\/\/gangnambeaute.com\/ar\/wp-json\/wp\/v2\/media?parent=38460"}],"wp:term":[{"taxonomy":"product_brand","embeddable":true,"href":"https:\/\/gangnambeaute.com\/ar\/wp-json\/wp\/v2\/product_brand?post=38460"},{"taxonomy":"product_cat","embeddable":true,"href":"https:\/\/gangnambeaute.com\/ar\/wp-json\/wp\/v2\/product_cat?post=38460"},{"taxonomy":"product_tag","embeddable":true,"href":"https:\/\/gangnambeaute.com\/ar\/wp-json\/wp\/v2\/product_tag?post=38460"}],"curies":[{"name":"wp","href":"https:\/\/api.w.org\/{rel}","templated":true}]}}