{"id":38441,"date":"2026-01-29T13:15:51","date_gmt":"2026-01-29T13:15:51","guid":{"rendered":"https:\/\/gangnambeaute.com\/?post_type=product&#038;p=38441"},"modified":"2026-04-11T02:55:27","modified_gmt":"2026-04-11T02:55:27","slug":"medicube-zero-pore-cream-2-0-creme-visage-50ml","status":"publish","type":"product","link":"https:\/\/gangnambeaute.com\/ar\/product\/medicube-zero-pore-cream-2-0-creme-visage-50ml\/","title":{"rendered":"Medicube\u00a0&#8211;\u00a0Zero Pore Cream 2.0 &#8211; Cr\u00e8me Visage &#8211; 50ML"},"content":{"rendered":"<p><strong>Cette cr\u00e8me sert \u00e0\u00a0resserrer les pores et \u00e0 r\u00e9guler l&rsquo;exc\u00e8s de s\u00e9bum tout en hydratant la peau gr\u00e2ce \u00e0 son complexe brevet\u00e9 de contr\u00f4le des pores.<\/strong><\/p>","protected":false},"excerpt":{"rendered":"<p><strong>Appliquez une noisette sur votre visage propre et massez d\u00e9licatement jusqu&rsquo;\u00e0 absorption compl\u00e8te, matin et soir.<\/strong><\/p>","protected":false},"featured_media":42132,"comment_status":"open","ping_status":"closed","template":"","meta":[],"product_brand":[1015,1058],"product_cat":[344,348,370,434],"product_tag":[],"class_list":{"0":"post-38441","1":"product","2":"type-product","3":"status-publish","4":"has-post-thumbnail","6":"product_brand-populare","7":"product_brand-medicube-populare","8":"product_cat-skincare","9":"product_cat-soin-concentre","10":"product_cat-cremes","11":"product_cat-nouveautes","13":"first","14":"outofstock","15":"sale","16":"shipping-taxable","17":"purchasable","18":"product-type-simple"},"_links":{"self":[{"href":"https:\/\/gangnambeaute.com\/ar\/wp-json\/wp\/v2\/product\/38441","targetHints":{"allow":["GET"]}}],"collection":[{"href":"https:\/\/gangnambeaute.com\/ar\/wp-json\/wp\/v2\/product"}],"about":[{"href":"https:\/\/gangnambeaute.com\/ar\/wp-json\/wp\/v2\/types\/product"}],"replies":[{"embeddable":true,"href":"https:\/\/gangnambeaute.com\/ar\/wp-json\/wp\/v2\/comments?post=38441"}],"version-history":[{"count":4,"href":"https:\/\/gangnambeaute.com\/ar\/wp-json\/wp\/v2\/product\/38441\/revisions"}],"predecessor-version":[{"id":43943,"href":"https:\/\/gangnambeaute.com\/ar\/wp-json\/wp\/v2\/product\/38441\/revisions\/43943"}],"wp:featuredmedia":[{"embeddable":true,"href":"https:\/\/gangnambeaute.com\/ar\/wp-json\/wp\/v2\/media\/42132"}],"wp:attachment":[{"href":"https:\/\/gangnambeaute.com\/ar\/wp-json\/wp\/v2\/media?parent=38441"}],"wp:term":[{"taxonomy":"product_brand","embeddable":true,"href":"https:\/\/gangnambeaute.com\/ar\/wp-json\/wp\/v2\/product_brand?post=38441"},{"taxonomy":"product_cat","embeddable":true,"href":"https:\/\/gangnambeaute.com\/ar\/wp-json\/wp\/v2\/product_cat?post=38441"},{"taxonomy":"product_tag","embeddable":true,"href":"https:\/\/gangnambeaute.com\/ar\/wp-json\/wp\/v2\/product_tag?post=38441"}],"curies":[{"name":"wp","href":"https:\/\/api.w.org\/{rel}","templated":true}]}}