{"id":38357,"date":"2026-01-28T15:25:58","date_gmt":"2026-01-28T15:25:58","guid":{"rendered":"https:\/\/gangnambeaute.com\/?post_type=product&#038;p=38357"},"modified":"2026-04-11T02:55:29","modified_gmt":"2026-04-11T02:55:29","slug":"house-of-hur-glow-ampoule-tint-4-colors","status":"publish","type":"product","link":"https:\/\/gangnambeaute.com\/ar\/product\/house-of-hur-glow-ampoule-tint-4-colors\/","title":{"rendered":"House of Hur &#8211; Glow Ampoule Tint &#8211; Encre \u00e0 l\u00e8vres &#8211; 4 Colors"},"content":{"rendered":"<p><strong>Cette encre \u00e0 l\u00e8vres sert \u00e0\u00a0illuminer le sourire avec un fini ultra-brillant et hydratant, tout en laissant une couleur longue tenue gr\u00e2ce \u00e0 sa texture s\u00e9rum.<\/strong><\/p>","protected":false},"excerpt":{"rendered":"<div class=\"Y3BBE\" data-sfc-cp=\"\" data-sfc-cb=\"\" data-hveid=\"CAEIAhAA\" data-complete=\"true\" data-processed=\"true\"><strong>Appliquez le produit sur vos\u00a0l\u00e8vres propres en \u00e9tirant du centre vers l&rsquo;ext\u00e9rieur pour un \u00e9clat \u00ab\u00a0glowy\u00a0\u00bb imm\u00e9diat.<\/strong><\/div>","protected":false},"featured_media":43817,"comment_status":"open","ping_status":"closed","template":"","meta":[],"product_brand":[1008,1015],"product_cat":[388,389,391,395,405,434],"product_tag":[666],"class_list":{"0":"post-38357","1":"product","2":"type-product","3":"status-publish","4":"has-post-thumbnail","6":"product_brand-house-of-hur","7":"product_brand-populare","8":"product_cat-maquillage","9":"product_cat-visage","10":"product_cat-levres","11":"product_cat-blush","12":"product_cat-baume-teinte-pour-les-levres","13":"product_cat-nouveautes","14":"product_tag-coupcoeur","16":"first","17":"instock","18":"sale","19":"shipping-taxable","20":"purchasable","21":"product-type-variable"},"_links":{"self":[{"href":"https:\/\/gangnambeaute.com\/ar\/wp-json\/wp\/v2\/product\/38357","targetHints":{"allow":["GET"]}}],"collection":[{"href":"https:\/\/gangnambeaute.com\/ar\/wp-json\/wp\/v2\/product"}],"about":[{"href":"https:\/\/gangnambeaute.com\/ar\/wp-json\/wp\/v2\/types\/product"}],"replies":[{"embeddable":true,"href":"https:\/\/gangnambeaute.com\/ar\/wp-json\/wp\/v2\/comments?post=38357"}],"version-history":[{"count":4,"href":"https:\/\/gangnambeaute.com\/ar\/wp-json\/wp\/v2\/product\/38357\/revisions"}],"predecessor-version":[{"id":43818,"href":"https:\/\/gangnambeaute.com\/ar\/wp-json\/wp\/v2\/product\/38357\/revisions\/43818"}],"wp:featuredmedia":[{"embeddable":true,"href":"https:\/\/gangnambeaute.com\/ar\/wp-json\/wp\/v2\/media\/43817"}],"wp:attachment":[{"href":"https:\/\/gangnambeaute.com\/ar\/wp-json\/wp\/v2\/media?parent=38357"}],"wp:term":[{"taxonomy":"product_brand","embeddable":true,"href":"https:\/\/gangnambeaute.com\/ar\/wp-json\/wp\/v2\/product_brand?post=38357"},{"taxonomy":"product_cat","embeddable":true,"href":"https:\/\/gangnambeaute.com\/ar\/wp-json\/wp\/v2\/product_cat?post=38357"},{"taxonomy":"product_tag","embeddable":true,"href":"https:\/\/gangnambeaute.com\/ar\/wp-json\/wp\/v2\/product_tag?post=38357"}],"curies":[{"name":"wp","href":"https:\/\/api.w.org\/{rel}","templated":true}]}}