{"id":38343,"date":"2026-01-28T14:58:33","date_gmt":"2026-01-28T14:58:33","guid":{"rendered":"https:\/\/gangnambeaute.com\/?post_type=product&#038;p=38343"},"modified":"2026-04-11T02:55:22","modified_gmt":"2026-04-11T02:55:22","slug":"house-of-hur-weightless-sun-fluid-50ml","status":"publish","type":"product","link":"https:\/\/gangnambeaute.com\/ar\/product\/house-of-hur-weightless-sun-fluid-50ml\/","title":{"rendered":"House of Hur\u00a0&#8211;\u00a0Weightless Sun Fluid &#8211; Ecran solaire &#8211; 50ML"},"content":{"rendered":"<p><strong>Cet \u00e9cran solaire sert \u00e0\u00a0prot\u00e9ger des UV avec une texture fluide ultra-l\u00e9g\u00e8re qui p\u00e9n\u00e8tre instantan\u00e9ment sans laisser de film gras ni de traces blanches.<\/strong><\/p>","protected":false},"excerpt":{"rendered":"<p><strong>Cet \u00e9cran solaire sert \u00e0\u00a0prot\u00e9ger des UV avec une texture fluide ultra-l\u00e9g\u00e8re qui p\u00e9n\u00e8tre instantan\u00e9ment sans laisser de film gras ni de traces blanches.<\/strong><\/p>","protected":false},"featured_media":42118,"comment_status":"open","ping_status":"closed","template":"","meta":[],"product_brand":[1008,1015],"product_cat":[348,352,376,429,435],"product_tag":[],"class_list":{"0":"post-38343","1":"product","2":"type-product","3":"status-publish","4":"has-post-thumbnail","6":"product_brand-house-of-hur","7":"product_brand-populare","8":"product_cat-soin-concentre","9":"product_cat-soins-solaires","10":"product_cat-ecrans","11":"product_cat-soldes","12":"product_cat-retour-en-stock","14":"first","15":"outofstock","16":"sale","17":"shipping-taxable","18":"purchasable","19":"product-type-simple"},"_links":{"self":[{"href":"https:\/\/gangnambeaute.com\/ar\/wp-json\/wp\/v2\/product\/38343","targetHints":{"allow":["GET"]}}],"collection":[{"href":"https:\/\/gangnambeaute.com\/ar\/wp-json\/wp\/v2\/product"}],"about":[{"href":"https:\/\/gangnambeaute.com\/ar\/wp-json\/wp\/v2\/types\/product"}],"replies":[{"embeddable":true,"href":"https:\/\/gangnambeaute.com\/ar\/wp-json\/wp\/v2\/comments?post=38343"}],"version-history":[{"count":3,"href":"https:\/\/gangnambeaute.com\/ar\/wp-json\/wp\/v2\/product\/38343\/revisions"}],"predecessor-version":[{"id":43857,"href":"https:\/\/gangnambeaute.com\/ar\/wp-json\/wp\/v2\/product\/38343\/revisions\/43857"}],"wp:featuredmedia":[{"embeddable":true,"href":"https:\/\/gangnambeaute.com\/ar\/wp-json\/wp\/v2\/media\/42118"}],"wp:attachment":[{"href":"https:\/\/gangnambeaute.com\/ar\/wp-json\/wp\/v2\/media?parent=38343"}],"wp:term":[{"taxonomy":"product_brand","embeddable":true,"href":"https:\/\/gangnambeaute.com\/ar\/wp-json\/wp\/v2\/product_brand?post=38343"},{"taxonomy":"product_cat","embeddable":true,"href":"https:\/\/gangnambeaute.com\/ar\/wp-json\/wp\/v2\/product_cat?post=38343"},{"taxonomy":"product_tag","embeddable":true,"href":"https:\/\/gangnambeaute.com\/ar\/wp-json\/wp\/v2\/product_tag?post=38343"}],"curies":[{"name":"wp","href":"https:\/\/api.w.org\/{rel}","templated":true}]}}