{"id":38320,"date":"2026-01-27T16:25:45","date_gmt":"2026-01-27T16:25:45","guid":{"rendered":"https:\/\/gangnambeaute.com\/?post_type=product&#038;p=38320"},"modified":"2026-04-27T15:46:25","modified_gmt":"2026-04-27T15:46:25","slug":"seoul-1988-sun-pine-tree-ceramide-creme-solaire-50ml","status":"publish","type":"product","link":"https:\/\/gangnambeaute.com\/ar\/product\/seoul-1988-sun-pine-tree-ceramide-creme-solaire-50ml\/","title":{"rendered":"K-SECRET- SEOUL 1988 &#8211; Sun : Pine Tree + Ceramide &#8211; Cr\u00e8me Solaire &#8211; 50ml"},"content":{"rendered":"<p>Ingr\u00e9dients :<\/p>\n<p>Eau, propanediol, adipate de dibutyle, di\u00e9thylamino hydroxybenzoyl hexyl benzoate, salicylate de butyloctyle, triazone d&rsquo;\u00e9thylhexyle, niacinamide, m\u00e9thyl\u00e8ne bis-benzotriazolyl t\u00e9tram\u00e9thylbutylph\u00e9nol, polym\u00e9thylsilsesquioxane, coco-caprylate\/caprate, caprylyl m\u00e9thicone, di\u00e9thylhexyl butamido triazone, glyc\u00e9rine, extrait de bourgeon de Pinus sylvestris (10\u00a0009 ppm), butyl\u00e8ne glycol, 1,2-hexanediol, pentyl\u00e8ne glycol, extrait de fleur\/feuille\/tige de Cardiospermum halicacabum, extrait de racine d&rsquo;Hedychium coronarium, huile de graines d&rsquo;Echium plantagineum, alcool b\u00e9h\u00e9nylique, acrylate d&rsquo;alkyle en C10-30, dist\u00e9arate de polyglyc\u00e9ryl-3 m\u00e9thylglucose, octyldod\u00e9canol, d\u00e9cyl Glucoside, trom\u00e9thamine, carbom\u00e8re, polym\u00e8re crois\u00e9 d&rsquo;acrylates\/acrylate d&rsquo;alkyle en C10-30, st\u00e9aroyl glutamate de sodium, polym\u00e8re crois\u00e9 de polyacrylate-6, \u00e9thylhexylglyc\u00e9rine, ad\u00e9nosine, insaponifiables d&rsquo;huile de graines d&rsquo;Helianthus annuus (tournesol), gomme xanthane, caprylate de glyc\u00e9ryle, tocoph\u00e9rol, c\u00e9ramide NP (100 ppm), caprylyl glycol, nonapeptide-1, ac\u00e9tyl hexapeptide-8, tripeptide de cuivre-1, tripeptide-1, palmitoyl t\u00e9trapeptide-7, palmitoyl tripeptide-1, palmitoyl pentapeptide-4, hexapeptide-9<\/p>\n<p>Bienfaits et avantages :<\/p>\n<p>&#8211; Une cr\u00e8me solaire offrant un FPS 50+ PA++++, enrichie en extrait de pin et en c\u00e9ramide, apaise les peaux irrit\u00e9es et renforce la barri\u00e8re cutan\u00e9e.<\/p>\n<p>&#8211; Contient de l&rsquo;extrait de pin, ingr\u00e9dient cl\u00e9 de ce produit, pour r\u00e9duire les rougeurs, les d\u00e9mangeaisons et l&rsquo;inflammation.<\/p>\n<p>&#8211; Formul\u00e9 avec 4 types de filtres chimiques UV pour une protection UV-A et UV-B forte, s\u00fbre, durable et uniforme, sans effet blanc.<\/p>\n<p>&#8211; Une cr\u00e8me solaire ultra-l\u00e9g\u00e8re qui p\u00e9n\u00e8tre rapidement dans la peau, laissant un fini \u00e9clatant.<\/p>\n<p>&#8211; Sans allerg\u00e8nes courants, sans alcools agressifs, sans parab\u00e8nes, sans sulfates, sans colorants artificiels.<\/p>\n<p>&#8211; Test\u00e9 sous contr\u00f4le dermatologique pour peaux sensibles.<\/p>\n<p>Utilisation :<\/p>\n<ol>\n<li>En derni\u00e8re \u00e9tape de votre routine de soin du matin, appliquez une quantit\u00e9 appropri\u00e9e sur votre visage et votre cou.<\/li>\n<li>\u00a0Massez d\u00e9licatement jusqu&rsquo;\u00e0 absorption compl\u00e8te.<\/li>\n<\/ol>","protected":false},"excerpt":{"rendered":"<p>Ingr\u00e9dients : Eau, propanediol, adipate de dibutyle, di\u00e9thylamino hydroxybenzoyl hexyl benzoate, salicylate de butyloctyle, triazone d&rsquo;\u00e9thylhexyle, niacinamide, m\u00e9thyl\u00e8ne bis-benzotriazolyl t\u00e9tram\u00e9thylbutylph\u00e9nol,<\/p>","protected":false},"featured_media":42107,"comment_status":"open","ping_status":"closed","template":"","meta":[],"product_brand":[1015,1027],"product_cat":[344,348,352,376,434],"product_tag":[],"class_list":{"0":"post-38320","1":"product","2":"type-product","3":"status-publish","4":"has-post-thumbnail","6":"product_brand-populare","7":"product_brand-k-secret","8":"product_cat-skincare","9":"product_cat-soin-concentre","10":"product_cat-soins-solaires","11":"product_cat-ecrans","12":"product_cat-nouveautes","14":"first","15":"outofstock","16":"sale","17":"shipping-taxable","18":"purchasable","19":"product-type-simple"},"_links":{"self":[{"href":"https:\/\/gangnambeaute.com\/ar\/wp-json\/wp\/v2\/product\/38320","targetHints":{"allow":["GET"]}}],"collection":[{"href":"https:\/\/gangnambeaute.com\/ar\/wp-json\/wp\/v2\/product"}],"about":[{"href":"https:\/\/gangnambeaute.com\/ar\/wp-json\/wp\/v2\/types\/product"}],"replies":[{"embeddable":true,"href":"https:\/\/gangnambeaute.com\/ar\/wp-json\/wp\/v2\/comments?post=38320"}],"version-history":[{"count":3,"href":"https:\/\/gangnambeaute.com\/ar\/wp-json\/wp\/v2\/product\/38320\/revisions"}],"predecessor-version":[{"id":44470,"href":"https:\/\/gangnambeaute.com\/ar\/wp-json\/wp\/v2\/product\/38320\/revisions\/44470"}],"wp:featuredmedia":[{"embeddable":true,"href":"https:\/\/gangnambeaute.com\/ar\/wp-json\/wp\/v2\/media\/42107"}],"wp:attachment":[{"href":"https:\/\/gangnambeaute.com\/ar\/wp-json\/wp\/v2\/media?parent=38320"}],"wp:term":[{"taxonomy":"product_brand","embeddable":true,"href":"https:\/\/gangnambeaute.com\/ar\/wp-json\/wp\/v2\/product_brand?post=38320"},{"taxonomy":"product_cat","embeddable":true,"href":"https:\/\/gangnambeaute.com\/ar\/wp-json\/wp\/v2\/product_cat?post=38320"},{"taxonomy":"product_tag","embeddable":true,"href":"https:\/\/gangnambeaute.com\/ar\/wp-json\/wp\/v2\/product_tag?post=38320"}],"curies":[{"name":"wp","href":"https:\/\/api.w.org\/{rel}","templated":true}]}}