{"id":38302,"date":"2026-01-27T16:04:45","date_gmt":"2026-01-27T16:04:45","guid":{"rendered":"https:\/\/gangnambeaute.com\/?post_type=product&#038;p=38302"},"modified":"2026-04-11T02:55:20","modified_gmt":"2026-04-11T02:55:20","slug":"dr-reju-all-advanced-pdrn-rejuvenating-cream-creme-visage-60ml","status":"publish","type":"product","link":"https:\/\/gangnambeaute.com\/ar\/product\/dr-reju-all-advanced-pdrn-rejuvenating-cream-creme-visage-60ml\/","title":{"rendered":"Dr.Reju-All Advanced PDRN Rejuvenating Cream &#8211; Cr\u00e8me Visage &#8211; 60ml"},"content":{"rendered":"<p><strong>Cette cr\u00e8me sert \u00e0\u00a0r\u00e9g\u00e9n\u00e9rer la peau en profondeur et \u00e0 am\u00e9liorer son \u00e9lasticit\u00e9 gr\u00e2ce au PDRN (ADN de saumon) et aux peptides.<\/strong><\/p>","protected":false},"excerpt":{"rendered":"<div class=\"Y3BBE\" data-sfc-cp=\"\" data-sfc-cb=\"\" data-hveid=\"CAEIAhAA\" data-complete=\"true\" data-processed=\"true\"><strong>Appliquez une noisette sur votre\u00a0visage propre et massez d\u00e9licatement du bas vers le haut jusqu&rsquo;\u00e0 absorption compl\u00e8te.<\/strong><\/div>","protected":false},"featured_media":43776,"comment_status":"open","ping_status":"closed","template":"","meta":[],"product_brand":[1015,1034],"product_cat":[344,348,370,434],"product_tag":[],"class_list":{"0":"post-38302","1":"product","2":"type-product","3":"status-publish","4":"has-post-thumbnail","6":"product_brand-populare","7":"product_brand-dr-reju-all","8":"product_cat-skincare","9":"product_cat-soin-concentre","10":"product_cat-cremes","11":"product_cat-nouveautes","13":"first","14":"instock","15":"sale","16":"shipping-taxable","17":"purchasable","18":"product-type-simple"},"_links":{"self":[{"href":"https:\/\/gangnambeaute.com\/ar\/wp-json\/wp\/v2\/product\/38302","targetHints":{"allow":["GET"]}}],"collection":[{"href":"https:\/\/gangnambeaute.com\/ar\/wp-json\/wp\/v2\/product"}],"about":[{"href":"https:\/\/gangnambeaute.com\/ar\/wp-json\/wp\/v2\/types\/product"}],"replies":[{"embeddable":true,"href":"https:\/\/gangnambeaute.com\/ar\/wp-json\/wp\/v2\/comments?post=38302"}],"version-history":[{"count":3,"href":"https:\/\/gangnambeaute.com\/ar\/wp-json\/wp\/v2\/product\/38302\/revisions"}],"predecessor-version":[{"id":43777,"href":"https:\/\/gangnambeaute.com\/ar\/wp-json\/wp\/v2\/product\/38302\/revisions\/43777"}],"wp:featuredmedia":[{"embeddable":true,"href":"https:\/\/gangnambeaute.com\/ar\/wp-json\/wp\/v2\/media\/43776"}],"wp:attachment":[{"href":"https:\/\/gangnambeaute.com\/ar\/wp-json\/wp\/v2\/media?parent=38302"}],"wp:term":[{"taxonomy":"product_brand","embeddable":true,"href":"https:\/\/gangnambeaute.com\/ar\/wp-json\/wp\/v2\/product_brand?post=38302"},{"taxonomy":"product_cat","embeddable":true,"href":"https:\/\/gangnambeaute.com\/ar\/wp-json\/wp\/v2\/product_cat?post=38302"},{"taxonomy":"product_tag","embeddable":true,"href":"https:\/\/gangnambeaute.com\/ar\/wp-json\/wp\/v2\/product_tag?post=38302"}],"curies":[{"name":"wp","href":"https:\/\/api.w.org\/{rel}","templated":true}]}}