{"id":38295,"date":"2026-01-27T15:59:53","date_gmt":"2026-01-27T15:59:53","guid":{"rendered":"https:\/\/gangnambeaute.com\/?post_type=product&#038;p=38295"},"modified":"2026-04-25T13:40:24","modified_gmt":"2026-04-25T13:40:24","slug":"dr-reju-all-advanced-pdrn-rejuvenating-cream-creme-visage-20ml","status":"publish","type":"product","link":"https:\/\/gangnambeaute.com\/ar\/product\/dr-reju-all-advanced-pdrn-rejuvenating-cream-creme-visage-20ml\/","title":{"rendered":"Dr.Reju-All &#8211; Advanced PDRN Rejuvenating Cream &#8211; Cr\u00e8me Visage &#8211; 20ML"},"content":{"rendered":"<p><strong>Alliant PDRN et collag\u00e8ne, ce soin r\u00e9g\u00e9n\u00e8re intens\u00e9ment votre peau pour r\u00e9duire les rides, l&rsquo;hydrater en profondeur et apaiser les rougeurs. Il unifie le teint et restaure la fermet\u00e9 pour un \u00e9clat naturel et une jeunesse visiblement retrouv\u00e9e.<\/strong><\/p>\n<p>&nbsp;<\/p>","protected":false},"excerpt":{"rendered":"<p><strong><span class=\"ng-star-inserted\">Matin et soir, massez d\u00e9licatement une petite quantit\u00e9 de cr\u00e8me sur votre visage et votre cou propres et secs jusqu&rsquo;\u00e0 absorption compl\u00e8te.<\/span><\/strong><\/p>","protected":false},"featured_media":42558,"comment_status":"open","ping_status":"closed","template":"","meta":[],"product_brand":[1015,1034],"product_cat":[344,348,370,434,435],"product_tag":[],"class_list":{"0":"post-38295","1":"product","2":"type-product","3":"status-publish","4":"has-post-thumbnail","6":"product_brand-populare","7":"product_brand-dr-reju-all","8":"product_cat-skincare","9":"product_cat-soin-concentre","10":"product_cat-cremes","11":"product_cat-nouveautes","12":"product_cat-retour-en-stock","14":"first","15":"outofstock","16":"sale","17":"shipping-taxable","18":"purchasable","19":"product-type-simple"},"_links":{"self":[{"href":"https:\/\/gangnambeaute.com\/ar\/wp-json\/wp\/v2\/product\/38295","targetHints":{"allow":["GET"]}}],"collection":[{"href":"https:\/\/gangnambeaute.com\/ar\/wp-json\/wp\/v2\/product"}],"about":[{"href":"https:\/\/gangnambeaute.com\/ar\/wp-json\/wp\/v2\/types\/product"}],"replies":[{"embeddable":true,"href":"https:\/\/gangnambeaute.com\/ar\/wp-json\/wp\/v2\/comments?post=38295"}],"version-history":[{"count":9,"href":"https:\/\/gangnambeaute.com\/ar\/wp-json\/wp\/v2\/product\/38295\/revisions"}],"predecessor-version":[{"id":44012,"href":"https:\/\/gangnambeaute.com\/ar\/wp-json\/wp\/v2\/product\/38295\/revisions\/44012"}],"wp:featuredmedia":[{"embeddable":true,"href":"https:\/\/gangnambeaute.com\/ar\/wp-json\/wp\/v2\/media\/42558"}],"wp:attachment":[{"href":"https:\/\/gangnambeaute.com\/ar\/wp-json\/wp\/v2\/media?parent=38295"}],"wp:term":[{"taxonomy":"product_brand","embeddable":true,"href":"https:\/\/gangnambeaute.com\/ar\/wp-json\/wp\/v2\/product_brand?post=38295"},{"taxonomy":"product_cat","embeddable":true,"href":"https:\/\/gangnambeaute.com\/ar\/wp-json\/wp\/v2\/product_cat?post=38295"},{"taxonomy":"product_tag","embeddable":true,"href":"https:\/\/gangnambeaute.com\/ar\/wp-json\/wp\/v2\/product_tag?post=38295"}],"curies":[{"name":"wp","href":"https:\/\/api.w.org\/{rel}","templated":true}]}}