{"id":38212,"date":"2026-01-27T13:56:37","date_gmt":"2026-01-27T13:56:37","guid":{"rendered":"https:\/\/gangnambeaute.com\/?post_type=product&#038;p=38212"},"modified":"2026-04-11T02:55:17","modified_gmt":"2026-04-11T02:55:17","slug":"purito-seoul-daily-soft-touch-sunscreen-2024-version-60ml","status":"publish","type":"product","link":"https:\/\/gangnambeaute.com\/ar\/product\/purito-seoul-daily-soft-touch-sunscreen-2024-version-60ml\/","title":{"rendered":"Purito SEOUL\u00a0&#8211;\u00a0Daily Soft Touch Sunscreen &#8211; Ecran solaire &#8211; 60ml"},"content":{"rendered":"<p>&nbsp;<\/p>\n<p><strong class=\"Yjhzub\" data-complete=\"true\" data-processed=\"true\" aria-owns=\"action-menu-parent-container\">Cette cr\u00e8me solaire FPS50+ hydrate intens\u00e9ment tout en offrant une protection ultra-longue dur\u00e9e de 10 heures. Sa formule hypoallerg\u00e9nique est id\u00e9ale pour prot\u00e9ger les peaux sensibles en un seul geste.<\/strong><\/p>","protected":false},"excerpt":{"rendered":"<div class=\"Y3BBE\" data-sfc-cp=\"\" data-hveid=\"CAEIAhAA\" data-complete=\"true\" data-processed=\"true\"><strong class=\"Yjhzub\" data-complete=\"true\" data-processed=\"true\">Appliquez g\u00e9n\u00e9reusement 15 minutes avant l&rsquo;exposition. R\u00e9appliquez au besoin durant la journ\u00e9e.<\/strong><\/div>","protected":false},"featured_media":42056,"comment_status":"open","ping_status":"closed","template":"","meta":[],"product_brand":[1015,1031],"product_cat":[348,352,376,434],"product_tag":[],"class_list":{"0":"post-38212","1":"product","2":"type-product","3":"status-publish","4":"has-post-thumbnail","6":"product_brand-populare","7":"product_brand-purito-seoul","8":"product_cat-soin-concentre","9":"product_cat-soins-solaires","10":"product_cat-ecrans","11":"product_cat-nouveautes","13":"first","14":"outofstock","15":"sale","16":"shipping-taxable","17":"purchasable","18":"product-type-simple"},"_links":{"self":[{"href":"https:\/\/gangnambeaute.com\/ar\/wp-json\/wp\/v2\/product\/38212","targetHints":{"allow":["GET"]}}],"collection":[{"href":"https:\/\/gangnambeaute.com\/ar\/wp-json\/wp\/v2\/product"}],"about":[{"href":"https:\/\/gangnambeaute.com\/ar\/wp-json\/wp\/v2\/types\/product"}],"replies":[{"embeddable":true,"href":"https:\/\/gangnambeaute.com\/ar\/wp-json\/wp\/v2\/comments?post=38212"}],"version-history":[{"count":7,"href":"https:\/\/gangnambeaute.com\/ar\/wp-json\/wp\/v2\/product\/38212\/revisions"}],"predecessor-version":[{"id":42387,"href":"https:\/\/gangnambeaute.com\/ar\/wp-json\/wp\/v2\/product\/38212\/revisions\/42387"}],"wp:featuredmedia":[{"embeddable":true,"href":"https:\/\/gangnambeaute.com\/ar\/wp-json\/wp\/v2\/media\/42056"}],"wp:attachment":[{"href":"https:\/\/gangnambeaute.com\/ar\/wp-json\/wp\/v2\/media?parent=38212"}],"wp:term":[{"taxonomy":"product_brand","embeddable":true,"href":"https:\/\/gangnambeaute.com\/ar\/wp-json\/wp\/v2\/product_brand?post=38212"},{"taxonomy":"product_cat","embeddable":true,"href":"https:\/\/gangnambeaute.com\/ar\/wp-json\/wp\/v2\/product_cat?post=38212"},{"taxonomy":"product_tag","embeddable":true,"href":"https:\/\/gangnambeaute.com\/ar\/wp-json\/wp\/v2\/product_tag?post=38212"}],"curies":[{"name":"wp","href":"https:\/\/api.w.org\/{rel}","templated":true}]}}