{"id":38196,"date":"2026-01-27T13:05:28","date_gmt":"2026-01-27T13:05:28","guid":{"rendered":"https:\/\/gangnambeaute.com\/?post_type=product&#038;p=38196"},"modified":"2026-04-11T02:55:16","modified_gmt":"2026-04-11T02:55:16","slug":"purito-seoul-txa-6-niacinamide-10-retinal-serum-30ml","status":"publish","type":"product","link":"https:\/\/gangnambeaute.com\/ar\/product\/purito-seoul-txa-6-niacinamide-10-retinal-serum-30ml\/","title":{"rendered":"Purito SEOUL\u00a0&#8211;\u00a0TXA 6 Niacinamide 10 Retinal Serum &#8211; S\u00e9rum visage &#8211; 30ML"},"content":{"rendered":"<p><strong>Ce s\u00e9rum \u00e9claircissant aux actifs puissants (R\u00e9tinal, TXA 6%, Niacinamide 10%) agit\u00a011 fois plus vite\u00a0que le r\u00e9tinol pour effacer les taches et booster l&rsquo;\u00e9clat. Sa formule douce et\u00a0v\u00e9gane\u00a0r\u00e9pare la barri\u00e8re cutan\u00e9e tout en respectant les\u00a0peaux sensibles.<\/strong><\/p>\n<p>&nbsp;<\/p>","protected":false},"excerpt":{"rendered":"<p><strong>\u00a0Agitez le flacon 3 \u00e0 5 fois, puis appliquez 1 \u00e0 2 gouttes sur la peau le matin et le soir.<\/strong><\/p>","protected":false},"featured_media":42560,"comment_status":"open","ping_status":"closed","template":"","meta":[],"product_brand":[1015,1031],"product_cat":[344,348,368,434],"product_tag":[],"class_list":{"0":"post-38196","1":"product","2":"type-product","3":"status-publish","4":"has-post-thumbnail","6":"product_brand-populare","7":"product_brand-purito-seoul","8":"product_cat-skincare","9":"product_cat-soin-concentre","10":"product_cat-serums","11":"product_cat-nouveautes","13":"first","14":"outofstock","15":"sale","16":"shipping-taxable","17":"purchasable","18":"product-type-simple"},"_links":{"self":[{"href":"https:\/\/gangnambeaute.com\/ar\/wp-json\/wp\/v2\/product\/38196","targetHints":{"allow":["GET"]}}],"collection":[{"href":"https:\/\/gangnambeaute.com\/ar\/wp-json\/wp\/v2\/product"}],"about":[{"href":"https:\/\/gangnambeaute.com\/ar\/wp-json\/wp\/v2\/types\/product"}],"replies":[{"embeddable":true,"href":"https:\/\/gangnambeaute.com\/ar\/wp-json\/wp\/v2\/comments?post=38196"}],"version-history":[{"count":4,"href":"https:\/\/gangnambeaute.com\/ar\/wp-json\/wp\/v2\/product\/38196\/revisions"}],"predecessor-version":[{"id":42523,"href":"https:\/\/gangnambeaute.com\/ar\/wp-json\/wp\/v2\/product\/38196\/revisions\/42523"}],"wp:featuredmedia":[{"embeddable":true,"href":"https:\/\/gangnambeaute.com\/ar\/wp-json\/wp\/v2\/media\/42560"}],"wp:attachment":[{"href":"https:\/\/gangnambeaute.com\/ar\/wp-json\/wp\/v2\/media?parent=38196"}],"wp:term":[{"taxonomy":"product_brand","embeddable":true,"href":"https:\/\/gangnambeaute.com\/ar\/wp-json\/wp\/v2\/product_brand?post=38196"},{"taxonomy":"product_cat","embeddable":true,"href":"https:\/\/gangnambeaute.com\/ar\/wp-json\/wp\/v2\/product_cat?post=38196"},{"taxonomy":"product_tag","embeddable":true,"href":"https:\/\/gangnambeaute.com\/ar\/wp-json\/wp\/v2\/product_tag?post=38196"}],"curies":[{"name":"wp","href":"https:\/\/api.w.org\/{rel}","templated":true}]}}