{"id":38131,"date":"2026-01-27T10:53:48","date_gmt":"2026-01-27T10:53:48","guid":{"rendered":"https:\/\/gangnambeaute.com\/?post_type=product&#038;p=38131"},"modified":"2026-04-11T02:55:10","modified_gmt":"2026-04-11T02:55:10","slug":"skin1004-lab-in-nature-madagascar-centella-retinol-0-2-30ml","status":"publish","type":"product","link":"https:\/\/gangnambeaute.com\/ar\/product\/skin1004-lab-in-nature-madagascar-centella-retinol-0-2-30ml\/","title":{"rendered":"SKIN1004\u00a0&#8211;\u00a0Lab in Nature Madagascar Centella Retinol 0.2% &#8211; S\u00e9rum visage &#8211; 30ml"},"content":{"rendered":"<p><strong>Ce s\u00e9rum sert \u00e0\u00a0lisser les rides et \u00e0 affiner le grain de peau gr\u00e2ce \u00e0 une concentration mod\u00e9r\u00e9e de 0,2 % de r\u00e9tinol pur.<\/strong><\/p>\n<p>&nbsp;<\/p>","protected":false},"excerpt":{"rendered":"<div class=\"Y3BBE\" data-sfc-cp=\"\" data-sfc-cb=\"\" data-hveid=\"CAEIAhAA\" data-complete=\"true\" data-processed=\"true\"><strong>Appliquez quelques gouttes sur votre\u00a0visage propre uniquement le soir, en commen\u00e7ant progressivement pour habituer votre peau.<\/strong><\/div>","protected":false},"featured_media":44147,"comment_status":"open","ping_status":"closed","template":"","meta":[],"product_brand":[1015,1046],"product_cat":[344,348,369,434],"product_tag":[666],"class_list":{"0":"post-38131","1":"product","2":"type-product","3":"status-publish","4":"has-post-thumbnail","6":"product_brand-populare","7":"product_brand-skin-1004-populare","8":"product_cat-skincare","9":"product_cat-soin-concentre","10":"product_cat-ampoules","11":"product_cat-nouveautes","12":"product_tag-coupcoeur","14":"first","15":"outofstock","16":"sale","17":"shipping-taxable","18":"purchasable","19":"product-type-simple"},"_links":{"self":[{"href":"https:\/\/gangnambeaute.com\/ar\/wp-json\/wp\/v2\/product\/38131","targetHints":{"allow":["GET"]}}],"collection":[{"href":"https:\/\/gangnambeaute.com\/ar\/wp-json\/wp\/v2\/product"}],"about":[{"href":"https:\/\/gangnambeaute.com\/ar\/wp-json\/wp\/v2\/types\/product"}],"replies":[{"embeddable":true,"href":"https:\/\/gangnambeaute.com\/ar\/wp-json\/wp\/v2\/comments?post=38131"}],"version-history":[{"count":4,"href":"https:\/\/gangnambeaute.com\/ar\/wp-json\/wp\/v2\/product\/38131\/revisions"}],"predecessor-version":[{"id":43671,"href":"https:\/\/gangnambeaute.com\/ar\/wp-json\/wp\/v2\/product\/38131\/revisions\/43671"}],"wp:featuredmedia":[{"embeddable":true,"href":"https:\/\/gangnambeaute.com\/ar\/wp-json\/wp\/v2\/media\/44147"}],"wp:attachment":[{"href":"https:\/\/gangnambeaute.com\/ar\/wp-json\/wp\/v2\/media?parent=38131"}],"wp:term":[{"taxonomy":"product_brand","embeddable":true,"href":"https:\/\/gangnambeaute.com\/ar\/wp-json\/wp\/v2\/product_brand?post=38131"},{"taxonomy":"product_cat","embeddable":true,"href":"https:\/\/gangnambeaute.com\/ar\/wp-json\/wp\/v2\/product_cat?post=38131"},{"taxonomy":"product_tag","embeddable":true,"href":"https:\/\/gangnambeaute.com\/ar\/wp-json\/wp\/v2\/product_tag?post=38131"}],"curies":[{"name":"wp","href":"https:\/\/api.w.org\/{rel}","templated":true}]}}