{"id":38080,"date":"2026-01-26T14:33:20","date_gmt":"2026-01-26T14:33:20","guid":{"rendered":"https:\/\/gangnambeaute.com\/?post_type=product&#038;p=38080"},"modified":"2026-04-21T21:53:54","modified_gmt":"2026-04-21T21:53:54","slug":"medicube-zero-pore-cooling-mask-masque-visage-27g","status":"publish","type":"product","link":"https:\/\/gangnambeaute.com\/ar\/product\/medicube-zero-pore-cooling-mask-masque-visage-27g\/","title":{"rendered":"Medicube\u00a0&#8211;\u00a0Zero Pore Cooling Mask\u00a0&#8211; Masque Visage &#8211; 27g"},"content":{"rendered":"<p>&nbsp;<\/p>\n<div class=\"Y3BBE\" data-sfc-cp=\"\" data-hveid=\"CAEIARAA\" data-complete=\"true\" data-processed=\"true\"><strong>Ce\u00a0masque \u00e0 la niacinamide resserre les pores et apaise les rougeurs tout en lissant la peau gr\u00e2ce \u00e0 son effet frais.<\/strong><\/div>","protected":false},"excerpt":{"rendered":"<p><strong>Appliquez le masque sur peau tonifi\u00e9e, laissez poser 10 \u00e0 20 minutes, puis massez l&rsquo;exc\u00e9dent de s\u00e9rum.<\/strong><\/p>","protected":false},"featured_media":42632,"comment_status":"open","ping_status":"closed","template":"","meta":[],"product_brand":[1015,1058],"product_cat":[344,348,355,384,434],"product_tag":[],"class_list":{"0":"post-38080","1":"product","2":"type-product","3":"status-publish","4":"has-post-thumbnail","6":"product_brand-populare","7":"product_brand-medicube-populare","8":"product_cat-skincare","9":"product_cat-soin-concentre","10":"product_cat-masques","11":"product_cat-masques-en-feuille","12":"product_cat-nouveautes","14":"first","15":"instock","16":"sale","17":"shipping-taxable","18":"purchasable","19":"product-type-simple"},"_links":{"self":[{"href":"https:\/\/gangnambeaute.com\/ar\/wp-json\/wp\/v2\/product\/38080","targetHints":{"allow":["GET"]}}],"collection":[{"href":"https:\/\/gangnambeaute.com\/ar\/wp-json\/wp\/v2\/product"}],"about":[{"href":"https:\/\/gangnambeaute.com\/ar\/wp-json\/wp\/v2\/types\/product"}],"replies":[{"embeddable":true,"href":"https:\/\/gangnambeaute.com\/ar\/wp-json\/wp\/v2\/comments?post=38080"}],"version-history":[{"count":3,"href":"https:\/\/gangnambeaute.com\/ar\/wp-json\/wp\/v2\/product\/38080\/revisions"}],"predecessor-version":[{"id":42634,"href":"https:\/\/gangnambeaute.com\/ar\/wp-json\/wp\/v2\/product\/38080\/revisions\/42634"}],"wp:featuredmedia":[{"embeddable":true,"href":"https:\/\/gangnambeaute.com\/ar\/wp-json\/wp\/v2\/media\/42632"}],"wp:attachment":[{"href":"https:\/\/gangnambeaute.com\/ar\/wp-json\/wp\/v2\/media?parent=38080"}],"wp:term":[{"taxonomy":"product_brand","embeddable":true,"href":"https:\/\/gangnambeaute.com\/ar\/wp-json\/wp\/v2\/product_brand?post=38080"},{"taxonomy":"product_cat","embeddable":true,"href":"https:\/\/gangnambeaute.com\/ar\/wp-json\/wp\/v2\/product_cat?post=38080"},{"taxonomy":"product_tag","embeddable":true,"href":"https:\/\/gangnambeaute.com\/ar\/wp-json\/wp\/v2\/product_tag?post=38080"}],"curies":[{"name":"wp","href":"https:\/\/api.w.org\/{rel}","templated":true}]}}