{"id":38059,"date":"2026-01-26T13:42:49","date_gmt":"2026-01-26T13:42:49","guid":{"rendered":"https:\/\/gangnambeaute.com\/?post_type=product&#038;p=38059"},"modified":"2026-04-11T02:55:02","modified_gmt":"2026-04-11T02:55:02","slug":"medicube-one-day-exosome-shot-pore-ampoule-25000-ampoule-13ml","status":"publish","type":"product","link":"https:\/\/gangnambeaute.com\/ar\/product\/medicube-one-day-exosome-shot-pore-ampoule-25000-ampoule-13ml\/","title":{"rendered":"Medicube\u00a0&#8211;\u00a0One Day Exosome Shot Pore Ampoule 25000\u00a0&#8211; Ampoule &#8211; 13ml"},"content":{"rendered":"<p>&nbsp;<\/p>\n<p>&nbsp;<\/p>\n<p><strong>Ce s\u00e9rum aux exosomes p\u00e9n\u00e8tre instantan\u00e9ment pour resserrer les pores et booster l&rsquo;absorption de vos soins de 262 %, sans effet collant<\/strong><\/p>\n<p>&nbsp;<\/p>","protected":false},"excerpt":{"rendered":"<p><strong>Appliquez une quantit\u00e9 appropri\u00e9e de s\u00e9rum sur le visage et faites-le p\u00e9n\u00e9trer en pressant l\u00e9g\u00e8rement avec la main pour un meilleur r\u00e9sultat, une fois par semaine.<\/strong><\/p>","protected":false},"featured_media":42918,"comment_status":"open","ping_status":"closed","template":"","meta":[],"product_brand":[1015,1058],"product_cat":[344,348,369,434],"product_tag":[],"class_list":{"0":"post-38059","1":"product","2":"type-product","3":"status-publish","4":"has-post-thumbnail","6":"product_brand-populare","7":"product_brand-medicube-populare","8":"product_cat-skincare","9":"product_cat-soin-concentre","10":"product_cat-ampoules","11":"product_cat-nouveautes","13":"first","14":"outofstock","15":"sale","16":"shipping-taxable","17":"purchasable","18":"product-type-simple"},"_links":{"self":[{"href":"https:\/\/gangnambeaute.com\/ar\/wp-json\/wp\/v2\/product\/38059","targetHints":{"allow":["GET"]}}],"collection":[{"href":"https:\/\/gangnambeaute.com\/ar\/wp-json\/wp\/v2\/product"}],"about":[{"href":"https:\/\/gangnambeaute.com\/ar\/wp-json\/wp\/v2\/types\/product"}],"replies":[{"embeddable":true,"href":"https:\/\/gangnambeaute.com\/ar\/wp-json\/wp\/v2\/comments?post=38059"}],"version-history":[{"count":3,"href":"https:\/\/gangnambeaute.com\/ar\/wp-json\/wp\/v2\/product\/38059\/revisions"}],"predecessor-version":[{"id":42919,"href":"https:\/\/gangnambeaute.com\/ar\/wp-json\/wp\/v2\/product\/38059\/revisions\/42919"}],"wp:featuredmedia":[{"embeddable":true,"href":"https:\/\/gangnambeaute.com\/ar\/wp-json\/wp\/v2\/media\/42918"}],"wp:attachment":[{"href":"https:\/\/gangnambeaute.com\/ar\/wp-json\/wp\/v2\/media?parent=38059"}],"wp:term":[{"taxonomy":"product_brand","embeddable":true,"href":"https:\/\/gangnambeaute.com\/ar\/wp-json\/wp\/v2\/product_brand?post=38059"},{"taxonomy":"product_cat","embeddable":true,"href":"https:\/\/gangnambeaute.com\/ar\/wp-json\/wp\/v2\/product_cat?post=38059"},{"taxonomy":"product_tag","embeddable":true,"href":"https:\/\/gangnambeaute.com\/ar\/wp-json\/wp\/v2\/product_tag?post=38059"}],"curies":[{"name":"wp","href":"https:\/\/api.w.org\/{rel}","templated":true}]}}