{"id":38052,"date":"2026-01-26T13:34:24","date_gmt":"2026-01-26T13:34:24","guid":{"rendered":"https:\/\/gangnambeaute.com\/?post_type=product&#038;p=38052"},"modified":"2026-04-24T13:00:50","modified_gmt":"2026-04-24T13:00:50","slug":"medicube-collagen-glow-booster-serum-serum-visage-15ml","status":"publish","type":"product","link":"https:\/\/gangnambeaute.com\/ar\/product\/medicube-collagen-glow-booster-serum-serum-visage-15ml\/","title":{"rendered":"Medicube\u00a0&#8211;\u00a0Collagen Glow Booster Serum\u00a0&#8211; S\u00e9rum Visage &#8211; 15ml"},"content":{"rendered":"<p>&nbsp;<\/p>\n<div class=\"Y3BBE\" data-sfc-cp=\"\" data-hveid=\"CAEIARAA\" data-complete=\"true\" data-processed=\"true\"><strong>Ce\u00a0s\u00e9rum au collag\u00e8ne repulpe et raffermit la peau tout en offrant un \u00e9clat intense et une hydratation profonde.<\/strong><\/div>\n<div class=\"Fsg96\" data-sfc-cp=\"\" data-complete=\"true\" data-processed=\"true\"><\/div>","protected":false},"excerpt":{"rendered":"<p><strong>Appliquez quelques gouttes sur le visage propre, puis massez d\u00e9licatement jusqu&rsquo;\u00e0 absorption compl\u00e8te avant votre cr\u00e8me.<\/strong><\/p>","protected":false},"featured_media":44145,"comment_status":"open","ping_status":"closed","template":"","meta":[],"product_brand":[1015,1058],"product_cat":[344,348,368,432],"product_tag":[],"class_list":{"0":"post-38052","1":"product","2":"type-product","3":"status-publish","4":"has-post-thumbnail","6":"product_brand-populare","7":"product_brand-medicube-populare","8":"product_cat-skincare","9":"product_cat-soin-concentre","10":"product_cat-serums","11":"product_cat-meilleurs-ventes","13":"first","14":"instock","15":"sale","16":"shipping-taxable","17":"purchasable","18":"product-type-simple"},"_links":{"self":[{"href":"https:\/\/gangnambeaute.com\/ar\/wp-json\/wp\/v2\/product\/38052","targetHints":{"allow":["GET"]}}],"collection":[{"href":"https:\/\/gangnambeaute.com\/ar\/wp-json\/wp\/v2\/product"}],"about":[{"href":"https:\/\/gangnambeaute.com\/ar\/wp-json\/wp\/v2\/types\/product"}],"replies":[{"embeddable":true,"href":"https:\/\/gangnambeaute.com\/ar\/wp-json\/wp\/v2\/comments?post=38052"}],"version-history":[{"count":4,"href":"https:\/\/gangnambeaute.com\/ar\/wp-json\/wp\/v2\/product\/38052\/revisions"}],"predecessor-version":[{"id":42637,"href":"https:\/\/gangnambeaute.com\/ar\/wp-json\/wp\/v2\/product\/38052\/revisions\/42637"}],"wp:featuredmedia":[{"embeddable":true,"href":"https:\/\/gangnambeaute.com\/ar\/wp-json\/wp\/v2\/media\/44145"}],"wp:attachment":[{"href":"https:\/\/gangnambeaute.com\/ar\/wp-json\/wp\/v2\/media?parent=38052"}],"wp:term":[{"taxonomy":"product_brand","embeddable":true,"href":"https:\/\/gangnambeaute.com\/ar\/wp-json\/wp\/v2\/product_brand?post=38052"},{"taxonomy":"product_cat","embeddable":true,"href":"https:\/\/gangnambeaute.com\/ar\/wp-json\/wp\/v2\/product_cat?post=38052"},{"taxonomy":"product_tag","embeddable":true,"href":"https:\/\/gangnambeaute.com\/ar\/wp-json\/wp\/v2\/product_tag?post=38052"}],"curies":[{"name":"wp","href":"https:\/\/api.w.org\/{rel}","templated":true}]}}