{"id":38025,"date":"2026-01-26T12:38:38","date_gmt":"2026-01-26T12:38:38","guid":{"rendered":"https:\/\/gangnambeaute.com\/?post_type=product&#038;p=38025"},"modified":"2026-04-24T14:27:54","modified_gmt":"2026-04-24T14:27:54","slug":"medicube-collagen-jelly-cream-gel-creme-110ml","status":"publish","type":"product","link":"https:\/\/gangnambeaute.com\/ar\/product\/medicube-collagen-jelly-cream-gel-creme-110ml\/","title":{"rendered":"Medicube \u2013 Collagen Jelly Cream \u2013 Gel-cr\u00e8me \u2013 110ml"},"content":{"rendered":"<p>&nbsp;<\/p>\n<p><strong>Ce gel-cr\u00e8me au collag\u00e8ne pur \u00e0 98% et \u00e0 l&rsquo;acide hyaluronique lifte, raffermit et hydrate intens\u00e9ment votre peau pour un \u00e9clat naturel imm\u00e9diat.<\/strong><\/p>\n<p>&nbsp;<\/p>","protected":false},"excerpt":{"rendered":"<p><strong>Lors de la derni\u00e8re \u00e9tape de votre routine de nuit, appliquez une quantit\u00e9 mod\u00e9r\u00e9e de produit sur l\u2019ensemble de votre visage. Tapotez d\u00e9licatement pour une meilleure absorption.<\/strong><\/p>","protected":false},"featured_media":44365,"comment_status":"open","ping_status":"closed","template":"","meta":[],"product_brand":[1015,1058],"product_cat":[344,348,370,434],"product_tag":[],"class_list":{"0":"post-38025","1":"product","2":"type-product","3":"status-publish","4":"has-post-thumbnail","6":"product_brand-populare","7":"product_brand-medicube-populare","8":"product_cat-skincare","9":"product_cat-soin-concentre","10":"product_cat-cremes","11":"product_cat-nouveautes","13":"first","14":"outofstock","15":"sale","16":"shipping-taxable","17":"purchasable","18":"product-type-simple"},"_links":{"self":[{"href":"https:\/\/gangnambeaute.com\/ar\/wp-json\/wp\/v2\/product\/38025","targetHints":{"allow":["GET"]}}],"collection":[{"href":"https:\/\/gangnambeaute.com\/ar\/wp-json\/wp\/v2\/product"}],"about":[{"href":"https:\/\/gangnambeaute.com\/ar\/wp-json\/wp\/v2\/types\/product"}],"replies":[{"embeddable":true,"href":"https:\/\/gangnambeaute.com\/ar\/wp-json\/wp\/v2\/comments?post=38025"}],"version-history":[{"count":3,"href":"https:\/\/gangnambeaute.com\/ar\/wp-json\/wp\/v2\/product\/38025\/revisions"}],"predecessor-version":[{"id":42922,"href":"https:\/\/gangnambeaute.com\/ar\/wp-json\/wp\/v2\/product\/38025\/revisions\/42922"}],"wp:featuredmedia":[{"embeddable":true,"href":"https:\/\/gangnambeaute.com\/ar\/wp-json\/wp\/v2\/media\/44365"}],"wp:attachment":[{"href":"https:\/\/gangnambeaute.com\/ar\/wp-json\/wp\/v2\/media?parent=38025"}],"wp:term":[{"taxonomy":"product_brand","embeddable":true,"href":"https:\/\/gangnambeaute.com\/ar\/wp-json\/wp\/v2\/product_brand?post=38025"},{"taxonomy":"product_cat","embeddable":true,"href":"https:\/\/gangnambeaute.com\/ar\/wp-json\/wp\/v2\/product_cat?post=38025"},{"taxonomy":"product_tag","embeddable":true,"href":"https:\/\/gangnambeaute.com\/ar\/wp-json\/wp\/v2\/product_tag?post=38025"}],"curies":[{"name":"wp","href":"https:\/\/api.w.org\/{rel}","templated":true}]}}