{"id":38012,"date":"2026-01-26T12:24:58","date_gmt":"2026-01-26T12:24:58","guid":{"rendered":"https:\/\/gangnambeaute.com\/?post_type=product&#038;p=38012"},"modified":"2026-04-11T02:54:59","modified_gmt":"2026-04-11T02:54:59","slug":"medicube-zero-pore-blackhead-deep-cleansing-oil-huile-nettoyante-205ml","status":"publish","type":"product","link":"https:\/\/gangnambeaute.com\/ar\/product\/medicube-zero-pore-blackhead-deep-cleansing-oil-huile-nettoyante-205ml\/","title":{"rendered":"Medicube\u00a0&#8211;\u00a0Zero Pore Blackhead Deep Cleansing Oil &#8211; Huile Nettoyante &#8211; 205ml"},"content":{"rendered":"<p>&nbsp;<\/p>\n<div class=\"Y3BBE\" data-sfc-cp=\"\" data-hveid=\"CAEIARAA\" data-complete=\"true\" data-processed=\"true\"><strong>Cette\u00a0huile v\u00e9g\u00e9tale dissout le maquillage et les points noirs tout en hydratant la peau avec sa texture lait l\u00e9g\u00e8re.<\/strong><\/div>","protected":false},"excerpt":{"rendered":"<p><strong>Appliquez l&rsquo;huile sur visage sec, massez pour dissoudre le maquillage, puis rincez \u00e0 l&rsquo;eau ti\u00e8de pour la transformer en lait.<\/strong><\/p>","protected":false},"featured_media":42649,"comment_status":"open","ping_status":"closed","template":"","meta":[],"product_brand":[1015,1058],"product_cat":[344,346,348,357,434],"product_tag":[],"class_list":{"0":"post-38012","1":"product","2":"type-product","3":"status-publish","4":"has-post-thumbnail","6":"product_brand-populare","7":"product_brand-medicube-populare","8":"product_cat-skincare","9":"product_cat-nettoyants","10":"product_cat-soin-concentre","11":"product_cat-huiles-nettoyantes","12":"product_cat-nouveautes","14":"first","15":"outofstock","16":"sale","17":"shipping-taxable","18":"purchasable","19":"product-type-simple"},"_links":{"self":[{"href":"https:\/\/gangnambeaute.com\/ar\/wp-json\/wp\/v2\/product\/38012","targetHints":{"allow":["GET"]}}],"collection":[{"href":"https:\/\/gangnambeaute.com\/ar\/wp-json\/wp\/v2\/product"}],"about":[{"href":"https:\/\/gangnambeaute.com\/ar\/wp-json\/wp\/v2\/types\/product"}],"replies":[{"embeddable":true,"href":"https:\/\/gangnambeaute.com\/ar\/wp-json\/wp\/v2\/comments?post=38012"}],"version-history":[{"count":3,"href":"https:\/\/gangnambeaute.com\/ar\/wp-json\/wp\/v2\/product\/38012\/revisions"}],"predecessor-version":[{"id":42650,"href":"https:\/\/gangnambeaute.com\/ar\/wp-json\/wp\/v2\/product\/38012\/revisions\/42650"}],"wp:featuredmedia":[{"embeddable":true,"href":"https:\/\/gangnambeaute.com\/ar\/wp-json\/wp\/v2\/media\/42649"}],"wp:attachment":[{"href":"https:\/\/gangnambeaute.com\/ar\/wp-json\/wp\/v2\/media?parent=38012"}],"wp:term":[{"taxonomy":"product_brand","embeddable":true,"href":"https:\/\/gangnambeaute.com\/ar\/wp-json\/wp\/v2\/product_brand?post=38012"},{"taxonomy":"product_cat","embeddable":true,"href":"https:\/\/gangnambeaute.com\/ar\/wp-json\/wp\/v2\/product_cat?post=38012"},{"taxonomy":"product_tag","embeddable":true,"href":"https:\/\/gangnambeaute.com\/ar\/wp-json\/wp\/v2\/product_tag?post=38012"}],"curies":[{"name":"wp","href":"https:\/\/api.w.org\/{rel}","templated":true}]}}