{"id":37998,"date":"2026-01-24T15:29:58","date_gmt":"2026-01-24T15:29:58","guid":{"rendered":"https:\/\/gangnambeaute.com\/?post_type=product&#038;p=37998"},"modified":"2026-04-13T13:26:39","modified_gmt":"2026-04-13T13:26:39","slug":"medicube-deep-lifting-peptide-eye-cream-creme-des-yeux-30ml","status":"publish","type":"product","link":"https:\/\/gangnambeaute.com\/ar\/product\/medicube-deep-lifting-peptide-eye-cream-creme-des-yeux-30ml\/","title":{"rendered":"Medicube &#8211; Deep Lifting Peptide Eye Cream &#8211; Cr\u00e8me des yeux &#8211; 30ml"},"content":{"rendered":"<p>&nbsp;<\/p>\n<p><strong>Cette cr\u00e8me aux peptides raffermit le contour des yeux, lisse les rides et hydrate intens\u00e9ment gr\u00e2ce \u00e0 l&rsquo;acide hyaluronique<\/strong><\/p>\n<p>&nbsp;<\/p>","protected":false},"excerpt":{"rendered":"<p><strong>Appliquez la cr\u00e8me en tapotant sur le contour des yeux ou sur tout le visage en derni\u00e8re \u00e9tape de votre routine.<\/strong><\/p>","protected":false},"featured_media":44218,"comment_status":"open","ping_status":"closed","template":"","meta":[],"product_brand":[1015,1058],"product_cat":[348,353,370,379,434,435],"product_tag":[666],"class_list":{"0":"post-37998","1":"product","2":"type-product","3":"status-publish","4":"has-post-thumbnail","6":"product_brand-populare","7":"product_brand-medicube-populare","8":"product_cat-soin-concentre","9":"product_cat-soins-des-yeux","10":"product_cat-cremes","11":"product_cat-creme-contour-des-yeux","12":"product_cat-nouveautes","13":"product_cat-retour-en-stock","14":"product_tag-coupcoeur","16":"first","17":"instock","18":"sale","19":"shipping-taxable","20":"purchasable","21":"product-type-simple"},"_links":{"self":[{"href":"https:\/\/gangnambeaute.com\/ar\/wp-json\/wp\/v2\/product\/37998","targetHints":{"allow":["GET"]}}],"collection":[{"href":"https:\/\/gangnambeaute.com\/ar\/wp-json\/wp\/v2\/product"}],"about":[{"href":"https:\/\/gangnambeaute.com\/ar\/wp-json\/wp\/v2\/types\/product"}],"replies":[{"embeddable":true,"href":"https:\/\/gangnambeaute.com\/ar\/wp-json\/wp\/v2\/comments?post=37998"}],"version-history":[{"count":3,"href":"https:\/\/gangnambeaute.com\/ar\/wp-json\/wp\/v2\/product\/37998\/revisions"}],"predecessor-version":[{"id":42651,"href":"https:\/\/gangnambeaute.com\/ar\/wp-json\/wp\/v2\/product\/37998\/revisions\/42651"}],"wp:featuredmedia":[{"embeddable":true,"href":"https:\/\/gangnambeaute.com\/ar\/wp-json\/wp\/v2\/media\/44218"}],"wp:attachment":[{"href":"https:\/\/gangnambeaute.com\/ar\/wp-json\/wp\/v2\/media?parent=37998"}],"wp:term":[{"taxonomy":"product_brand","embeddable":true,"href":"https:\/\/gangnambeaute.com\/ar\/wp-json\/wp\/v2\/product_brand?post=37998"},{"taxonomy":"product_cat","embeddable":true,"href":"https:\/\/gangnambeaute.com\/ar\/wp-json\/wp\/v2\/product_cat?post=37998"},{"taxonomy":"product_tag","embeddable":true,"href":"https:\/\/gangnambeaute.com\/ar\/wp-json\/wp\/v2\/product_tag?post=37998"}],"curies":[{"name":"wp","href":"https:\/\/api.w.org\/{rel}","templated":true}]}}