{"id":37986,"date":"2026-01-24T15:12:28","date_gmt":"2026-01-24T15:12:28","guid":{"rendered":"https:\/\/gangnambeaute.com\/?post_type=product&#038;p=37986"},"modified":"2026-04-24T14:39:13","modified_gmt":"2026-04-24T14:39:13","slug":"medicube-triple-collagen-toner-tonique-visage-140ml","status":"publish","type":"product","link":"https:\/\/gangnambeaute.com\/ar\/product\/medicube-triple-collagen-toner-tonique-visage-140ml\/","title":{"rendered":"Medicube\u00a0&#8211;\u00a0Triple Collagen Toner &#8211; Tonique Visage &#8211; 140ml"},"content":{"rendered":"<p>&nbsp;<\/p>\n<div class=\"Y3BBE\" data-sfc-cp=\"\" data-hveid=\"CAEIARAA\" data-complete=\"true\" data-processed=\"true\"><strong>Ce\u00a0tonique au triple collag\u00e8ne hydrate en profondeur, repulpe la peau et am\u00e9liore son \u00e9lasticit\u00e9 pour un teint lisse et radieux.<\/strong><\/div>","protected":false},"excerpt":{"rendered":"<p><strong>Appliquez sur visage propre en tapotant doucement ou m\u00e9langez-le \u00e0 votre fond de teint pour un fini \u00e9clatant.<\/strong><\/p>","protected":false},"featured_media":44369,"comment_status":"open","ping_status":"closed","template":"","meta":[],"product_brand":[1015,1058],"product_cat":[344,348,366,434,435],"product_tag":[],"class_list":{"0":"post-37986","1":"product","2":"type-product","3":"status-publish","4":"has-post-thumbnail","6":"product_brand-populare","7":"product_brand-medicube-populare","8":"product_cat-skincare","9":"product_cat-soin-concentre","10":"product_cat-toniques-hydratants-toniques","11":"product_cat-nouveautes","12":"product_cat-retour-en-stock","14":"first","15":"outofstock","16":"sale","17":"shipping-taxable","18":"purchasable","19":"product-type-simple"},"_links":{"self":[{"href":"https:\/\/gangnambeaute.com\/ar\/wp-json\/wp\/v2\/product\/37986","targetHints":{"allow":["GET"]}}],"collection":[{"href":"https:\/\/gangnambeaute.com\/ar\/wp-json\/wp\/v2\/product"}],"about":[{"href":"https:\/\/gangnambeaute.com\/ar\/wp-json\/wp\/v2\/types\/product"}],"replies":[{"embeddable":true,"href":"https:\/\/gangnambeaute.com\/ar\/wp-json\/wp\/v2\/comments?post=37986"}],"version-history":[{"count":3,"href":"https:\/\/gangnambeaute.com\/ar\/wp-json\/wp\/v2\/product\/37986\/revisions"}],"predecessor-version":[{"id":42659,"href":"https:\/\/gangnambeaute.com\/ar\/wp-json\/wp\/v2\/product\/37986\/revisions\/42659"}],"wp:featuredmedia":[{"embeddable":true,"href":"https:\/\/gangnambeaute.com\/ar\/wp-json\/wp\/v2\/media\/44369"}],"wp:attachment":[{"href":"https:\/\/gangnambeaute.com\/ar\/wp-json\/wp\/v2\/media?parent=37986"}],"wp:term":[{"taxonomy":"product_brand","embeddable":true,"href":"https:\/\/gangnambeaute.com\/ar\/wp-json\/wp\/v2\/product_brand?post=37986"},{"taxonomy":"product_cat","embeddable":true,"href":"https:\/\/gangnambeaute.com\/ar\/wp-json\/wp\/v2\/product_cat?post=37986"},{"taxonomy":"product_tag","embeddable":true,"href":"https:\/\/gangnambeaute.com\/ar\/wp-json\/wp\/v2\/product_tag?post=37986"}],"curies":[{"name":"wp","href":"https:\/\/api.w.org\/{rel}","templated":true}]}}