{"id":37970,"date":"2026-01-24T14:36:34","date_gmt":"2026-01-24T14:36:34","guid":{"rendered":"https:\/\/gangnambeaute.com\/?post_type=product&#038;p=37970"},"modified":"2026-04-24T14:44:35","modified_gmt":"2026-04-24T14:44:35","slug":"medicube-pdrn-pink-cica-soothing-toner-tonique-visage-250ml","status":"publish","type":"product","link":"https:\/\/gangnambeaute.com\/ar\/product\/medicube-pdrn-pink-cica-soothing-toner-tonique-visage-250ml\/","title":{"rendered":"Medicube\u00a0&#8211;\u00a0PDRN Pink Cica Soothing Toner &#8211; Tonique Visage &#8211; 250ml"},"content":{"rendered":"<p>&nbsp;<\/p>\n<div class=\"Y3BBE\" data-sfc-cp=\"\" data-hveid=\"CAEIARAA\" data-complete=\"true\" data-processed=\"true\"><strong>Ce\u00a0tonique au PDRN de saumon r\u00e9pare la barri\u00e8re cutan\u00e9e et illumine intens\u00e9ment le teint terne d\u00e8s la premi\u00e8re \u00e9tape du soin.<\/strong><\/div>\n<div class=\"Fsg96\" data-sfc-cp=\"\" data-complete=\"true\" data-processed=\"true\"><\/div>\n<p>&nbsp;<\/p>","protected":false},"excerpt":{"rendered":"<p><strong>Appliquez la lotion en tapotant directement sur le visage ou utilisez un coton imbib\u00e9 pour un soin cibl\u00e9 plus intense.<\/strong><\/p>","protected":false},"featured_media":44372,"comment_status":"open","ping_status":"closed","template":"","meta":[],"product_brand":[1015,1058],"product_cat":[344,347,348,366,434],"product_tag":[],"class_list":{"0":"post-37970","1":"product","2":"type-product","3":"status-publish","4":"has-post-thumbnail","6":"product_brand-populare","7":"product_brand-medicube-populare","8":"product_cat-skincare","9":"product_cat-toniques","10":"product_cat-soin-concentre","11":"product_cat-toniques-hydratants-toniques","12":"product_cat-nouveautes","14":"first","15":"outofstock","16":"sale","17":"shipping-taxable","18":"purchasable","19":"product-type-simple"},"_links":{"self":[{"href":"https:\/\/gangnambeaute.com\/ar\/wp-json\/wp\/v2\/product\/37970","targetHints":{"allow":["GET"]}}],"collection":[{"href":"https:\/\/gangnambeaute.com\/ar\/wp-json\/wp\/v2\/product"}],"about":[{"href":"https:\/\/gangnambeaute.com\/ar\/wp-json\/wp\/v2\/types\/product"}],"replies":[{"embeddable":true,"href":"https:\/\/gangnambeaute.com\/ar\/wp-json\/wp\/v2\/comments?post=37970"}],"version-history":[{"count":3,"href":"https:\/\/gangnambeaute.com\/ar\/wp-json\/wp\/v2\/product\/37970\/revisions"}],"predecessor-version":[{"id":42662,"href":"https:\/\/gangnambeaute.com\/ar\/wp-json\/wp\/v2\/product\/37970\/revisions\/42662"}],"wp:featuredmedia":[{"embeddable":true,"href":"https:\/\/gangnambeaute.com\/ar\/wp-json\/wp\/v2\/media\/44372"}],"wp:attachment":[{"href":"https:\/\/gangnambeaute.com\/ar\/wp-json\/wp\/v2\/media?parent=37970"}],"wp:term":[{"taxonomy":"product_brand","embeddable":true,"href":"https:\/\/gangnambeaute.com\/ar\/wp-json\/wp\/v2\/product_brand?post=37970"},{"taxonomy":"product_cat","embeddable":true,"href":"https:\/\/gangnambeaute.com\/ar\/wp-json\/wp\/v2\/product_cat?post=37970"},{"taxonomy":"product_tag","embeddable":true,"href":"https:\/\/gangnambeaute.com\/ar\/wp-json\/wp\/v2\/product_tag?post=37970"}],"curies":[{"name":"wp","href":"https:\/\/api.w.org\/{rel}","templated":true}]}}