{"id":37958,"date":"2026-01-24T14:19:32","date_gmt":"2026-01-24T14:19:32","guid":{"rendered":"https:\/\/gangnambeaute.com\/?post_type=product&#038;p=37958"},"modified":"2026-04-11T02:54:57","modified_gmt":"2026-04-11T02:54:57","slug":"medicube-pdrn-collagen-glow-jelly-serum-serum-visage-30ml","status":"publish","type":"product","link":"https:\/\/gangnambeaute.com\/ar\/product\/medicube-pdrn-collagen-glow-jelly-serum-serum-visage-30ml\/","title":{"rendered":"Medicube\u00a0&#8211;\u00a0PDRN Collagen Glow Jelly Serum &#8211; S\u00e9rum Visage &#8211; 30ml"},"content":{"rendered":"<p>&nbsp;<\/p>\n<p>&nbsp;<\/p>\n<p><strong>Ce s\u00e9rum au PDRN de saumon et collag\u00e8ne repulpe et revitalise intens\u00e9ment la peau pour une fermet\u00e9 et un \u00e9clat visiblement am\u00e9lior\u00e9s de 35 %.<\/strong><\/p>\n<p>&nbsp;<\/p>","protected":false},"excerpt":{"rendered":"<p><strong>Appliquez quelques gouttes sur votre visage propre et massez jusqu&rsquo;\u00e0 absorption avant votre cr\u00e8me.<\/strong><\/p>","protected":false},"featured_media":41934,"comment_status":"open","ping_status":"closed","template":"","meta":[],"product_brand":[1015,1058],"product_cat":[344,348,368,434],"product_tag":[],"class_list":{"0":"post-37958","1":"product","2":"type-product","3":"status-publish","4":"has-post-thumbnail","6":"product_brand-populare","7":"product_brand-medicube-populare","8":"product_cat-skincare","9":"product_cat-soin-concentre","10":"product_cat-serums","11":"product_cat-nouveautes","13":"first","14":"outofstock","15":"sale","16":"shipping-taxable","17":"purchasable","18":"product-type-simple"},"_links":{"self":[{"href":"https:\/\/gangnambeaute.com\/ar\/wp-json\/wp\/v2\/product\/37958","targetHints":{"allow":["GET"]}}],"collection":[{"href":"https:\/\/gangnambeaute.com\/ar\/wp-json\/wp\/v2\/product"}],"about":[{"href":"https:\/\/gangnambeaute.com\/ar\/wp-json\/wp\/v2\/types\/product"}],"replies":[{"embeddable":true,"href":"https:\/\/gangnambeaute.com\/ar\/wp-json\/wp\/v2\/comments?post=37958"}],"version-history":[{"count":3,"href":"https:\/\/gangnambeaute.com\/ar\/wp-json\/wp\/v2\/product\/37958\/revisions"}],"predecessor-version":[{"id":42932,"href":"https:\/\/gangnambeaute.com\/ar\/wp-json\/wp\/v2\/product\/37958\/revisions\/42932"}],"wp:featuredmedia":[{"embeddable":true,"href":"https:\/\/gangnambeaute.com\/ar\/wp-json\/wp\/v2\/media\/41934"}],"wp:attachment":[{"href":"https:\/\/gangnambeaute.com\/ar\/wp-json\/wp\/v2\/media?parent=37958"}],"wp:term":[{"taxonomy":"product_brand","embeddable":true,"href":"https:\/\/gangnambeaute.com\/ar\/wp-json\/wp\/v2\/product_brand?post=37958"},{"taxonomy":"product_cat","embeddable":true,"href":"https:\/\/gangnambeaute.com\/ar\/wp-json\/wp\/v2\/product_cat?post=37958"},{"taxonomy":"product_tag","embeddable":true,"href":"https:\/\/gangnambeaute.com\/ar\/wp-json\/wp\/v2\/product_tag?post=37958"}],"curies":[{"name":"wp","href":"https:\/\/api.w.org\/{rel}","templated":true}]}}