{"id":37937,"date":"2026-01-24T13:30:57","date_gmt":"2026-01-24T13:30:57","guid":{"rendered":"https:\/\/gangnambeaute.com\/?post_type=product&#038;p=37937"},"modified":"2026-04-11T02:54:56","modified_gmt":"2026-04-11T02:54:56","slug":"medicube-zero-pore-moisture-sun-serum-spf50-pa-50ml","status":"publish","type":"product","link":"https:\/\/gangnambeaute.com\/ar\/product\/medicube-zero-pore-moisture-sun-serum-spf50-pa-50ml\/","title":{"rendered":"Medicube Zero Pore Moisture Sun Serum SPF50+ PA+- 50ml"},"content":{"rendered":"<p><strong>Cette protection solaire \u00e0 l&rsquo;acide hyaluronique prot\u00e8ge efficacement des UV tout en hydratant et apaisant les peaux sensibles sans boucher les pores.<\/strong><\/p>","protected":false},"excerpt":{"rendered":"<p><strong>Appliquez g\u00e9n\u00e9reusement sur le visage et le cou comme derni\u00e8re \u00e9tape de votre routine matinale, 15 minutes avant l&rsquo;exposition au soleil<\/strong><\/p>","protected":false},"featured_media":42676,"comment_status":"open","ping_status":"closed","template":"","meta":[],"product_brand":[1015,1058],"product_cat":[344,348,352,368,376],"product_tag":[],"class_list":{"0":"post-37937","1":"product","2":"type-product","3":"status-publish","4":"has-post-thumbnail","6":"product_brand-populare","7":"product_brand-medicube-populare","8":"product_cat-skincare","9":"product_cat-soin-concentre","10":"product_cat-soins-solaires","11":"product_cat-serums","12":"product_cat-ecrans","14":"first","15":"outofstock","16":"sale","17":"shipping-taxable","18":"purchasable","19":"product-type-simple"},"_links":{"self":[{"href":"https:\/\/gangnambeaute.com\/ar\/wp-json\/wp\/v2\/product\/37937","targetHints":{"allow":["GET"]}}],"collection":[{"href":"https:\/\/gangnambeaute.com\/ar\/wp-json\/wp\/v2\/product"}],"about":[{"href":"https:\/\/gangnambeaute.com\/ar\/wp-json\/wp\/v2\/types\/product"}],"replies":[{"embeddable":true,"href":"https:\/\/gangnambeaute.com\/ar\/wp-json\/wp\/v2\/comments?post=37937"}],"version-history":[{"count":3,"href":"https:\/\/gangnambeaute.com\/ar\/wp-json\/wp\/v2\/product\/37937\/revisions"}],"predecessor-version":[{"id":42674,"href":"https:\/\/gangnambeaute.com\/ar\/wp-json\/wp\/v2\/product\/37937\/revisions\/42674"}],"wp:featuredmedia":[{"embeddable":true,"href":"https:\/\/gangnambeaute.com\/ar\/wp-json\/wp\/v2\/media\/42676"}],"wp:attachment":[{"href":"https:\/\/gangnambeaute.com\/ar\/wp-json\/wp\/v2\/media?parent=37937"}],"wp:term":[{"taxonomy":"product_brand","embeddable":true,"href":"https:\/\/gangnambeaute.com\/ar\/wp-json\/wp\/v2\/product_brand?post=37937"},{"taxonomy":"product_cat","embeddable":true,"href":"https:\/\/gangnambeaute.com\/ar\/wp-json\/wp\/v2\/product_cat?post=37937"},{"taxonomy":"product_tag","embeddable":true,"href":"https:\/\/gangnambeaute.com\/ar\/wp-json\/wp\/v2\/product_tag?post=37937"}],"curies":[{"name":"wp","href":"https:\/\/api.w.org\/{rel}","templated":true}]}}